{"id":18532,"date":"2023-11-27T18:11:24","date_gmt":"2023-11-27T18:11:24","guid":{"rendered":"https:\/\/blackcatseo.ca\/seo-agency-in-longueuil\/"},"modified":"2023-11-27T18:11:24","modified_gmt":"2023-11-27T18:11:24","slug":"seo-agency-in-longueuil","status":"publish","type":"page","link":"https:\/\/blackcatseo.ca\/en\/seo-agency-in-longueuil\/","title":{"rendered":"SEO Agency in Longueuil"},"content":{"rendered":"<div style='text-align:left' class='yasr-auto-insert-overall'><\/div><p>Our SEO agency in Longueuil has been helping companies increase their web marketing performance since 2014!<\/p>\n<p>Longueuil is a major city in Quebec located on the south shore of the St. Lawrence River. With more than 254,000 inhabitants, it is the<sup>5th<\/sup> most populous city in Quebec, and its population continues to grow. In fact, from 2016 to 2021, the number of local populations increased by 6.1%. This attraction is not surprising given the economic attractiveness of the city, your web presence, and a competent SEO agency is important for the following reasons:<\/p>\n<ul>\n<li>Longueuil is <strong>Quebec&#8217;s leading manufacturing <\/strong>region in terms of investment in the region;<\/li>\n<li>The <strong>location of the city is a real &#8220;asset&#8221;.<\/strong> Indeed, because of its proximity to Montreal, many companies in need of skilled labour want to set up there. In addition, its proximity to the U.S. border favors the establishment of foreign multinationals;<\/li>\n<li><strong>High-level education is at the city&#8217;s doorstep<\/strong>: there are many teaching and research institutions in Longueuil, including the Universit\u00e9 de Sherbrooke, the Universit\u00e9 du Qu\u00e9bec and the Centre universitaire de formation en environnement et d\u00e9veloppement durable;<\/li>\n<li>Companies operating in the agglomeration can <strong>access specialized resources<\/strong> to advance their projects. Some of the R&amp;D organizations on site include the Canadian Space Agency, the National Research Council of Canada and the Institute for Agri-Environmental Research and Development.<\/li>\n<\/ul>\n<p>All these strengths make Longueuil a very interesting city to set up a business. But how do you go about gaining market share, standing out and acquiring more customers? Improve the referencing of your company&#8217;s website and set up web and SEO campaigns at the level of your competition.<\/p>\n<p><img decoding=\"async\" class=\"lazyload size-full wp-image-4143 aligncenter\" src=\"https:\/\/blackcatseo.ca\/wp-content\/uploads\/analytics-traffic-imac.png\" data-orig-src=\"https:\/\/blackcatseo.ca\/wp-content\/uploads\/analytics-traffic-imac.png\" alt=\"\" width=\"480\" height=\"441\" srcset=\"data:image\/svg+xml,%3Csvg%20xmlns%3D%27http%3A%2F%2Fwww.w3.org%2F2000%2Fsvg%27%20width%3D%27480%27%20height%3D%27441%27%20viewBox%3D%270%200%20480%20441%27%3E%3Crect%20width%3D%27480%27%20height%3D%27441%27%20fill-opacity%3D%220%22%2F%3E%3C%2Fsvg%3E\" data-srcset=\"https:\/\/blackcatseo.ca\/wp-content\/uploads\/analytics-traffic-imac-200x184.png 200w, https:\/\/blackcatseo.ca\/wp-content\/uploads\/analytics-traffic-imac-300x276.png 300w, https:\/\/blackcatseo.ca\/wp-content\/uploads\/analytics-traffic-imac-400x368.png 400w, https:\/\/blackcatseo.ca\/wp-content\/uploads\/analytics-traffic-imac.png 480w\" data-sizes=\"auto\" data-orig-sizes=\"(max-width: 480px) 100vw, 480px\" \/><\/p>\n<h2>A high-performance website: an effective development lever for your business in Longueuil<\/h2>\n<p>For a company, investing in a high-quality website is a real vector for development. This is mainly due to the fact that the rise of the internet has changed consumer behaviour. The following figures should be enough to convince you that it is imperative for a company to have a website:<\/p>\n<ul>\n<li>A study by NordVPN highlights that <strong>Canadians spend more than 22 years, two months, and 12 days online<\/strong> in their lifetime;<\/li>\n<li>In a typical week, Canadian internet users spend at least 49 hours surfing the web, which equates to more than <strong>2 days a week<\/strong>, <strong>104 days<\/strong> in a year;<\/li>\n<li>A Canadian spends <strong>2 hours 31 minutes per week <\/strong><strong>shopping online;<\/strong><\/li>\n<li>More than 90% of customers search the web before purchasing a product.<\/li>\n<\/ul>\n<p>Having a high-performance website is therefore a way to make your products and services accessible to almost the entire Canadian population 7 days a week and 24 hours a day. Today, more than 95% of Canadians aged 15 and over use the Internet use the Internet.<\/p>\n<h2>Making your site efficient: the purpose of SEO<\/h2>\n<p>The question that arises is <strong>how to make a website efficient<\/strong> ? You just have to optimize it by applying SEO best practices. It is important to understand that a <strong>successful<\/strong> site is first and foremost a <strong>site ranked in the first ranks <\/strong>of search engine results.<\/p>\n<p>What&#8217;s the point of having a site that loads quickly if no one can access it? What&#8217;s the point of a site with quality content if no one can find it by searching?<\/p>\n<p>On the contrary, owning a website ranked in the first ranks of search results offers you <strong>many advantages<\/strong> :<\/p>\n<ul>\n<li>The opportunity <strong>to position yourself as an expert<\/strong> in your field and attract at least 55% more visitors;<\/li>\n<li>The ability <strong>to sell to more than 31 million <\/strong>Canadians (ratio of the number of Canadians to the percentage of Canadians who made an online purchase in 2021).<\/li>\n<\/ul>\n<p><img decoding=\"async\" class=\"lazyload size-full wp-image-3985 alignright\" src=\"https:\/\/blackcatseo.ca\/wp-content\/uploads\/trafic-seo-et-google.jpg\" data-orig-src=\"https:\/\/blackcatseo.ca\/wp-content\/uploads\/trafic-seo-et-google.jpg\" alt=\"\" width=\"580\" height=\"388\" srcset=\"data:image\/svg+xml,%3Csvg%20xmlns%3D%27http%3A%2F%2Fwww.w3.org%2F2000%2Fsvg%27%20width%3D%27580%27%20height%3D%27388%27%20viewBox%3D%270%200%20580%20388%27%3E%3Crect%20width%3D%27580%27%20height%3D%27388%27%20fill-opacity%3D%220%22%2F%3E%3C%2Fsvg%3E\" data-srcset=\"https:\/\/blackcatseo.ca\/wp-content\/uploads\/trafic-seo-et-google-300x200.jpg 300w, https:\/\/blackcatseo.ca\/wp-content\/uploads\/trafic-seo-et-google.jpg 580w\" data-sizes=\"auto\" data-orig-sizes=\"(max-width: 580px) 100vw, 580px\" \/><\/p>\n<h2>Our SEO services to improve the performance and referencing of your site<\/h2>\n<p>Our SEO agency in Longueuil has the means and expertise to improve the SEO of your site, regardless of your sector. We offer several services for this purpose.<\/p>\n<h3>Unbiased and relevant SEO audit<\/h3>\n<p>Before carrying out SEO actions on a website, we carry out a complete SEO analysis that will allow us to determine:<\/p>\n<ul>\n<li>The <strong>behavior of web browsers<\/strong> in response to signals sent by your site;<\/li>\n<li>The <strong>ergonomics of your site<\/strong>, i.e. its usefulness, usability, quality of design, visual hierarchy, user experience, etc. ;<\/li>\n<li>The <strong>number of sites approving your content<\/strong> (through an analysis of inbound links and brand awareness).<\/li>\n<\/ul>\n<p>The goal is to have a clear understanding of your site&#8217;s situation and identify its strengths and weaknesses in terms of positioning, but also in relation to your competitors.<\/p>\n<h3>Keyword analysis and choice<\/h3>\n<p>Keyword work is the heart of developing an SEO strategy. Indeed, the analysis and choice of keywords have a very important impact on all the other SEO actions to be carried out, whether in terms of the choice of content or in terms of their promotions.<\/p>\n<p>Our agency is here to help you find effective answers to <strong>the problems raised by the analysis and choice of keywords<\/strong> :<\/p>\n<ul>\n<li>How many keywords to target?<\/li>\n<li>What keywords are most relevant to your site?<\/li>\n<li>How much content should you produce in order to rank well on the most important keywords in your sector?<\/li>\n<\/ul>\n<p>We have experts who can optimize each keyword identified in order to increase organic traffic to your site tenfold.<\/p>\n<h3>Designing an SEO strategy tailored to the goals you set<\/h3>\n<p>To properly reference a site, you need to establish a precise action plan. To optimize the positioning of a client site, our team is used to working on the basis of a tripartite framework:<\/p>\n<ul>\n<li><strong>SEO actions carried out on<\/strong> the site: these gather actions aimed at improving the accessibility of your site and its conversion rate. These include, for example, the choice of URL structure, the improvement of overall semantics, the optimization of images or the revision of page titles;<\/li>\n<li><strong>Off-site SEO actions<\/strong>: these are mainly aimed at strengthening the notoriety of your site. They essentially consist of generating backlinks and implementing social media marketing campaigns;<\/li>\n<li><strong>Technical SEO actions<\/strong>: they include all actions related to the modification of the technical aspect of the site, including the choice of the domain, the optimization of robot.txt, the optimization of the structure of URLs, the improvement of the tree structure of the site, the addition of a breadcrumb trail, etc.<\/li>\n<\/ul>\n<h3>Content Optimization<\/h3>\n<p>Our agency&#8217;s experts are at your disposal to help you obtain quality content. Over the past decade, Google has greatly refined its ability to assess the quality and value of content. Today, Google uses a combination of site-crawling <strong>bots<\/strong> and <strong>human evaluators <\/strong>to determine where content ranks in search results.<\/p>\n<p>We have copywriters who can write useful content for your targets and meet the SEO requirements imposed by Google. All your content can be tailored to your goals.<\/p>\n<h3>Acquiring links<\/h3>\n<p>To better position a site, it&#8217;s not enough to offer quality content, you also need to improve your site&#8217;s authority. The most effective way to do this is to get backlinks from sites that are very popular or have a lot of notoriety in a given industry.<\/p>\n<p>Thanks to our network and our seriousness, we can very well get you backlinks from intentional sites or blogs followed by many Internet users. Backlinks of this type are the most effective for quickly improving a site&#8217;s SEO.<\/p>\n","protected":false},"excerpt":{"rendered":"<p>Our SEO agency in Longueuil has been helping companies increase their web marketing  [&#8230;]<\/p>\n","protected":false},"author":1,"featured_media":18530,"parent":0,"menu_order":0,"comment_status":"closed","ping_status":"closed","template":"","meta":{"yasr_overall_rating":0,"yasr_post_is_review":"","yasr_auto_insert_disabled":"","yasr_review_type":"","footnotes":""},"class_list":["post-18532","page","type-page","status-publish","has-post-thumbnail","hentry"],"yoast_head":"<!-- This site is optimized with the Yoast SEO Premium plugin v27.3 (Yoast SEO v27.3) - https:\/\/yoast.com\/product\/yoast-seo-premium-wordpress\/ -->\n<title>SEO Agency in Longueuil - BlackCatSEO<\/title>\n<meta name=\"description\" content=\"Your SEO agency in Longueuil since 2014 helps businesses and SMEs on the South Shore and Longueuil increase their Google performance.\" \/>\n<meta name=\"robots\" content=\"index, follow, max-snippet:-1, max-image-preview:large, max-video-preview:-1\" \/>\n<link rel=\"canonical\" href=\"https:\/\/blackcatseo.ca\/en\/seo-agency-in-longueuil\/\" \/>\n<meta property=\"og:locale\" content=\"en_US\" \/>\n<meta property=\"og:type\" content=\"article\" \/>\n<meta property=\"og:title\" content=\"SEO Agency in Longueuil\" \/>\n<meta property=\"og:description\" content=\"Your SEO agency in Longueuil since 2014 helps businesses and SMEs on the South Shore and Longueuil increase their Google performance.\" \/>\n<meta property=\"og:url\" content=\"https:\/\/blackcatseo.ca\/en\/seo-agency-in-longueuil\/\" \/>\n<meta property=\"og:site_name\" content=\"BlackCatSEO Montreal Agency\" \/>\n<meta property=\"article:publisher\" content=\"https:\/\/www.facebook.com\/blackcatSE0\" \/>\n<meta property=\"og:image\" content=\"https:\/\/blackcatseo.ca\/wp-content\/uploads\/Visuel-moteur-Longueuil2.jpg\" \/>\n\t<meta property=\"og:image:width\" content=\"792\" \/>\n\t<meta property=\"og:image:height\" content=\"416\" \/>\n\t<meta property=\"og:image:type\" content=\"image\/jpeg\" \/>\n<meta name=\"twitter:card\" content=\"summary_large_image\" \/>\n<meta name=\"twitter:site\" content=\"@blackcatSE0\" \/>\n<meta name=\"twitter:label1\" content=\"Est. reading time\" \/>\n\t<meta name=\"twitter:data1\" content=\"6 minutes\" \/>\n<script type=\"application\/ld+json\" class=\"yoast-schema-graph\">{\"@context\":\"https:\\\/\\\/schema.org\",\"@graph\":[{\"@type\":[\"WebPage\",\"ItemPage\"],\"@id\":\"https:\\\/\\\/blackcatseo.ca\\\/en\\\/seo-agency-in-longueuil\\\/\",\"url\":\"https:\\\/\\\/blackcatseo.ca\\\/en\\\/seo-agency-in-longueuil\\\/\",\"name\":\"SEO Agency in Longueuil - BlackCatSEO\",\"isPartOf\":{\"@id\":\"https:\\\/\\\/blackcatseo.ca\\\/en\\\/#website\"},\"primaryImageOfPage\":{\"@id\":\"https:\\\/\\\/blackcatseo.ca\\\/en\\\/seo-agency-in-longueuil\\\/#primaryimage\"},\"image\":{\"@id\":\"https:\\\/\\\/blackcatseo.ca\\\/en\\\/seo-agency-in-longueuil\\\/#primaryimage\"},\"thumbnailUrl\":\"https:\\\/\\\/blackcatseo.ca\\\/wp-content\\\/uploads\\\/Visuel-moteur-Longueuil2.jpg\",\"datePublished\":\"2023-11-27T18:11:24+00:00\",\"description\":\"Your SEO agency in Longueuil since 2014 helps businesses and SMEs on the South Shore and Longueuil increase their Google performance.\",\"breadcrumb\":{\"@id\":\"https:\\\/\\\/blackcatseo.ca\\\/en\\\/seo-agency-in-longueuil\\\/#breadcrumb\"},\"inLanguage\":\"en-CA\",\"potentialAction\":[{\"@type\":\"ReadAction\",\"target\":[\"https:\\\/\\\/blackcatseo.ca\\\/en\\\/seo-agency-in-longueuil\\\/\"]}]},{\"@type\":\"ImageObject\",\"inLanguage\":\"en-CA\",\"@id\":\"https:\\\/\\\/blackcatseo.ca\\\/en\\\/seo-agency-in-longueuil\\\/#primaryimage\",\"url\":\"https:\\\/\\\/blackcatseo.ca\\\/wp-content\\\/uploads\\\/Visuel-moteur-Longueuil2.jpg\",\"contentUrl\":\"https:\\\/\\\/blackcatseo.ca\\\/wp-content\\\/uploads\\\/Visuel-moteur-Longueuil2.jpg\",\"width\":792,\"height\":416},{\"@type\":\"BreadcrumbList\",\"@id\":\"https:\\\/\\\/blackcatseo.ca\\\/en\\\/seo-agency-in-longueuil\\\/#breadcrumb\",\"itemListElement\":[{\"@type\":\"ListItem\",\"position\":1,\"name\":\"Accueil\",\"item\":\"https:\\\/\\\/blackcatseo.ca\\\/en\\\/\"},{\"@type\":\"ListItem\",\"position\":2,\"name\":\"SEO Agency in Longueuil\"}]},{\"@type\":\"WebSite\",\"@id\":\"https:\\\/\\\/blackcatseo.ca\\\/en\\\/#website\",\"url\":\"https:\\\/\\\/blackcatseo.ca\\\/en\\\/\",\"name\":\"Agence SEO \u00e0 Montr\u00e9al | R\u00e9f\u00e9rencement Web BlackCat\",\"description\":\"State-of-the-art SEO Agency in Montreal - Trafic Google, AIs &amp; LLMs\",\"publisher\":{\"@id\":\"https:\\\/\\\/blackcatseo.ca\\\/en\\\/#organization\"},\"alternateName\":\"BlackCat SEO Montreal\",\"potentialAction\":[{\"@type\":\"SearchAction\",\"target\":{\"@type\":\"EntryPoint\",\"urlTemplate\":\"https:\\\/\\\/blackcatseo.ca\\\/en\\\/?s={search_term_string}\"},\"query-input\":{\"@type\":\"PropertyValueSpecification\",\"valueRequired\":true,\"valueName\":\"search_term_string\"}}],\"inLanguage\":\"en-CA\"},{\"@type\":\"Organization\",\"@id\":\"https:\\\/\\\/blackcatseo.ca\\\/en\\\/#organization\",\"name\":\"Agence SEO \u00e0 Montr\u00e9al | R\u00e9f\u00e9rencement Web BlackCat\",\"alternateName\":\"Blackcat SEO Montreal\",\"url\":\"https:\\\/\\\/blackcatseo.ca\\\/en\\\/\",\"logo\":{\"@type\":\"ImageObject\",\"inLanguage\":\"en-CA\",\"@id\":\"https:\\\/\\\/blackcatseo.ca\\\/en\\\/#\\\/schema\\\/logo\\\/image\\\/\",\"url\":\"https:\\\/\\\/blackcatseo.ca\\\/wp-content\\\/uploads\\\/Nouveau-logo-site-web-bc.png\",\"contentUrl\":\"https:\\\/\\\/blackcatseo.ca\\\/wp-content\\\/uploads\\\/Nouveau-logo-site-web-bc.png\",\"width\":1245,\"height\":912,\"caption\":\"Agence SEO \u00e0 Montr\u00e9al | R\u00e9f\u00e9rencement Web BlackCat\"},\"image\":{\"@id\":\"https:\\\/\\\/blackcatseo.ca\\\/en\\\/#\\\/schema\\\/logo\\\/image\\\/\"},\"sameAs\":[\"https:\\\/\\\/www.facebook.com\\\/blackcatSE0\",\"https:\\\/\\\/x.com\\\/blackcatSE0\",\"https:\\\/\\\/www.instagram.com\\\/seocat514\\\/?hl=en\",\"https:\\\/\\\/www.linkedin.com\\\/company\\\/r-f-rencement-blackcat-seo\\\/?originalSubdomain=ca\"],\"ownershipFundingInfo\":\"https:\\\/\\\/blackcatseo.ca\\\/team\\\/\",\"ethicsPolicy\":\"https:\\\/\\\/blackcatseo.ca\\\/charte-ethique-blackcat\\\/\"},false]}<\/script>\n<!-- \/ Yoast SEO Premium plugin. -->","yoast_head_json":{"title":"SEO Agency in Longueuil - BlackCatSEO","description":"Your SEO agency in Longueuil since 2014 helps businesses and SMEs on the South Shore and Longueuil increase their Google performance.","robots":{"index":"index","follow":"follow","max-snippet":"max-snippet:-1","max-image-preview":"max-image-preview:large","max-video-preview":"max-video-preview:-1"},"canonical":"https:\/\/blackcatseo.ca\/en\/seo-agency-in-longueuil\/","og_locale":"en_US","og_type":"article","og_title":"SEO Agency in Longueuil","og_description":"Your SEO agency in Longueuil since 2014 helps businesses and SMEs on the South Shore and Longueuil increase their Google performance.","og_url":"https:\/\/blackcatseo.ca\/en\/seo-agency-in-longueuil\/","og_site_name":"BlackCatSEO Montreal Agency","article_publisher":"https:\/\/www.facebook.com\/blackcatSE0","og_image":[{"width":792,"height":416,"url":"https:\/\/blackcatseo.ca\/wp-content\/uploads\/Visuel-moteur-Longueuil2.jpg","type":"image\/jpeg"}],"twitter_card":"summary_large_image","twitter_site":"@blackcatSE0","twitter_misc":{"Est. reading time":"6 minutes"},"schema":{"@context":"https:\/\/schema.org","@graph":[{"@type":["WebPage","ItemPage"],"@id":"https:\/\/blackcatseo.ca\/en\/seo-agency-in-longueuil\/","url":"https:\/\/blackcatseo.ca\/en\/seo-agency-in-longueuil\/","name":"SEO Agency in Longueuil - BlackCatSEO","isPartOf":{"@id":"https:\/\/blackcatseo.ca\/en\/#website"},"primaryImageOfPage":{"@id":"https:\/\/blackcatseo.ca\/en\/seo-agency-in-longueuil\/#primaryimage"},"image":{"@id":"https:\/\/blackcatseo.ca\/en\/seo-agency-in-longueuil\/#primaryimage"},"thumbnailUrl":"https:\/\/blackcatseo.ca\/wp-content\/uploads\/Visuel-moteur-Longueuil2.jpg","datePublished":"2023-11-27T18:11:24+00:00","description":"Your SEO agency in Longueuil since 2014 helps businesses and SMEs on the South Shore and Longueuil increase their Google performance.","breadcrumb":{"@id":"https:\/\/blackcatseo.ca\/en\/seo-agency-in-longueuil\/#breadcrumb"},"inLanguage":"en-CA","potentialAction":[{"@type":"ReadAction","target":["https:\/\/blackcatseo.ca\/en\/seo-agency-in-longueuil\/"]}]},{"@type":"ImageObject","inLanguage":"en-CA","@id":"https:\/\/blackcatseo.ca\/en\/seo-agency-in-longueuil\/#primaryimage","url":"https:\/\/blackcatseo.ca\/wp-content\/uploads\/Visuel-moteur-Longueuil2.jpg","contentUrl":"https:\/\/blackcatseo.ca\/wp-content\/uploads\/Visuel-moteur-Longueuil2.jpg","width":792,"height":416},{"@type":"BreadcrumbList","@id":"https:\/\/blackcatseo.ca\/en\/seo-agency-in-longueuil\/#breadcrumb","itemListElement":[{"@type":"ListItem","position":1,"name":"Accueil","item":"https:\/\/blackcatseo.ca\/en\/"},{"@type":"ListItem","position":2,"name":"SEO Agency in Longueuil"}]},{"@type":"WebSite","@id":"https:\/\/blackcatseo.ca\/en\/#website","url":"https:\/\/blackcatseo.ca\/en\/","name":"Agence SEO \u00e0 Montr\u00e9al | R\u00e9f\u00e9rencement Web BlackCat","description":"State-of-the-art SEO Agency in Montreal - Trafic Google, AIs &amp; LLMs","publisher":{"@id":"https:\/\/blackcatseo.ca\/en\/#organization"},"alternateName":"BlackCat SEO Montreal","potentialAction":[{"@type":"SearchAction","target":{"@type":"EntryPoint","urlTemplate":"https:\/\/blackcatseo.ca\/en\/?s={search_term_string}"},"query-input":{"@type":"PropertyValueSpecification","valueRequired":true,"valueName":"search_term_string"}}],"inLanguage":"en-CA"},{"@type":"Organization","@id":"https:\/\/blackcatseo.ca\/en\/#organization","name":"Agence SEO \u00e0 Montr\u00e9al | R\u00e9f\u00e9rencement Web BlackCat","alternateName":"Blackcat SEO Montreal","url":"https:\/\/blackcatseo.ca\/en\/","logo":{"@type":"ImageObject","inLanguage":"en-CA","@id":"https:\/\/blackcatseo.ca\/en\/#\/schema\/logo\/image\/","url":"https:\/\/blackcatseo.ca\/wp-content\/uploads\/Nouveau-logo-site-web-bc.png","contentUrl":"https:\/\/blackcatseo.ca\/wp-content\/uploads\/Nouveau-logo-site-web-bc.png","width":1245,"height":912,"caption":"Agence SEO \u00e0 Montr\u00e9al | R\u00e9f\u00e9rencement Web BlackCat"},"image":{"@id":"https:\/\/blackcatseo.ca\/en\/#\/schema\/logo\/image\/"},"sameAs":["https:\/\/www.facebook.com\/blackcatSE0","https:\/\/x.com\/blackcatSE0","https:\/\/www.instagram.com\/seocat514\/?hl=en","https:\/\/www.linkedin.com\/company\/r-f-rencement-blackcat-seo\/?originalSubdomain=ca"],"ownershipFundingInfo":"https:\/\/blackcatseo.ca\/team\/","ethicsPolicy":"https:\/\/blackcatseo.ca\/charte-ethique-blackcat\/"},false]}},"yasr_visitor_votes":{"stars_attributes":{"read_only":false,"span_bottom":false},"number_of_votes":0,"sum_votes":0},"_links":{"self":[{"href":"https:\/\/blackcatseo.ca\/en\/wp-json\/wp\/v2\/pages\/18532","targetHints":{"allow":["GET"]}}],"collection":[{"href":"https:\/\/blackcatseo.ca\/en\/wp-json\/wp\/v2\/pages"}],"about":[{"href":"https:\/\/blackcatseo.ca\/en\/wp-json\/wp\/v2\/types\/page"}],"author":[{"embeddable":true,"href":"https:\/\/blackcatseo.ca\/en\/wp-json\/wp\/v2\/users\/1"}],"replies":[{"embeddable":true,"href":"https:\/\/blackcatseo.ca\/en\/wp-json\/wp\/v2\/comments?post=18532"}],"version-history":[{"count":0,"href":"https:\/\/blackcatseo.ca\/en\/wp-json\/wp\/v2\/pages\/18532\/revisions"}],"wp:featuredmedia":[{"embeddable":true,"href":"https:\/\/blackcatseo.ca\/en\/wp-json\/wp\/v2\/media\/18530"}],"wp:attachment":[{"href":"https:\/\/blackcatseo.ca\/en\/wp-json\/wp\/v2\/media?parent=18532"}],"curies":[{"name":"wp","href":"https:\/\/api.w.org\/{rel}","templated":true}]}}