{"id":16301,"date":"2020-07-09T21:28:05","date_gmt":"2020-07-09T21:28:05","guid":{"rendered":"https:\/\/blackcatseo.ca\/montreal-blog-creation\/"},"modified":"2020-07-10T17:26:44","modified_gmt":"2020-07-10T17:26:44","slug":"montreal-blog-creation","status":"publish","type":"page","link":"https:\/\/blackcatseo.ca\/en\/montreal-blog-creation\/","title":{"rendered":"Montreal blog creation"},"content":{"rendered":"<div style='text-align:left' class='yasr-auto-insert-overall'><\/div><div class=\"fusion-fullwidth fullwidth-box fusion-builder-row-1 nonhundred-percent-fullwidth non-hundred-percent-height-scrolling\" style=\"--awb-border-radius-top-left:0px;--awb-border-radius-top-right:0px;--awb-border-radius-bottom-right:0px;--awb-border-radius-bottom-left:0px;--awb-flex-wrap:wrap;\" ><div class=\"fusion-builder-row fusion-row\"><div class=\"fusion-layout-column fusion_builder_column fusion-builder-column-0 fusion_builder_column_1_1 1_1 fusion-one-full fusion-column-first fusion-column-last\" style=\"--awb-bg-size:cover;\"><div class=\"fusion-column-wrapper fusion-column-has-shadow fusion-flex-column-wrapper-legacy\"><div class=\"fusion-text fusion-text-1\"><div class=\" hyphens-wrap clearfix\">\n<div>\n<p>If you are wondering about <strong>the usefulness of a blog<\/strong> either for you or for your business, rest assured that this article will give you the necessary reasons. Better yet, you&#8217;ll learn more about creating blogs in Montreal.<\/p>\n<p>The creation of blogs is <strong>an effective means of expression<\/strong> to be able to maintain <strong>contact<\/strong> with Internet users. The goals of creating a blog are multiple. With the blog, you have an easy way to share your articles based on text, videos or photo version.<\/p>\n<h2>Create a blog to build a relationship of trust<\/h2>\n<p>When you decide to create a blog for your business or for yourself, it allows you to <strong>capture an audience<\/strong> through the creation of articles and posts more frequently than on a website. There&#8217;s nothing more interesting, because search engines appreciate up-to-date content. Keeping a blog, however, is interesting in terms of <strong>SEO.<\/strong><\/p>\n<p>Creating a blog is proving to be a simple and effective way<strong>to build a relationship of trust <\/strong>between you and Internet users. It&#8217;s also a way to develop your own self-confidence. With the experience you gain in writing articles, you are able to help others. In addition, your own experiences that you share on your blog can serve others by increasing their self-esteem and inspiring them. Keeping a blog is above all a form of personal development.<\/p>\n<p>For professionals, the blog allows you to think about <strong>the added value<\/strong> you can bring to your business. It&#8217;s also a channel through which you think about how you will meet your target&#8217;s needs.<\/p>\n<p>By listening to your customers, you significantly increase your sales, because you take into account their needs to provide appropriate solutions.<\/p>\n<h3>Create a blog to get organized<\/h3>\n<p>The blog is not limited to writing text. This requires technical concepts such as <strong>community management.<\/strong> It therefore takes a master&#8217;s degree to know how to combine these different activities. Over time, you&#8217;ll find productivity tips that work for you and this could be useful for you in other areas.<\/p>\n<p>In addition, the blog allows you <strong>to evolve your perspectives.<\/strong> With your blog, you have the opportunity to discover other horizons. This enriches your own approach. It is also a way to develop concrete skills. The skills you develop will be transposable in your daily life. It&#8217;s not just writing, social networks or referencing techniques.<\/p>\n<h3>Form a network and gain visibility<\/h3>\n<p>You can&#8217;t keep a blog by being out of a <strong>network.<\/strong> The people you meet in virtual encounters bring you a lot. They can quickly become your future customer thanks to the <strong>conversion of new customers.<\/strong><\/p>\n<p>For entrepreneurs who sell products or services on a website, the blog has many advantages for online visibility. Through your publications, you bring search engines back to a high frequency. This allows you to establish <strong>credibility online.<\/strong> These publications are likely to be referenced and will provide you with qualified traffic to increase your revenue.<\/p>\n<h2>How to create a blog: Choose your blogging solution<\/h2>\n<p>To create your blog, you have at your disposal several <strong>solutions.<\/strong> Depending on your context, budget, opportunities and capabilities, you will make your choice.<\/p>\n<p>With a tool like WordPress for example, you can save your budget and have some autonomy of action in updating and evolving the blog. Apart from WordPress, you also have custom solutions.<\/p>\n<h3>The benefits of WORDPress CMS<\/h3>\n<p>The WordPress is:<\/p>\n<ul>\n<li>Modulable;<\/li>\n<li>Practical;<\/li>\n<li>Easy to install;<\/li>\n<li>Easily customizable;<\/li>\n<li>Good value for money.<\/li>\n<\/ul>\n<p>However, updating this CMS can be difficult and the evolution of plug-ins is not always maintained.<\/p>\n<h3>The benefits of the bespoke solution<\/h3>\n<p>The bespoke solution offers benefits such as:<\/p>\n<ul>\n<li>Very large modularity;<\/li>\n<li>Perfect integration in the image of your business;<\/li>\n<li>Creating features that can make a difference in user experience and customer conversion.<\/li>\n<\/ul>\n<p>On the other hand, costs and delays can be drawbacks.<\/p>\n<p>There are hosted solutions that are completely free and have immediate availability. However, you will notice advertisements and the evolution as well as the installation of plug-in is unlikely.<\/p>\n<h2>Set your goals and audience<\/h2>\n<p>Setting goals is essential in creating the blog. This can include <strong>creating mailing lists,<\/strong> <strong>increasing the creation of premium accounts,<\/strong>raising <strong>awareness,<\/strong>etc.<\/p>\n<p>As for the<strong>audience,<\/strong>its identification is an important step in the creation of the blog. The audience helps you <strong>properly target your messages, your content and define your editorial line.<\/strong><\/p>\n<p>The target of your blog lets you know who your products are for. A good identification of the target will allow you to understand his habits, his typical day, his interests and his needs.<\/p>\n<h2>Set the editorial charter<\/h2>\n<p>After identifying the objectives and the target, you can create your editorial charter.<\/p>\n<p>To do this, start looking for ideas for topics or articles that might be of interest to your targets. For companies, the <strong>topics<\/strong> discussed on the blog should be related to your activities.<\/p>\n<h3>How do I find content ideas?<\/h3>\n<p>You have to:<\/p>\n<ul>\n<li>Identify your targets&#8217; issues<\/li>\n<li>Go to the vigil to inspire you;<\/li>\n<li>Consider comments in customer reviews<\/li>\n<li>Look for popular content from themes or on your competitors.<\/li>\n<\/ul>\n<p>Now that your editorial charter and team are in place, you&#8217;ll need to move on to creating quality content for your blog.<\/p>\n<p>Creating content goes through several steps such as: searching, creating plans, writing, <strong>optimizing for SEO <\/strong>and layout.<\/p>\n<p>You have the option to outsource certain tasks with a specialized agency in Montreal. So you focus on your strengths.<\/p>\n<\/div>\n<\/div>\n<\/div><div class=\"fusion-sep-clear\"><\/div><div class=\"fusion-separator fusion-full-width-sep\" style=\"margin-left: auto;margin-right: auto;width:100%;\"><div class=\"fusion-separator-border sep-double\" style=\"--awb-height:20px;--awb-amount:20px;border-color:#e0dede;border-top-width:1px;border-bottom-width:1px;\"><\/div><\/div><div class=\"fusion-sep-clear\"><\/div><div class=\"fusion-clearfix\"><\/div><\/div><\/div><\/div><\/div>\n","protected":false},"excerpt":{"rendered":"","protected":false},"author":1,"featured_media":0,"parent":0,"menu_order":0,"comment_status":"closed","ping_status":"closed","template":"","meta":{"yasr_overall_rating":0,"yasr_post_is_review":"","yasr_auto_insert_disabled":"","yasr_review_type":"BlogPosting","footnotes":""},"class_list":["post-16301","page","type-page","status-publish","hentry"],"yoast_head":"<!-- This site is optimized with the Yoast SEO Premium plugin v27.3 (Yoast SEO v27.3) - https:\/\/yoast.com\/product\/yoast-seo-premium-wordpress\/ -->\n<title>Montreal blog creation - BlackCatSEO Montreal Agency<\/title>\n<meta name=\"description\" content=\"Create a blog with our website creation agency in Montreal! Show your expertise online and boost traffic on your website. Enjoy the best strategy in optimized writing, and capitalize on your web content.\" \/>\n<meta name=\"robots\" content=\"index, follow, max-snippet:-1, max-image-preview:large, max-video-preview:-1\" \/>\n<link rel=\"canonical\" href=\"https:\/\/blackcatseo.ca\/en\/montreal-blog-creation\/\" \/>\n<meta property=\"og:locale\" content=\"en_US\" \/>\n<meta property=\"og:type\" content=\"article\" \/>\n<meta property=\"og:title\" content=\"Montreal blog creation\" \/>\n<meta property=\"og:description\" content=\"Create a blog with our website creation agency in Montreal! Show your expertise online and boost traffic on your website. Enjoy the best strategy in optimized writing, and capitalize on your web content.\" \/>\n<meta property=\"og:url\" content=\"https:\/\/blackcatseo.ca\/en\/montreal-blog-creation\/\" \/>\n<meta property=\"og:site_name\" content=\"BlackCatSEO Montreal Agency\" \/>\n<meta property=\"article:publisher\" content=\"https:\/\/www.facebook.com\/blackcatSE0\" \/>\n<meta property=\"article:modified_time\" content=\"2020-07-10T17:26:44+00:00\" \/>\n<meta property=\"og:image\" content=\"https:\/\/blackcatseo.ca\/wp-content\/uploads\/Nouveau-logo-site-web-bc.png\" \/>\n\t<meta property=\"og:image:width\" content=\"1245\" \/>\n\t<meta property=\"og:image:height\" content=\"912\" \/>\n\t<meta property=\"og:image:type\" content=\"image\/png\" \/>\n<meta name=\"twitter:card\" content=\"summary_large_image\" \/>\n<meta name=\"twitter:site\" content=\"@blackcatSE0\" \/>\n<meta name=\"twitter:label1\" content=\"Est. reading time\" \/>\n\t<meta name=\"twitter:data1\" content=\"7 minutes\" \/>\n<script type=\"application\/ld+json\" class=\"yoast-schema-graph\">{\"@context\":\"https:\\\/\\\/schema.org\",\"@graph\":[{\"@type\":[\"WebPage\",\"ItemPage\"],\"@id\":\"https:\\\/\\\/blackcatseo.ca\\\/en\\\/montreal-blog-creation\\\/\",\"url\":\"https:\\\/\\\/blackcatseo.ca\\\/en\\\/montreal-blog-creation\\\/\",\"name\":\"Montreal blog creation - BlackCatSEO Montreal Agency\",\"isPartOf\":{\"@id\":\"https:\\\/\\\/blackcatseo.ca\\\/en\\\/#website\"},\"datePublished\":\"2020-07-09T21:28:05+00:00\",\"dateModified\":\"2020-07-10T17:26:44+00:00\",\"description\":\"Create a blog with our website creation agency in Montreal! Show your expertise online and boost traffic on your website. Enjoy the best strategy in optimized writing, and capitalize on your web content.\",\"breadcrumb\":{\"@id\":\"https:\\\/\\\/blackcatseo.ca\\\/en\\\/montreal-blog-creation\\\/#breadcrumb\"},\"inLanguage\":\"en-CA\",\"potentialAction\":[{\"@type\":\"ReadAction\",\"target\":[\"https:\\\/\\\/blackcatseo.ca\\\/en\\\/montreal-blog-creation\\\/\"]}]},{\"@type\":\"BreadcrumbList\",\"@id\":\"https:\\\/\\\/blackcatseo.ca\\\/en\\\/montreal-blog-creation\\\/#breadcrumb\",\"itemListElement\":[{\"@type\":\"ListItem\",\"position\":1,\"name\":\"Accueil\",\"item\":\"https:\\\/\\\/blackcatseo.ca\\\/en\\\/\"},{\"@type\":\"ListItem\",\"position\":2,\"name\":\"Montreal blog creation\"}]},{\"@type\":\"WebSite\",\"@id\":\"https:\\\/\\\/blackcatseo.ca\\\/en\\\/#website\",\"url\":\"https:\\\/\\\/blackcatseo.ca\\\/en\\\/\",\"name\":\"Agence SEO \u00e0 Montr\u00e9al | R\u00e9f\u00e9rencement Web BlackCat\",\"description\":\"State-of-the-art SEO Agency in Montreal - Trafic Google, AIs &amp; LLMs\",\"publisher\":{\"@id\":\"https:\\\/\\\/blackcatseo.ca\\\/en\\\/#organization\"},\"alternateName\":\"BlackCat SEO Montreal\",\"potentialAction\":[{\"@type\":\"SearchAction\",\"target\":{\"@type\":\"EntryPoint\",\"urlTemplate\":\"https:\\\/\\\/blackcatseo.ca\\\/en\\\/?s={search_term_string}\"},\"query-input\":{\"@type\":\"PropertyValueSpecification\",\"valueRequired\":true,\"valueName\":\"search_term_string\"}}],\"inLanguage\":\"en-CA\"},{\"@type\":\"Organization\",\"@id\":\"https:\\\/\\\/blackcatseo.ca\\\/en\\\/#organization\",\"name\":\"Agence SEO \u00e0 Montr\u00e9al | R\u00e9f\u00e9rencement Web BlackCat\",\"alternateName\":\"Blackcat SEO Montreal\",\"url\":\"https:\\\/\\\/blackcatseo.ca\\\/en\\\/\",\"logo\":{\"@type\":\"ImageObject\",\"inLanguage\":\"en-CA\",\"@id\":\"https:\\\/\\\/blackcatseo.ca\\\/en\\\/#\\\/schema\\\/logo\\\/image\\\/\",\"url\":\"https:\\\/\\\/blackcatseo.ca\\\/wp-content\\\/uploads\\\/Nouveau-logo-site-web-bc.png\",\"contentUrl\":\"https:\\\/\\\/blackcatseo.ca\\\/wp-content\\\/uploads\\\/Nouveau-logo-site-web-bc.png\",\"width\":1245,\"height\":912,\"caption\":\"Agence SEO \u00e0 Montr\u00e9al | R\u00e9f\u00e9rencement Web BlackCat\"},\"image\":{\"@id\":\"https:\\\/\\\/blackcatseo.ca\\\/en\\\/#\\\/schema\\\/logo\\\/image\\\/\"},\"sameAs\":[\"https:\\\/\\\/www.facebook.com\\\/blackcatSE0\",\"https:\\\/\\\/x.com\\\/blackcatSE0\",\"https:\\\/\\\/www.instagram.com\\\/seocat514\\\/?hl=en\",\"https:\\\/\\\/www.linkedin.com\\\/company\\\/r-f-rencement-blackcat-seo\\\/?originalSubdomain=ca\"],\"ownershipFundingInfo\":\"https:\\\/\\\/blackcatseo.ca\\\/team\\\/\",\"ethicsPolicy\":\"https:\\\/\\\/blackcatseo.ca\\\/charte-ethique-blackcat\\\/\"},false]}<\/script>\n<!-- \/ Yoast SEO Premium plugin. -->","yoast_head_json":{"title":"Montreal blog creation - BlackCatSEO Montreal Agency","description":"Create a blog with our website creation agency in Montreal! Show your expertise online and boost traffic on your website. Enjoy the best strategy in optimized writing, and capitalize on your web content.","robots":{"index":"index","follow":"follow","max-snippet":"max-snippet:-1","max-image-preview":"max-image-preview:large","max-video-preview":"max-video-preview:-1"},"canonical":"https:\/\/blackcatseo.ca\/en\/montreal-blog-creation\/","og_locale":"en_US","og_type":"article","og_title":"Montreal blog creation","og_description":"Create a blog with our website creation agency in Montreal! Show your expertise online and boost traffic on your website. Enjoy the best strategy in optimized writing, and capitalize on your web content.","og_url":"https:\/\/blackcatseo.ca\/en\/montreal-blog-creation\/","og_site_name":"BlackCatSEO Montreal Agency","article_publisher":"https:\/\/www.facebook.com\/blackcatSE0","article_modified_time":"2020-07-10T17:26:44+00:00","og_image":[{"width":1245,"height":912,"url":"https:\/\/blackcatseo.ca\/wp-content\/uploads\/Nouveau-logo-site-web-bc.png","type":"image\/png"}],"twitter_card":"summary_large_image","twitter_site":"@blackcatSE0","twitter_misc":{"Est. reading time":"7 minutes"},"schema":{"@context":"https:\/\/schema.org","@graph":[{"@type":["WebPage","ItemPage"],"@id":"https:\/\/blackcatseo.ca\/en\/montreal-blog-creation\/","url":"https:\/\/blackcatseo.ca\/en\/montreal-blog-creation\/","name":"Montreal blog creation - BlackCatSEO Montreal Agency","isPartOf":{"@id":"https:\/\/blackcatseo.ca\/en\/#website"},"datePublished":"2020-07-09T21:28:05+00:00","dateModified":"2020-07-10T17:26:44+00:00","description":"Create a blog with our website creation agency in Montreal! Show your expertise online and boost traffic on your website. Enjoy the best strategy in optimized writing, and capitalize on your web content.","breadcrumb":{"@id":"https:\/\/blackcatseo.ca\/en\/montreal-blog-creation\/#breadcrumb"},"inLanguage":"en-CA","potentialAction":[{"@type":"ReadAction","target":["https:\/\/blackcatseo.ca\/en\/montreal-blog-creation\/"]}]},{"@type":"BreadcrumbList","@id":"https:\/\/blackcatseo.ca\/en\/montreal-blog-creation\/#breadcrumb","itemListElement":[{"@type":"ListItem","position":1,"name":"Accueil","item":"https:\/\/blackcatseo.ca\/en\/"},{"@type":"ListItem","position":2,"name":"Montreal blog creation"}]},{"@type":"WebSite","@id":"https:\/\/blackcatseo.ca\/en\/#website","url":"https:\/\/blackcatseo.ca\/en\/","name":"Agence SEO \u00e0 Montr\u00e9al | R\u00e9f\u00e9rencement Web BlackCat","description":"State-of-the-art SEO Agency in Montreal - Trafic Google, AIs &amp; LLMs","publisher":{"@id":"https:\/\/blackcatseo.ca\/en\/#organization"},"alternateName":"BlackCat SEO Montreal","potentialAction":[{"@type":"SearchAction","target":{"@type":"EntryPoint","urlTemplate":"https:\/\/blackcatseo.ca\/en\/?s={search_term_string}"},"query-input":{"@type":"PropertyValueSpecification","valueRequired":true,"valueName":"search_term_string"}}],"inLanguage":"en-CA"},{"@type":"Organization","@id":"https:\/\/blackcatseo.ca\/en\/#organization","name":"Agence SEO \u00e0 Montr\u00e9al | R\u00e9f\u00e9rencement Web BlackCat","alternateName":"Blackcat SEO Montreal","url":"https:\/\/blackcatseo.ca\/en\/","logo":{"@type":"ImageObject","inLanguage":"en-CA","@id":"https:\/\/blackcatseo.ca\/en\/#\/schema\/logo\/image\/","url":"https:\/\/blackcatseo.ca\/wp-content\/uploads\/Nouveau-logo-site-web-bc.png","contentUrl":"https:\/\/blackcatseo.ca\/wp-content\/uploads\/Nouveau-logo-site-web-bc.png","width":1245,"height":912,"caption":"Agence SEO \u00e0 Montr\u00e9al | R\u00e9f\u00e9rencement Web BlackCat"},"image":{"@id":"https:\/\/blackcatseo.ca\/en\/#\/schema\/logo\/image\/"},"sameAs":["https:\/\/www.facebook.com\/blackcatSE0","https:\/\/x.com\/blackcatSE0","https:\/\/www.instagram.com\/seocat514\/?hl=en","https:\/\/www.linkedin.com\/company\/r-f-rencement-blackcat-seo\/?originalSubdomain=ca"],"ownershipFundingInfo":"https:\/\/blackcatseo.ca\/team\/","ethicsPolicy":"https:\/\/blackcatseo.ca\/charte-ethique-blackcat\/"},false]}},"yasr_visitor_votes":{"stars_attributes":{"read_only":false,"span_bottom":false},"number_of_votes":0,"sum_votes":0},"_links":{"self":[{"href":"https:\/\/blackcatseo.ca\/en\/wp-json\/wp\/v2\/pages\/16301","targetHints":{"allow":["GET"]}}],"collection":[{"href":"https:\/\/blackcatseo.ca\/en\/wp-json\/wp\/v2\/pages"}],"about":[{"href":"https:\/\/blackcatseo.ca\/en\/wp-json\/wp\/v2\/types\/page"}],"author":[{"embeddable":true,"href":"https:\/\/blackcatseo.ca\/en\/wp-json\/wp\/v2\/users\/1"}],"replies":[{"embeddable":true,"href":"https:\/\/blackcatseo.ca\/en\/wp-json\/wp\/v2\/comments?post=16301"}],"version-history":[{"count":5,"href":"https:\/\/blackcatseo.ca\/en\/wp-json\/wp\/v2\/pages\/16301\/revisions"}],"predecessor-version":[{"id":16306,"href":"https:\/\/blackcatseo.ca\/en\/wp-json\/wp\/v2\/pages\/16301\/revisions\/16306"}],"wp:attachment":[{"href":"https:\/\/blackcatseo.ca\/en\/wp-json\/wp\/v2\/media?parent=16301"}],"curies":[{"name":"wp","href":"https:\/\/api.w.org\/{rel}","templated":true}]}}