{"id":16282,"date":"2020-07-09T21:26:34","date_gmt":"2020-07-09T21:26:34","guid":{"rendered":"https:\/\/blackcatseo.ca\/seo-strategy\/"},"modified":"2024-07-08T15:35:31","modified_gmt":"2024-07-08T15:35:31","slug":"seo-strategy","status":"publish","type":"page","link":"https:\/\/blackcatseo.ca\/en\/seo-strategy\/","title":{"rendered":"SEO strategy"},"content":{"rendered":"<div style='text-align:left' class='yasr-auto-insert-overall'><\/div><div class=\"fusion-fullwidth fullwidth-box fusion-builder-row-1 fusion-flex-container nonhundred-percent-fullwidth non-hundred-percent-height-scrolling\" style=\"--awb-border-radius-top-left:0px;--awb-border-radius-top-right:0px;--awb-border-radius-bottom-right:0px;--awb-border-radius-bottom-left:0px;--awb-flex-wrap:wrap;\" ><div class=\"fusion-builder-row fusion-row fusion-flex-align-items-flex-start fusion-flex-content-wrap\" style=\"max-width:1216.8px;margin-left: calc(-4% \/ 2 );margin-right: calc(-4% \/ 2 );\"><div class=\"fusion-layout-column fusion_builder_column fusion-builder-column-0 fusion_builder_column_1_1 1_1 fusion-flex-column\" style=\"--awb-bg-size:cover;--awb-width-large:100%;--awb-margin-top-large:0px;--awb-spacing-right-large:1.92%;--awb-margin-bottom-large:20px;--awb-spacing-left-large:1.92%;--awb-width-medium:100%;--awb-spacing-right-medium:1.92%;--awb-spacing-left-medium:1.92%;--awb-width-small:100%;--awb-spacing-right-small:1.92%;--awb-spacing-left-small:1.92%;\"><div class=\"fusion-column-wrapper fusion-column-has-shadow fusion-flex-justify-content-flex-start fusion-content-layout-column\"><div class=\"fusion-text fusion-text-1\"><div class=\" hyphens-wrap clearfix\">\n<div>\n<p>The Internet is a revolutionary solution that offers many benefits to businesses of all kinds. It allows them to exist on a dematerialized platform like a website, and to reach as many people as possible. However, in order to take full advantage of its website, it is necessary for the latter to be in tune with <strong>search engines.<\/strong> It is in particular with this in mind that the <strong>SEO strategy<\/strong>was born. This article offers an overview of this strategy, as any good <a href=\"https:\/\/blackcatseo.ca\/en\/\">SEO agency<\/a> should do.<\/p>\n<h2>Everything you need to know about an SEO strategy<\/h2>\n<p>To fully understand the concept of &#8220;SEO Strategy&#8221;, it is important to immerse yourself in the concept of SEO. Indeed, the SEO<strong>(Search Engine Optimazation)<\/strong>is all the techniques aimed at improving the design of the theme as well as that of the content of an Internet page, by the various search engine indexing robots.<\/p>\n<p>Thus, the SEO strategy can be defined as the set of actions carried out with the aim of<strong>optimizing,<\/strong>in the long term, the various elements that come into account in the evaluation of your website by <strong>search engines.<\/strong><\/p>\n<p>In general, this online strategy is based on the definition of <strong>relevant keywords,<\/strong>the quality of the <strong>content,<\/strong>the<strong>technical optimization<\/strong> of your page as well as the optimization of<strong>incoming links.<\/strong><\/p>\n<h2>What is the use of an SEO strategy?<\/h2>\n<p>An <strong>SEO strategy<\/strong> conforms to the language of search engines in order to maximize your site&#8217;s chance of being ranked among the best search results. Its goal is to increase traffic to your website by positioning it on the first page of Google search and better, among the first results of this page. Thus, an SEO strategy increases the <strong>visibility<\/strong> and <strong>notoriety<\/strong> of your website. This increases your company&#8217;s customer base and in the same way increases your company&#8217;s turnover.<\/p>\n<p>It&#8217;s both an effective and <strong>cost-effective<\/strong> strategy, because unlike Adwords advertising, it saves you from paying Google. <strong>\u00e9conomique<\/strong> Although the results of this digital strategy are not automatically visible, it remains a sustainable solution. With this strategy, you no <strong>longer need to invest an advertising budget to stay visible on Google.<\/strong><\/p>\n<p>The SEO strategy aims to improve Google&#8217;s perception of your site and correct harmful imperfections to google&#8217;s natural referencing. But more than that, it aims to improve the quality of content to make it attractive to search engines, including Google. The SEO strategy also takes into account the concepts of the website&#8217;s <strong>responsibility,<\/strong> its ergonomics, its internal mesh, the time it is loaded and its security.<\/p>\n<h2>What are the actions to take for a good SEO strategy?<\/h2>\n<p>To have a good SEO strategy, it is important to take action in the context of optimizing the content of your site, that of its external environment as well as its technical optimization.<\/p>\n<h3>Optimizing your site&#8217;s content<\/h3>\n<p>Optimizing website <strong>content<\/strong> is an important step in an SEO strategy. It aims to use a set of keywords defined beforehand, to make the content compliant with the quality criteria of the different search engines.<\/p>\n<p>However, to be successful in optimizing content, it will have to be of <strong>good quality.<\/strong> Good, optimized editorial content is content that meets the expectations of its target as well as those of search engines. It is therefore crucial that the content of your site is relevant to Internet users.<\/p>\n<p>It is also important to structure the content of its website. In reality, the content must be well <strong>prioritized<\/strong> with <strong>titles<\/strong> and <strong>subtitles<\/strong> as well as paragraphs. And more than that, this optimization takes into account the regular updating of the website.<\/p>\n<p>These are all things that come into play to show search engines that the content of your website is <strong>relevant!<\/strong><\/p>\n<h3>Optimizing your website&#8217;s external environment (links)<\/h3>\n<p>Optimizing your website&#8217;s external environment is a key criterion for being properly referenced on Google. It <strong>involves<\/strong> analysing the authority of your site&#8217;s domain by highlighting both the links coming out of your website as well as the <strong>external links<\/strong> pointing to your site. It is based on the number of sites that talk about yours, their popularity, and the nature of their content. Because popularity is a relevant indicator for search engines, optimizing your website&#8217;s external environment is an important aspect for a <strong>good SEO strategy.<\/strong><\/p>\n<h3>The technical optimization of your website<\/h3>\n<p>A successful SEO strategy also requires the technical optimization of your website. Like the other steps of the SEO strategy, it must be in line with the criteria of search engines. The technical optimization of your website should take into account <strong>HTML,<\/strong> <strong>title tag,<\/strong> <strong>meta description,<\/strong> <strong>URLs,<\/strong> <strong>redirects,<\/strong> <strong>charset<\/strong> and much more. These technical variables need to be optimized based on the keywords previously defined.<\/p>\n<h2>Who to turn to for a good SEO strategy?<\/h2>\n<p>Given the importance of implementing an SEO strategy, it is imperative not to remain on the margins of the many benefits it offers. To do this, you simply have to adopt it. However, the SEO strategy is not feasible by all. It requires a lot of time, patience and above all specific knowledge about how search engines work.<\/p>\n<p>There is an easy, effective and accessible solution for everyone. This is the option of an agency that specializes in applying an SEO strategy. Choosing a specialized agency to take care of the SEO strategy of its website means taking advantage of the high-end services of professionals in this field. They are seasoned to meet the challenges arising from such a strategy. They are informed of the fluctuations in the referencing criteria and know how to adapt their performance according to these variables. They have the best practices to significantly increase <strong>organic traffic<\/strong> on your website. These professionals know and are in possession of the appropriate tools such as those used in performance optimization to carry out their missions.<\/p>\n<\/div>\n<\/div>\n<\/div><div class=\"fusion-separator fusion-full-width-sep\" style=\"align-self: center;margin-left: auto;margin-right: auto;width:100%;\"><div class=\"fusion-separator-border sep-double\" style=\"--awb-height:20px;--awb-amount:20px;border-color:#e0dede;border-top-width:1px;border-bottom-width:1px;\"><\/div><\/div><\/div><\/div><\/div><\/div>\n","protected":false},"excerpt":{"rendered":"","protected":false},"author":1,"featured_media":0,"parent":0,"menu_order":0,"comment_status":"closed","ping_status":"closed","template":"","meta":{"yasr_overall_rating":0,"yasr_post_is_review":"","yasr_auto_insert_disabled":"","yasr_review_type":"","footnotes":""},"class_list":["post-16282","page","type-page","status-publish","hentry"],"yoast_head":"<!-- This site is optimized with the Yoast SEO Premium plugin v27.3 (Yoast SEO v27.3) - https:\/\/yoast.com\/product\/yoast-seo-premium-wordpress\/ -->\n<title>SEO strategy - BlackCatSEO Montreal Agency<\/title>\n<meta name=\"description\" content=\"Validate business objectives in your natural SEO strategy, analyze your market and build an SEO strategy that increases your company&#039;s profitability on search engines.\" \/>\n<meta name=\"robots\" content=\"index, follow, max-snippet:-1, max-image-preview:large, max-video-preview:-1\" \/>\n<link rel=\"canonical\" href=\"https:\/\/blackcatseo.ca\/en\/seo-strategy\/\" \/>\n<meta property=\"og:locale\" content=\"en_US\" \/>\n<meta property=\"og:type\" content=\"article\" \/>\n<meta property=\"og:title\" content=\"SEO strategy\" \/>\n<meta property=\"og:description\" content=\"Validate business objectives in your natural SEO strategy, analyze your market and build an SEO strategy that increases your company&#039;s profitability on search engines.\" \/>\n<meta property=\"og:url\" content=\"https:\/\/blackcatseo.ca\/en\/seo-strategy\/\" \/>\n<meta property=\"og:site_name\" content=\"BlackCatSEO Montreal Agency\" \/>\n<meta property=\"article:publisher\" content=\"https:\/\/www.facebook.com\/blackcatSE0\" \/>\n<meta property=\"article:modified_time\" content=\"2024-07-08T15:35:31+00:00\" \/>\n<meta property=\"og:image\" content=\"https:\/\/blackcatseo.ca\/wp-content\/uploads\/Nouveau-logo-site-web-bc.png\" \/>\n\t<meta property=\"og:image:width\" content=\"1245\" \/>\n\t<meta property=\"og:image:height\" content=\"912\" \/>\n\t<meta property=\"og:image:type\" content=\"image\/png\" \/>\n<meta name=\"twitter:card\" content=\"summary_large_image\" \/>\n<meta name=\"twitter:site\" content=\"@blackcatSE0\" \/>\n<meta name=\"twitter:label1\" content=\"Est. reading time\" \/>\n\t<meta name=\"twitter:data1\" content=\"7 minutes\" \/>\n<script type=\"application\/ld+json\" class=\"yoast-schema-graph\">{\"@context\":\"https:\\\/\\\/schema.org\",\"@graph\":[{\"@type\":[\"WebPage\",\"ItemPage\"],\"@id\":\"https:\\\/\\\/blackcatseo.ca\\\/en\\\/seo-strategy\\\/\",\"url\":\"https:\\\/\\\/blackcatseo.ca\\\/en\\\/seo-strategy\\\/\",\"name\":\"SEO strategy - BlackCatSEO Montreal Agency\",\"isPartOf\":{\"@id\":\"https:\\\/\\\/blackcatseo.ca\\\/en\\\/#website\"},\"datePublished\":\"2020-07-09T21:26:34+00:00\",\"dateModified\":\"2024-07-08T15:35:31+00:00\",\"description\":\"Validate business objectives in your natural SEO strategy, analyze your market and build an SEO strategy that increases your company's profitability on search engines.\",\"breadcrumb\":{\"@id\":\"https:\\\/\\\/blackcatseo.ca\\\/en\\\/seo-strategy\\\/#breadcrumb\"},\"inLanguage\":\"en-CA\",\"potentialAction\":[{\"@type\":\"ReadAction\",\"target\":[\"https:\\\/\\\/blackcatseo.ca\\\/en\\\/seo-strategy\\\/\"]}]},{\"@type\":\"BreadcrumbList\",\"@id\":\"https:\\\/\\\/blackcatseo.ca\\\/en\\\/seo-strategy\\\/#breadcrumb\",\"itemListElement\":[{\"@type\":\"ListItem\",\"position\":1,\"name\":\"Accueil\",\"item\":\"https:\\\/\\\/blackcatseo.ca\\\/en\\\/\"},{\"@type\":\"ListItem\",\"position\":2,\"name\":\"SEO strategy\"}]},{\"@type\":\"WebSite\",\"@id\":\"https:\\\/\\\/blackcatseo.ca\\\/en\\\/#website\",\"url\":\"https:\\\/\\\/blackcatseo.ca\\\/en\\\/\",\"name\":\"Agence SEO \u00e0 Montr\u00e9al | R\u00e9f\u00e9rencement Web BlackCat\",\"description\":\"State-of-the-art SEO Agency in Montreal - Trafic Google, AIs &amp; LLMs\",\"publisher\":{\"@id\":\"https:\\\/\\\/blackcatseo.ca\\\/en\\\/#organization\"},\"alternateName\":\"BlackCat SEO Montreal\",\"potentialAction\":[{\"@type\":\"SearchAction\",\"target\":{\"@type\":\"EntryPoint\",\"urlTemplate\":\"https:\\\/\\\/blackcatseo.ca\\\/en\\\/?s={search_term_string}\"},\"query-input\":{\"@type\":\"PropertyValueSpecification\",\"valueRequired\":true,\"valueName\":\"search_term_string\"}}],\"inLanguage\":\"en-CA\"},{\"@type\":\"Organization\",\"@id\":\"https:\\\/\\\/blackcatseo.ca\\\/en\\\/#organization\",\"name\":\"Agence SEO \u00e0 Montr\u00e9al | R\u00e9f\u00e9rencement Web BlackCat\",\"alternateName\":\"Blackcat SEO Montreal\",\"url\":\"https:\\\/\\\/blackcatseo.ca\\\/en\\\/\",\"logo\":{\"@type\":\"ImageObject\",\"inLanguage\":\"en-CA\",\"@id\":\"https:\\\/\\\/blackcatseo.ca\\\/en\\\/#\\\/schema\\\/logo\\\/image\\\/\",\"url\":\"https:\\\/\\\/blackcatseo.ca\\\/wp-content\\\/uploads\\\/Nouveau-logo-site-web-bc.png\",\"contentUrl\":\"https:\\\/\\\/blackcatseo.ca\\\/wp-content\\\/uploads\\\/Nouveau-logo-site-web-bc.png\",\"width\":1245,\"height\":912,\"caption\":\"Agence SEO \u00e0 Montr\u00e9al | R\u00e9f\u00e9rencement Web BlackCat\"},\"image\":{\"@id\":\"https:\\\/\\\/blackcatseo.ca\\\/en\\\/#\\\/schema\\\/logo\\\/image\\\/\"},\"sameAs\":[\"https:\\\/\\\/www.facebook.com\\\/blackcatSE0\",\"https:\\\/\\\/x.com\\\/blackcatSE0\",\"https:\\\/\\\/www.instagram.com\\\/seocat514\\\/?hl=en\",\"https:\\\/\\\/www.linkedin.com\\\/company\\\/r-f-rencement-blackcat-seo\\\/?originalSubdomain=ca\"],\"ownershipFundingInfo\":\"https:\\\/\\\/blackcatseo.ca\\\/team\\\/\",\"ethicsPolicy\":\"https:\\\/\\\/blackcatseo.ca\\\/charte-ethique-blackcat\\\/\"},false]}<\/script>\n<!-- \/ Yoast SEO Premium plugin. -->","yoast_head_json":{"title":"SEO strategy - BlackCatSEO Montreal Agency","description":"Validate business objectives in your natural SEO strategy, analyze your market and build an SEO strategy that increases your company's profitability on search engines.","robots":{"index":"index","follow":"follow","max-snippet":"max-snippet:-1","max-image-preview":"max-image-preview:large","max-video-preview":"max-video-preview:-1"},"canonical":"https:\/\/blackcatseo.ca\/en\/seo-strategy\/","og_locale":"en_US","og_type":"article","og_title":"SEO strategy","og_description":"Validate business objectives in your natural SEO strategy, analyze your market and build an SEO strategy that increases your company's profitability on search engines.","og_url":"https:\/\/blackcatseo.ca\/en\/seo-strategy\/","og_site_name":"BlackCatSEO Montreal Agency","article_publisher":"https:\/\/www.facebook.com\/blackcatSE0","article_modified_time":"2024-07-08T15:35:31+00:00","og_image":[{"width":1245,"height":912,"url":"https:\/\/blackcatseo.ca\/wp-content\/uploads\/Nouveau-logo-site-web-bc.png","type":"image\/png"}],"twitter_card":"summary_large_image","twitter_site":"@blackcatSE0","twitter_misc":{"Est. reading time":"7 minutes"},"schema":{"@context":"https:\/\/schema.org","@graph":[{"@type":["WebPage","ItemPage"],"@id":"https:\/\/blackcatseo.ca\/en\/seo-strategy\/","url":"https:\/\/blackcatseo.ca\/en\/seo-strategy\/","name":"SEO strategy - BlackCatSEO Montreal Agency","isPartOf":{"@id":"https:\/\/blackcatseo.ca\/en\/#website"},"datePublished":"2020-07-09T21:26:34+00:00","dateModified":"2024-07-08T15:35:31+00:00","description":"Validate business objectives in your natural SEO strategy, analyze your market and build an SEO strategy that increases your company's profitability on search engines.","breadcrumb":{"@id":"https:\/\/blackcatseo.ca\/en\/seo-strategy\/#breadcrumb"},"inLanguage":"en-CA","potentialAction":[{"@type":"ReadAction","target":["https:\/\/blackcatseo.ca\/en\/seo-strategy\/"]}]},{"@type":"BreadcrumbList","@id":"https:\/\/blackcatseo.ca\/en\/seo-strategy\/#breadcrumb","itemListElement":[{"@type":"ListItem","position":1,"name":"Accueil","item":"https:\/\/blackcatseo.ca\/en\/"},{"@type":"ListItem","position":2,"name":"SEO strategy"}]},{"@type":"WebSite","@id":"https:\/\/blackcatseo.ca\/en\/#website","url":"https:\/\/blackcatseo.ca\/en\/","name":"Agence SEO \u00e0 Montr\u00e9al | R\u00e9f\u00e9rencement Web BlackCat","description":"State-of-the-art SEO Agency in Montreal - Trafic Google, AIs &amp; LLMs","publisher":{"@id":"https:\/\/blackcatseo.ca\/en\/#organization"},"alternateName":"BlackCat SEO Montreal","potentialAction":[{"@type":"SearchAction","target":{"@type":"EntryPoint","urlTemplate":"https:\/\/blackcatseo.ca\/en\/?s={search_term_string}"},"query-input":{"@type":"PropertyValueSpecification","valueRequired":true,"valueName":"search_term_string"}}],"inLanguage":"en-CA"},{"@type":"Organization","@id":"https:\/\/blackcatseo.ca\/en\/#organization","name":"Agence SEO \u00e0 Montr\u00e9al | R\u00e9f\u00e9rencement Web BlackCat","alternateName":"Blackcat SEO Montreal","url":"https:\/\/blackcatseo.ca\/en\/","logo":{"@type":"ImageObject","inLanguage":"en-CA","@id":"https:\/\/blackcatseo.ca\/en\/#\/schema\/logo\/image\/","url":"https:\/\/blackcatseo.ca\/wp-content\/uploads\/Nouveau-logo-site-web-bc.png","contentUrl":"https:\/\/blackcatseo.ca\/wp-content\/uploads\/Nouveau-logo-site-web-bc.png","width":1245,"height":912,"caption":"Agence SEO \u00e0 Montr\u00e9al | R\u00e9f\u00e9rencement Web BlackCat"},"image":{"@id":"https:\/\/blackcatseo.ca\/en\/#\/schema\/logo\/image\/"},"sameAs":["https:\/\/www.facebook.com\/blackcatSE0","https:\/\/x.com\/blackcatSE0","https:\/\/www.instagram.com\/seocat514\/?hl=en","https:\/\/www.linkedin.com\/company\/r-f-rencement-blackcat-seo\/?originalSubdomain=ca"],"ownershipFundingInfo":"https:\/\/blackcatseo.ca\/team\/","ethicsPolicy":"https:\/\/blackcatseo.ca\/charte-ethique-blackcat\/"},false]}},"yasr_visitor_votes":{"stars_attributes":{"read_only":false,"span_bottom":false},"number_of_votes":0,"sum_votes":0},"_links":{"self":[{"href":"https:\/\/blackcatseo.ca\/en\/wp-json\/wp\/v2\/pages\/16282","targetHints":{"allow":["GET"]}}],"collection":[{"href":"https:\/\/blackcatseo.ca\/en\/wp-json\/wp\/v2\/pages"}],"about":[{"href":"https:\/\/blackcatseo.ca\/en\/wp-json\/wp\/v2\/types\/page"}],"author":[{"embeddable":true,"href":"https:\/\/blackcatseo.ca\/en\/wp-json\/wp\/v2\/users\/1"}],"replies":[{"embeddable":true,"href":"https:\/\/blackcatseo.ca\/en\/wp-json\/wp\/v2\/comments?post=16282"}],"version-history":[{"count":11,"href":"https:\/\/blackcatseo.ca\/en\/wp-json\/wp\/v2\/pages\/16282\/revisions"}],"predecessor-version":[{"id":19178,"href":"https:\/\/blackcatseo.ca\/en\/wp-json\/wp\/v2\/pages\/16282\/revisions\/19178"}],"wp:attachment":[{"href":"https:\/\/blackcatseo.ca\/en\/wp-json\/wp\/v2\/media?parent=16282"}],"curies":[{"name":"wp","href":"https:\/\/api.w.org\/{rel}","templated":true}]}}