{"id":14706,"date":"2019-10-02T21:08:20","date_gmt":"2019-10-02T21:08:20","guid":{"rendered":"https:\/\/blackcatseo.ca\/sitemap\/"},"modified":"2019-10-27T23:14:11","modified_gmt":"2019-10-27T23:14:11","slug":"sitemap","status":"publish","type":"page","link":"https:\/\/blackcatseo.ca\/en\/sitemap\/","title":{"rendered":"Sitemap"},"content":{"rendered":"<div style='text-align:left' class='yasr-auto-insert-overall'><\/div><div id=\"simple-sitemap-container-69df4bb78e3e2\" class=\"simple-sitemap-container simple-sitemap-container-69df4bb78e3e2 tab-disabled\"><div class=\"simple-sitemap-wrap\"><h3 class=\"post-type\">Pages<\/h3><ul class=\"simple-sitemap-page main\"><li class=\"sitemap-item page_item page-item-19645\"><a href=\"https:\/\/blackcatseo.ca\/en\/aeo-montreal-agency\/\">AEO Montreal Agency<\/a><\/li>\n<li class=\"sitemap-item page_item page-item-17919\"><a href=\"https:\/\/blackcatseo.ca\/en\/omr-optimization-for-response-engines\/\">AI &amp; SEO Tools<\/a><\/li>\n<li class=\"sitemap-item page_item page-item-16604\"><a href=\"https:\/\/blackcatseo.ca\/en\/bing-ads-agency-2\/\">Bing Ads Agency and campaign management<\/a><\/li>\n<li class=\"sitemap-item page_item page-item-18762\"><a href=\"https:\/\/blackcatseo.ca\/en\/blackcat-code-of-ethics\/\">BlackCat Code of Ethics<\/a><\/li>\n<li class=\"sitemap-item page_item page-item-14488\"><a href=\"https:\/\/blackcatseo.ca\/en\/blog\/\">Blog<\/a><\/li>\n<li class=\"sitemap-item page_item page-item-14623\"><a href=\"https:\/\/blackcatseo.ca\/en\/contact\/\">contact<\/a><\/li>\n<li class=\"sitemap-item page_item page-item-16281\"><a href=\"https:\/\/blackcatseo.ca\/en\/content-marketing\/\">Content marketing<\/a><\/li>\n<li class=\"sitemap-item page_item page-item-16269\"><a href=\"https:\/\/blackcatseo.ca\/en\/content-optimization\/\">Content optimization<\/a><\/li>\n<li class=\"sitemap-item page_item page-item-16266\"><a href=\"https:\/\/blackcatseo.ca\/en\/creation-online-shop\/\">Creation online shop<\/a><\/li>\n<li class=\"sitemap-item page_item page-item-14499 page_item_has_children\"><a href=\"https:\/\/blackcatseo.ca\/en\/clients\/\">Customers<\/a>\n<ul class='children'>\n\t<li class=\"sitemap-item page_item page-item-14584\"><a href=\"https:\/\/blackcatseo.ca\/en\/clients\/e-commerce-seo-cases\/\">E-commerce - SEO Cases<\/a><\/li>\n\t<li class=\"sitemap-item page_item page-item-15912\"><a href=\"https:\/\/blackcatseo.ca\/en\/clients\/e-commerce-referencing-seo-cases\/\">E-commerce Referencing - SEO Cases<\/a><\/li>\n\t<li class=\"sitemap-item page_item page-item-14575\"><a href=\"https:\/\/blackcatseo.ca\/en\/clients\/seo-real-estate\/\">Referencing - Real Estate<\/a><\/li>\n\t<li class=\"sitemap-item page_item page-item-14577\"><a href=\"https:\/\/blackcatseo.ca\/en\/clients\/seo-renovation-2\/\">Referral - Renovation<\/a><\/li>\n\t<li class=\"sitemap-item page_item page-item-14583\"><a href=\"https:\/\/blackcatseo.ca\/en\/clients\/movers-seo-cases\/\">Referral Movers - SEO Cases<\/a><\/li>\n\t<li class=\"sitemap-item page_item page-item-14591\"><a href=\"https:\/\/blackcatseo.ca\/en\/clients\/health-beauty-massage-seo-cases\/\">SEO Healthcare<\/a><\/li>\n\t<li class=\"sitemap-item page_item page-item-14587\"><a href=\"https:\/\/blackcatseo.ca\/en\/clients\/seo-stores-shops-montreal\/\">SEO Stores, E-Commerce<\/a><\/li>\n<\/ul>\n<\/li>\n<li class=\"sitemap-item page_item page-item-16216\"><a href=\"https:\/\/blackcatseo.ca\/en\/cyber-security\/\">Cyber security<\/a><\/li>\n<li class=\"sitemap-item page_item page-item-14625\"><a href=\"https:\/\/blackcatseo.ca\/en\/digital-content\/\">Digital content<\/a><\/li>\n<li class=\"sitemap-item page_item page-item-16278\"><a href=\"https:\/\/blackcatseo.ca\/en\/e-reputation-agency-in-montreal\/\">E-reputation agency in Montreal<\/a><\/li>\n<li class=\"sitemap-item page_item page-item-16630\"><a href=\"https:\/\/blackcatseo.ca\/en\/facebook-ads\/\">Facebook Ads management agency<\/a><\/li>\n<li class=\"sitemap-item page_item page-item-14483\"><a href=\"https:\/\/blackcatseo.ca\/en\/free-seo-audit\/\">Free SEO analysis<\/a><\/li>\n<li class=\"sitemap-item page_item page-item-16268\"><a href=\"https:\/\/blackcatseo.ca\/en\/ppc-google-ads-agency\/\">Google Ads Agency<\/a><\/li>\n<li class=\"sitemap-item page_item page-item-16289\"><a href=\"https:\/\/blackcatseo.ca\/en\/google-adwords-analysis\/\">Google Adwords analysis<\/a><\/li>\n<li class=\"sitemap-item page_item page-item-14674\"><a href=\"https:\/\/blackcatseo.ca\/en\/google-results\/\">Google Results<\/a><\/li>\n<li class=\"sitemap-item page_item page-item-16613\"><a href=\"https:\/\/blackcatseo.ca\/en\/google-shopping-agency\/\">Google Shopping management Agency<\/a><\/li>\n<li class=\"sitemap-item page_item page-item-14702\"><a href=\"https:\/\/blackcatseo.ca\/en\/web-graphics\/\">Graphics and Web Design Services<\/a><\/li>\n<li class=\"sitemap-item page_item page-item-14637\"><a href=\"https:\/\/blackcatseo.ca\/en\/influencer-marketing\/\">Influence marketing<\/a><\/li>\n<li class=\"sitemap-item page_item page-item-15911\"><a href=\"https:\/\/blackcatseo.ca\/en\/influencers-twitter-and-instagram\/\">Influencers twitter and instagram<\/a><\/li>\n<li class=\"sitemap-item page_item page-item-14632\"><a href=\"https:\/\/blackcatseo.ca\/en\/twitter-instagram-influencers\/\">Influencers twitter and instagram<\/a><\/li>\n<li class=\"sitemap-item page_item page-item-16274\"><a href=\"https:\/\/blackcatseo.ca\/en\/keyword-study\/\">Keyword study<\/a><\/li>\n<li class=\"sitemap-item page_item page-item-14639\"><a href=\"https:\/\/blackcatseo.ca\/en\/legal\/\">Legal<\/a><\/li>\n<li class=\"sitemap-item page_item page-item-14634\"><a href=\"https:\/\/blackcatseo.ca\/en\/link-building\/\">Link Building - Backlinks Construction<\/a><\/li>\n<li class=\"sitemap-item page_item page-item-14659\"><a href=\"https:\/\/blackcatseo.ca\/en\/us-medias\/\">Media Publications &amp; Press Relations USA<\/a><\/li>\n<li class=\"sitemap-item page_item page-item-16272\"><a href=\"https:\/\/blackcatseo.ca\/en\/mobile-referencing\/\">Mobile SEO<\/a><\/li>\n<li class=\"sitemap-item page_item page-item-16301\"><a href=\"https:\/\/blackcatseo.ca\/en\/montreal-blog-creation\/\">Montreal blog creation<\/a><\/li>\n<li class=\"sitemap-item page_item page-item-16295\"><a href=\"https:\/\/blackcatseo.ca\/en\/acquiring-links\/\">Netlinking - Link acquisition<\/a><\/li>\n<li class=\"sitemap-item page_item page-item-14670\"><a href=\"https:\/\/blackcatseo.ca\/en\/e-reputation\/\">Online reputation and E-reputation<\/a><\/li>\n<li class=\"sitemap-item page_item page-item-14636\"><a href=\"https:\/\/blackcatseo.ca\/en\/outreach-netlinking\/\">Outreachs and Netlinking<\/a><\/li>\n<li class=\"sitemap-item page_item page-item-14486\"><a href=\"https:\/\/blackcatseo.ca\/en\/publications\/\">Press Relations and Media Publications<\/a><\/li>\n<li class=\"sitemap-item page_item page-item-16618\"><a href=\"https:\/\/blackcatseo.ca\/en\/programmatic-advertising-agency\/\">Programmatic advertising agency<\/a><\/li>\n<li class=\"sitemap-item page_item page-item-14676 page_item_has_children\"><a href=\"https:\/\/blackcatseo.ca\/en\/sem\/\">SEM - AdWords Ads<\/a>\n<ul class='children'>\n\t<li class=\"sitemap-item page_item page-item-14679\"><a href=\"https:\/\/blackcatseo.ca\/en\/sem\/certifications\/\">PPC expertise and certifications<\/a><\/li>\n<\/ul>\n<\/li>\n<li class=\"sitemap-item page_item page-item-17655\"><a href=\"https:\/\/blackcatseo.ca\/en\/redaction-seo-copywriting-2\/\">SEO &amp; Copywriting<\/a><\/li>\n<li class=\"sitemap-item page_item page-item-16645\"><a href=\"https:\/\/blackcatseo.ca\/en\/seo-copywriting\/\">SEO &amp; CopyWriting Montreal<\/a><\/li>\n<li class=\"sitemap-item page_item page-item-14697\"><a href=\"https:\/\/blackcatseo.ca\/en\/local-seo\/\">SEO &amp; r\u00e9f\u00e9rencement Local<\/a><\/li>\n<li class=\"sitemap-item page_item page-item-16314\"><a href=\"https:\/\/blackcatseo.ca\/en\/organic-seo-agency\/\">SEO agency<\/a><\/li>\n<li class=\"sitemap-item page_item page-item-18515\"><a href=\"https:\/\/blackcatseo.ca\/en\/seo-agency-in-gatineau\/\">SEO Agency in Gatineau<\/a><\/li>\n<li class=\"sitemap-item page_item page-item-18525\"><a href=\"https:\/\/blackcatseo.ca\/en\/seo-agency-in-laval\/\">SEO Agency in Laval<\/a><\/li>\n<li class=\"sitemap-item page_item page-item-18532\"><a href=\"https:\/\/blackcatseo.ca\/en\/seo-agency-in-longueuil\/\">SEO Agency in Longueuil<\/a><\/li>\n<li class=\"sitemap-item page_item page-item-18537\"><a href=\"https:\/\/blackcatseo.ca\/en\/seo-agency-in-louiseville\/\">SEO Agency in Louiseville<\/a><\/li>\n<li class=\"sitemap-item page_item page-item-14700\"><a href=\"https:\/\/blackcatseo.ca\/en\/\">SEO Agency in Montreal - BlackCatSEO<\/a><\/li>\n<li class=\"sitemap-item page_item page-item-18543\"><a href=\"https:\/\/blackcatseo.ca\/en\/seo-agency-in-shawinigan\/\">SEO Agency in Shawinigan<\/a><\/li>\n<li class=\"sitemap-item page_item page-item-18303\"><a href=\"https:\/\/blackcatseo.ca\/en\/seo-agency-in-trois-rivieres\/\">SEO Agency in Trois-Rivi\u00e8res<\/a><\/li>\n<li class=\"sitemap-item page_item page-item-16276\"><a href=\"https:\/\/blackcatseo.ca\/en\/seo-analysis-and-audit\/\">SEO Analysis and Audit<\/a><\/li>\n<li class=\"sitemap-item page_item page-item-19550\"><a href=\"https:\/\/blackcatseo.ca\/en\/seo-and-seo-on-perplexity\/\">SEO and SEO on Perplexity<\/a><\/li>\n<li class=\"sitemap-item page_item page-item-19448\"><a href=\"https:\/\/blackcatseo.ca\/en\/seo-chatgpt\/\">SEO LLMs, ChatGPT &amp; Search GPT<\/a><\/li>\n<li class=\"sitemap-item page_item page-item-14665\"><a href=\"https:\/\/blackcatseo.ca\/en\/seo-quebec\/\">SEO Quebec<\/a><\/li>\n<li class=\"sitemap-item page_item page-item-14630\"><a href=\"https:\/\/blackcatseo.ca\/en\/seo-training\/\">SEO Referencing Training<\/a><\/li>\n<li class=\"sitemap-item page_item page-item-14705\"><a href=\"https:\/\/blackcatseo.ca\/en\/seo-services-canada\/\">SEO Services Canada<\/a><\/li>\n<li class=\"sitemap-item page_item page-item-16282\"><a href=\"https:\/\/blackcatseo.ca\/en\/seo-strategy\/\">SEO strategy<\/a><\/li>\n<li class=\"sitemap-item page_item page-item-16271\"><a href=\"https:\/\/blackcatseo.ca\/en\/showcase-site\/\">Showcase site<\/a><\/li>\n<li class=\"sitemap-item page_item page-item-14706\"><a href=\"https:\/\/blackcatseo.ca\/en\/sitemap\/\">Sitemap<\/a><\/li>\n<li class=\"sitemap-item page_item page-item-14491 page_item_has_children\"><a href=\"https:\/\/blackcatseo.ca\/en\/social\/\">Social campaigns management<\/a>\n<ul class='children'>\n\t<li class=\"sitemap-item page_item page-item-14492\"><a href=\"https:\/\/blackcatseo.ca\/en\/social\/fan-acquisition\/\">Acquisition of Fans<\/a><\/li>\n\t<li class=\"sitemap-item page_item page-item-14494\"><a href=\"https:\/\/blackcatseo.ca\/en\/social\/social-profile-creation\/\">Creating social profiles<\/a><\/li>\n\t<li class=\"sitemap-item page_item page-item-14496\"><a href=\"https:\/\/blackcatseo.ca\/en\/social\/social-strategy\/\">Social strategy<\/a><\/li>\n<\/ul>\n<\/li>\n<li class=\"sitemap-item page_item page-item-14649\"><a href=\"https:\/\/blackcatseo.ca\/en\/social-media\/\">Social Media<\/a><\/li>\n<li class=\"sitemap-item page_item page-item-16580\"><a href=\"https:\/\/blackcatseo.ca\/en\/team\/\">Team<\/a><\/li>\n<li class=\"sitemap-item page_item page-item-14652\"><a href=\"https:\/\/blackcatseo.ca\/en\/tracking-seo\/\">Tracking and reporting SEO<\/a><\/li>\n<li class=\"sitemap-item page_item page-item-14618 page_item_has_children\"><a href=\"https:\/\/blackcatseo.ca\/en\/web-design\/\">Web design in Montreal<\/a>\n<ul class='children'>\n\t<li class=\"sitemap-item page_item page-item-14620\"><a href=\"https:\/\/blackcatseo.ca\/en\/web-design\/magento\/\">Magento website design and SEO<\/a><\/li>\n\t<li class=\"sitemap-item page_item page-item-14621\"><a href=\"https:\/\/blackcatseo.ca\/en\/web-design\/wordpress\/\">Wordpress Design and SEO<\/a><\/li>\n<\/ul>\n<\/li>\n<li class=\"sitemap-item page_item page-item-14478\"><a href=\"https:\/\/blackcatseo.ca\/en\/web-agency\/\">Web Marketing Agency<\/a><\/li>\n<li class=\"sitemap-item page_item page-item-17994\"><a href=\"https:\/\/blackcatseo.ca\/en\/web-marketing-agency\/\">Web marketing agency<\/a><\/li>\n<li class=\"sitemap-item page_item page-item-14667\"><a href=\"https:\/\/blackcatseo.ca\/en\/webmarketing-seo\/\">Webmarketing and SEO<\/a><\/li>\n<li class=\"sitemap-item page_item page-item-14657\"><a href=\"https:\/\/blackcatseo.ca\/en\/why-blackcat\/\">Why Blackcat?<\/a><\/li>\n<\/ul><\/div><\/div><br style=\"clear: both;\">\n","protected":false},"excerpt":{"rendered":"","protected":false},"author":1,"featured_media":0,"parent":0,"menu_order":0,"comment_status":"closed","ping_status":"open","template":"","meta":{"yasr_overall_rating":0,"yasr_post_is_review":"","yasr_auto_insert_disabled":"","yasr_review_type":"Place","footnotes":""},"class_list":["post-14706","page","type-page","status-publish","hentry"],"yoast_head":"<!-- This site is optimized with the Yoast SEO Premium plugin v27.3 (Yoast SEO v27.3) - https:\/\/yoast.com\/product\/yoast-seo-premium-wordpress\/ -->\n<title>Sitemap - BlackCatSEO Montreal Agency<\/title>\n<meta name=\"description\" content=\"Site map\" \/>\n<meta name=\"robots\" content=\"index, follow, max-snippet:-1, max-image-preview:large, max-video-preview:-1\" \/>\n<link rel=\"canonical\" href=\"https:\/\/blackcatseo.ca\/en\/sitemap\/\" \/>\n<meta property=\"og:locale\" content=\"en_US\" \/>\n<meta property=\"og:type\" content=\"article\" \/>\n<meta property=\"og:title\" content=\"Sitemap\" \/>\n<meta property=\"og:description\" content=\"Site map\" \/>\n<meta property=\"og:url\" content=\"https:\/\/blackcatseo.ca\/en\/sitemap\/\" \/>\n<meta property=\"og:site_name\" content=\"BlackCatSEO Montreal Agency\" \/>\n<meta property=\"article:publisher\" content=\"https:\/\/www.facebook.com\/blackcatSE0\" \/>\n<meta property=\"article:modified_time\" content=\"2019-10-27T23:14:11+00:00\" \/>\n<meta property=\"og:image\" content=\"https:\/\/blackcatseo.ca\/wp-content\/uploads\/Nouveau-logo-site-web-bc.png\" \/>\n\t<meta property=\"og:image:width\" content=\"1245\" \/>\n\t<meta property=\"og:image:height\" content=\"912\" \/>\n\t<meta property=\"og:image:type\" content=\"image\/png\" \/>\n<meta name=\"twitter:card\" content=\"summary_large_image\" \/>\n<meta name=\"twitter:site\" content=\"@blackcatSE0\" \/>\n<script type=\"application\/ld+json\" class=\"yoast-schema-graph\">{\"@context\":\"https:\\\/\\\/schema.org\",\"@graph\":[{\"@type\":[\"WebPage\",\"ItemPage\"],\"@id\":\"https:\\\/\\\/blackcatseo.ca\\\/en\\\/sitemap\\\/\",\"url\":\"https:\\\/\\\/blackcatseo.ca\\\/en\\\/sitemap\\\/\",\"name\":\"Sitemap - BlackCatSEO Montreal Agency\",\"isPartOf\":{\"@id\":\"https:\\\/\\\/blackcatseo.ca\\\/en\\\/#website\"},\"datePublished\":\"2019-10-02T21:08:20+00:00\",\"dateModified\":\"2019-10-27T23:14:11+00:00\",\"description\":\"Site map\",\"breadcrumb\":{\"@id\":\"https:\\\/\\\/blackcatseo.ca\\\/en\\\/sitemap\\\/#breadcrumb\"},\"inLanguage\":\"en-CA\",\"potentialAction\":[{\"@type\":\"ReadAction\",\"target\":[\"https:\\\/\\\/blackcatseo.ca\\\/en\\\/sitemap\\\/\"]}]},{\"@type\":\"BreadcrumbList\",\"@id\":\"https:\\\/\\\/blackcatseo.ca\\\/en\\\/sitemap\\\/#breadcrumb\",\"itemListElement\":[{\"@type\":\"ListItem\",\"position\":1,\"name\":\"Accueil\",\"item\":\"https:\\\/\\\/blackcatseo.ca\\\/en\\\/\"},{\"@type\":\"ListItem\",\"position\":2,\"name\":\"Sitemap\"}]},{\"@type\":\"WebSite\",\"@id\":\"https:\\\/\\\/blackcatseo.ca\\\/en\\\/#website\",\"url\":\"https:\\\/\\\/blackcatseo.ca\\\/en\\\/\",\"name\":\"Agence SEO \u00e0 Montr\u00e9al | R\u00e9f\u00e9rencement Web BlackCat\",\"description\":\"State-of-the-art SEO Agency in Montreal - Trafic Google, AIs &amp; LLMs\",\"publisher\":{\"@id\":\"https:\\\/\\\/blackcatseo.ca\\\/en\\\/#organization\"},\"alternateName\":\"BlackCat SEO Montreal\",\"potentialAction\":[{\"@type\":\"SearchAction\",\"target\":{\"@type\":\"EntryPoint\",\"urlTemplate\":\"https:\\\/\\\/blackcatseo.ca\\\/en\\\/?s={search_term_string}\"},\"query-input\":{\"@type\":\"PropertyValueSpecification\",\"valueRequired\":true,\"valueName\":\"search_term_string\"}}],\"inLanguage\":\"en-CA\"},{\"@type\":\"Organization\",\"@id\":\"https:\\\/\\\/blackcatseo.ca\\\/en\\\/#organization\",\"name\":\"Agence SEO \u00e0 Montr\u00e9al | R\u00e9f\u00e9rencement Web BlackCat\",\"alternateName\":\"Blackcat SEO Montreal\",\"url\":\"https:\\\/\\\/blackcatseo.ca\\\/en\\\/\",\"logo\":{\"@type\":\"ImageObject\",\"inLanguage\":\"en-CA\",\"@id\":\"https:\\\/\\\/blackcatseo.ca\\\/en\\\/#\\\/schema\\\/logo\\\/image\\\/\",\"url\":\"https:\\\/\\\/blackcatseo.ca\\\/wp-content\\\/uploads\\\/Nouveau-logo-site-web-bc.png\",\"contentUrl\":\"https:\\\/\\\/blackcatseo.ca\\\/wp-content\\\/uploads\\\/Nouveau-logo-site-web-bc.png\",\"width\":1245,\"height\":912,\"caption\":\"Agence SEO \u00e0 Montr\u00e9al | R\u00e9f\u00e9rencement Web BlackCat\"},\"image\":{\"@id\":\"https:\\\/\\\/blackcatseo.ca\\\/en\\\/#\\\/schema\\\/logo\\\/image\\\/\"},\"sameAs\":[\"https:\\\/\\\/www.facebook.com\\\/blackcatSE0\",\"https:\\\/\\\/x.com\\\/blackcatSE0\",\"https:\\\/\\\/www.instagram.com\\\/seocat514\\\/?hl=en\",\"https:\\\/\\\/www.linkedin.com\\\/company\\\/r-f-rencement-blackcat-seo\\\/?originalSubdomain=ca\"],\"ownershipFundingInfo\":\"https:\\\/\\\/blackcatseo.ca\\\/team\\\/\",\"ethicsPolicy\":\"https:\\\/\\\/blackcatseo.ca\\\/charte-ethique-blackcat\\\/\"},false]}<\/script>\n<!-- \/ Yoast SEO Premium plugin. -->","yoast_head_json":{"title":"Sitemap - BlackCatSEO Montreal Agency","description":"Site map","robots":{"index":"index","follow":"follow","max-snippet":"max-snippet:-1","max-image-preview":"max-image-preview:large","max-video-preview":"max-video-preview:-1"},"canonical":"https:\/\/blackcatseo.ca\/en\/sitemap\/","og_locale":"en_US","og_type":"article","og_title":"Sitemap","og_description":"Site map","og_url":"https:\/\/blackcatseo.ca\/en\/sitemap\/","og_site_name":"BlackCatSEO Montreal Agency","article_publisher":"https:\/\/www.facebook.com\/blackcatSE0","article_modified_time":"2019-10-27T23:14:11+00:00","og_image":[{"width":1245,"height":912,"url":"https:\/\/blackcatseo.ca\/wp-content\/uploads\/Nouveau-logo-site-web-bc.png","type":"image\/png"}],"twitter_card":"summary_large_image","twitter_site":"@blackcatSE0","schema":{"@context":"https:\/\/schema.org","@graph":[{"@type":["WebPage","ItemPage"],"@id":"https:\/\/blackcatseo.ca\/en\/sitemap\/","url":"https:\/\/blackcatseo.ca\/en\/sitemap\/","name":"Sitemap - BlackCatSEO Montreal Agency","isPartOf":{"@id":"https:\/\/blackcatseo.ca\/en\/#website"},"datePublished":"2019-10-02T21:08:20+00:00","dateModified":"2019-10-27T23:14:11+00:00","description":"Site map","breadcrumb":{"@id":"https:\/\/blackcatseo.ca\/en\/sitemap\/#breadcrumb"},"inLanguage":"en-CA","potentialAction":[{"@type":"ReadAction","target":["https:\/\/blackcatseo.ca\/en\/sitemap\/"]}]},{"@type":"BreadcrumbList","@id":"https:\/\/blackcatseo.ca\/en\/sitemap\/#breadcrumb","itemListElement":[{"@type":"ListItem","position":1,"name":"Accueil","item":"https:\/\/blackcatseo.ca\/en\/"},{"@type":"ListItem","position":2,"name":"Sitemap"}]},{"@type":"WebSite","@id":"https:\/\/blackcatseo.ca\/en\/#website","url":"https:\/\/blackcatseo.ca\/en\/","name":"Agence SEO \u00e0 Montr\u00e9al | R\u00e9f\u00e9rencement Web BlackCat","description":"State-of-the-art SEO Agency in Montreal - Trafic Google, AIs &amp; LLMs","publisher":{"@id":"https:\/\/blackcatseo.ca\/en\/#organization"},"alternateName":"BlackCat SEO Montreal","potentialAction":[{"@type":"SearchAction","target":{"@type":"EntryPoint","urlTemplate":"https:\/\/blackcatseo.ca\/en\/?s={search_term_string}"},"query-input":{"@type":"PropertyValueSpecification","valueRequired":true,"valueName":"search_term_string"}}],"inLanguage":"en-CA"},{"@type":"Organization","@id":"https:\/\/blackcatseo.ca\/en\/#organization","name":"Agence SEO \u00e0 Montr\u00e9al | R\u00e9f\u00e9rencement Web BlackCat","alternateName":"Blackcat SEO Montreal","url":"https:\/\/blackcatseo.ca\/en\/","logo":{"@type":"ImageObject","inLanguage":"en-CA","@id":"https:\/\/blackcatseo.ca\/en\/#\/schema\/logo\/image\/","url":"https:\/\/blackcatseo.ca\/wp-content\/uploads\/Nouveau-logo-site-web-bc.png","contentUrl":"https:\/\/blackcatseo.ca\/wp-content\/uploads\/Nouveau-logo-site-web-bc.png","width":1245,"height":912,"caption":"Agence SEO \u00e0 Montr\u00e9al | R\u00e9f\u00e9rencement Web BlackCat"},"image":{"@id":"https:\/\/blackcatseo.ca\/en\/#\/schema\/logo\/image\/"},"sameAs":["https:\/\/www.facebook.com\/blackcatSE0","https:\/\/x.com\/blackcatSE0","https:\/\/www.instagram.com\/seocat514\/?hl=en","https:\/\/www.linkedin.com\/company\/r-f-rencement-blackcat-seo\/?originalSubdomain=ca"],"ownershipFundingInfo":"https:\/\/blackcatseo.ca\/team\/","ethicsPolicy":"https:\/\/blackcatseo.ca\/charte-ethique-blackcat\/"},false]}},"yasr_visitor_votes":{"stars_attributes":{"read_only":false,"span_bottom":false},"number_of_votes":0,"sum_votes":0},"_links":{"self":[{"href":"https:\/\/blackcatseo.ca\/en\/wp-json\/wp\/v2\/pages\/14706","targetHints":{"allow":["GET"]}}],"collection":[{"href":"https:\/\/blackcatseo.ca\/en\/wp-json\/wp\/v2\/pages"}],"about":[{"href":"https:\/\/blackcatseo.ca\/en\/wp-json\/wp\/v2\/types\/page"}],"author":[{"embeddable":true,"href":"https:\/\/blackcatseo.ca\/en\/wp-json\/wp\/v2\/users\/1"}],"replies":[{"embeddable":true,"href":"https:\/\/blackcatseo.ca\/en\/wp-json\/wp\/v2\/comments?post=14706"}],"version-history":[{"count":4,"href":"https:\/\/blackcatseo.ca\/en\/wp-json\/wp\/v2\/pages\/14706\/revisions"}],"predecessor-version":[{"id":15745,"href":"https:\/\/blackcatseo.ca\/en\/wp-json\/wp\/v2\/pages\/14706\/revisions\/15745"}],"wp:attachment":[{"href":"https:\/\/blackcatseo.ca\/en\/wp-json\/wp\/v2\/media?parent=14706"}],"curies":[{"name":"wp","href":"https:\/\/api.w.org\/{rel}","templated":true}]}}