{"id":14667,"date":"2019-09-30T20:43:12","date_gmt":"2019-09-30T20:43:12","guid":{"rendered":"https:\/\/blackcatseo.ca\/web-referencing-in-montreal\/"},"modified":"2023-08-23T18:09:06","modified_gmt":"2023-08-23T18:09:06","slug":"webmarketing-seo","status":"publish","type":"page","link":"https:\/\/blackcatseo.ca\/en\/webmarketing-seo\/","title":{"rendered":"Webmarketing and SEO"},"content":{"rendered":"<div style='text-align:left' class='yasr-auto-insert-overall'><\/div><h1>The reference for Webmarketing in Montreal<\/h1>\n<p>&nbsp;<\/p>\n<p><em>Putting your website online is not enough to ensure its online visibility.<\/em> You created it on your own or by calling on a developer, or a team, and you like the design and experience you get. But you also need to implement the methods for it to be found and seen on search engines such as Google, Yahoo, Bing: this is web referencing.<\/p>\n<p>Natural <a href=\"https:\/\/blackcatseo.ca\/\">SEO<\/a> (Search Engine Optimization) is a mixture of techniques that, when worked in symbiosis, help you increase the visibility of your website on search engines in order to attract more qualified traffic.<\/p>\n<p>&nbsp;<\/p>\n<h1>What does &#8216;natural \/ organic SEO&#8217; mean?<\/h1>\n<p>There are more and more companies offering services to optimally improve the &#8220;referencing of your website.&#8221; If web referencing is indeed important, it is still necessary to know its contours. What is web referencing? What are the interests of opting for this solution? Knowing the answers to these questions is essential before you get started.<\/p>\n<h2>Definition of SEO<\/h2>\n<p>When you set up a website, it is so that it is consulted by a more or less important audience. It is therefore important that the address of the site is easy to find when launching a search. Web referencing is simply all the tools and practices that will allow a website to be well ranked in the results of a search engine.<\/p>\n<div>There are, however, several types of web referencing:<\/div>\n<ul>\n<li>\n<div>Natural web referencing;<\/div>\n<\/li>\n<li>Paid referencing (also known as &#8220;sponsored referencing&#8221;).<\/li>\n<\/ul>\n<h2>Distinction between different types of technical SEO<\/h2>\n<p>There are various categories of web referencing.<\/p>\n<h3>Paid Ads<\/h3>\n<p>As the name suggests, paid REFERencing will require expenses. Simply, this type of web referencing consists of the purchase of digital advertising spaces that will allow the site to gain visibility on the web. These spaces can be banners or even adwords campaigns.<\/p>\n<h3>Natural traffic<\/h3>\n<p>On the natural seering side, it&#8217;s another bell sound. Here, no space purchase, but just the use of effective techniques and tricks in order to increase the visibility of the website as well as its positioning in the results displayed by search engines.<\/p>\n<h2>Who should be entrusted with SEO ?<\/h2>\n<div>Several options are possible:<\/div>\n<ul>\n<li>\n<div>Entrust the referencing of its website to professionals;<\/div>\n<\/li>\n<li>\n<div>Choose to refer your own website;<\/div>\n<\/li>\n<li>Entrust referencing to a third party (e.g. an employee).<\/li>\n<\/ul>\n<p>To entrust this mission to professionals is to make the choice of quality. Indeed, these SEO professionals are often web agencies with the necessary skills to ensure optimal web referencing. Of course, this option includes compensation from the agency for the work done. These professionals can also keep an eye on the progress of the site&#8217;s visibility in order to react as quickly as possible when a problem negatively affects the visibility of your site.<\/p>\n<h2>Is ensuring your own SEO a good idea?<\/h2>\n<p>In order to help ensure a good natural web referencing, it is possible, through research, to find techniques and tricks on the net. For example: One of these tricks is to insert one or more keywords in different places on a web page or article. While it is true that this trick can help, it alone does not guarantee the success of referencing a website. Indeed, other tools are needed since natural referencing is also done at other levels. Unless you have a web editor who masters the rules of REFERencing, it is better to entrust this mission to professional agencies.<\/p>\n<h2>Is SEO enough to provide better visibility?<\/h2>\n<p>For web referencing to be highly efficient, other conditions need to be met. First, the content published on the site must be of quality. This will encourage targets to become more loyal. Then, you have to try to communicate about the notoriety of the site, for example by also being present on social networks. This will also create a community around your site.<\/p>\n<p>Natural web referencing traditionally opposes the marketing techniques of paid search engines, including the PPC (Ad Words) of placing a certain amount of money per click on certain keywords and keyword groups. It is thus possible to artificially attract traffic and visitors to its website. An expensive and less and less effective technique as visitors are less able to learn about the lack of relevance of paid links, organic or natural web referencing has become a reliable and robust solution for attracting companies and marketers. qualified leads without subsequent expenses.<\/p>\n<p>Optimizing your site for natural referencing simply means cleaning up every aspect (internal or external) of its site:<\/p>\n<div class=\"fusion-fullwidth fullwidth-box fusion-builder-row-1 hundred-percent-fullwidth non-hundred-percent-height-scrolling\" style=\"--awb-border-radius-top-left:0px;--awb-border-radius-top-right:0px;--awb-border-radius-bottom-right:0px;--awb-border-radius-bottom-left:0px;--awb-overflow:visible;--awb-flex-wrap:wrap;\" ><div class=\"fusion-builder-row fusion-row\"><div class=\"fusion-layout-column fusion_builder_column fusion-builder-column-0 fusion_builder_column_1_1 1_1 fusion-one-full fusion-column-first fusion-column-last fusion-column-no-min-height\" style=\"--awb-bg-size:cover;--awb-margin-bottom:0px;\"><div class=\"fusion-column-wrapper fusion-flex-column-wrapper-legacy\"><ul style=\"--awb-line-height:23.8px;--awb-icon-width:23.8px;--awb-icon-height:23.8px;--awb-icon-margin:9.8px;--awb-content-margin:33.6px;\" class=\"fusion-checklist fusion-checklist-1 fusion-checklist-default type-icons\">\n<p>&nbsp;<\/p>\n\n<li class=\"fusion-li-item\" style=\"\"><span class=\"icon-wrapper circle-no\"><i class=\"fusion-li-icon awb-icon-check\" aria-hidden=\"true\"><\/i><\/span><div class=\"fusion-li-item-content\"><a href=\"http:\/\/blackcatseo.ca\/seo-interne\/performance-site\/\">Site Performance<\/a><\/div><\/li>\n<li class=\"fusion-li-item\" style=\"\"><span class=\"icon-wrapper circle-no\"><i class=\"fusion-li-icon awb-icon-check\" aria-hidden=\"true\"><\/i><\/span><div class=\"fusion-li-item-content\"><a href=\"http:\/\/blackcatseo.ca\/seo-interne\/definition-du-contenu\/\">Definition of Content<\/a><\/div><\/li>\n<li class=\"fusion-li-item\" style=\"\"><span class=\"icon-wrapper circle-no\"><i class=\"fusion-li-icon awb-icon-check\" aria-hidden=\"true\"><\/i><\/span><div class=\"fusion-li-item-content\"><a href=\"http:\/\/blackcatseo.ca\/seo-interne\/accessibilite-du-crawler\/\">Accessibility of the Crawler<\/a><\/div><\/li>\n<li class=\"fusion-li-item\" style=\"\"><span class=\"icon-wrapper circle-no\"><i class=\"fusion-li-icon awb-icon-check\" aria-hidden=\"true\"><\/i><\/span><div class=\"fusion-li-item-content\"><a href=\"http:\/\/blackcatseo.ca\/seo-externe\/\">External SEO<\/a><\/div><\/li>\n<li class=\"fusion-li-item\" style=\"\"><span class=\"icon-wrapper circle-no\"><i class=\"fusion-li-icon awb-icon-check\" aria-hidden=\"true\"><\/i><\/span><div class=\"fusion-li-item-content\"><a href=\"http:\/\/blackcatseo.ca\/seo-externe\/construction-de-backlinks\/\">Building Backlinks<\/a><\/div><\/li>\n<li class=\"fusion-li-item\" style=\"\"><span class=\"icon-wrapper circle-no\"><i class=\"fusion-li-icon awb-icon-check\" aria-hidden=\"true\"><\/i><\/span><div class=\"fusion-li-item-content\"><a href=\"http:\/\/blackcatseo.ca\/seo-externe\/entretien-backlinks\/\">Link maintenance<\/a><\/div><\/li>\n<li class=\"fusion-li-item\" style=\"\"><span class=\"icon-wrapper circle-no\"><i class=\"fusion-li-icon awb-icon-check\" aria-hidden=\"true\"><\/i><\/span><div class=\"fusion-li-item-content\"><a href=\"http:\/\/blackcatseo.ca\/social\/creation-de-profils-sociaux\/\">Creating social profiles<\/a><\/div><\/li>\n<li class=\"fusion-li-item\" style=\"\"><span class=\"icon-wrapper circle-no\"><i class=\"fusion-li-icon awb-icon-check\" aria-hidden=\"true\"><\/i><\/span><div class=\"fusion-li-item-content\"><a href=\"http:\/\/blackcatseo.ca\/social\/strategie-sociale\/\">Social strategy<\/a><\/div><\/li>\n<li class=\"fusion-li-item\" style=\"\"><span class=\"icon-wrapper circle-no\"><i class=\"fusion-li-icon awb-icon-check\" aria-hidden=\"true\"><\/i><\/span><div class=\"fusion-li-item-content\"><a href=\"http:\/\/blackcatseo.ca\/social\/acquisition-de-fans\/\">Acquisition of Fans<\/a><\/div><\/li>\n\n<p style=\"text-align: center;\"><\/ul>\n<p>Your paid SEO campaigns will gradually decrease as your rankings for the same keywords increase in the natural results of search engines. You find equivalent and even more skilled traffic, without spending on it.<\/p>\n<p>&nbsp;<\/p>\n<h1>Long-term web referencing<\/h1>\n<p>The natural optimization operations of your site are necessarily about improving your website in every way. Natural SEO is today a solid webmarketing, a clean development, in short: it only reflects a healthy business. In addition, penalty filters prevent 10,000 incoming links from being built in a single day without being thrown into the sandbox.<\/p>\n<p>So together we build the steps that need to be taken to bring you closer to your goals:<\/p>\n<p><em>The first page of search engine results for your chosen keywords<\/em><br \/>\n<em> A gradual and natural increase in your organic traffic not related to your brand.<\/em><br \/>\n<em> Better conversion due to optimizing your pages<\/em><br \/>\n<em> A substantial or total reduction in your online advertising costs (Ad words)<br \/>\n<\/em><\/p>\n<h1><img decoding=\"async\" class=\"lazyload size-full wp-image-14029 aligncenter\" src=\"https:\/\/blackcatseo.ca\/wp-content\/uploads\/certifs-seo-agence.png\" data-orig-src=\"https:\/\/blackcatseo.ca\/wp-content\/uploads\/certifs-seo-agence.png\" alt=\"\" width=\"250\" height=\"170\" srcset=\"data:image\/svg+xml,%3Csvg%20xmlns%3D%27http%3A%2F%2Fwww.w3.org%2F2000%2Fsvg%27%20width%3D%27250%27%20height%3D%27170%27%20viewBox%3D%270%200%20250%20170%27%3E%3Crect%20width%3D%27250%27%20height%3D%27170%27%20fill-opacity%3D%220%22%2F%3E%3C%2Fsvg%3E\" data-srcset=\"https:\/\/blackcatseo.ca\/wp-content\/uploads\/certifs-seo-agence-200x136.png 200w, https:\/\/blackcatseo.ca\/wp-content\/uploads\/certifs-seo-agence.png 250w\" data-sizes=\"auto\" data-orig-sizes=\"(max-width: 250px) 100vw, 250px\" \/><\/h1>\n<h1>Aim for natural traffic!<\/h1>\n<p>&nbsp;<\/p>\n<p>All that remains is to put in place all the points explained in your SEO recommendations, and to pass on to your team in-house the important elements to watch. Don&#8217;t panic! We adapt the technical jargon to all our interlocutors, so that you can set up as quickly as possible,<\/p>\n<div class=\"fusion-clearfix\"><\/div><\/div><\/div><div class=\"fusion-layout-column fusion_builder_column fusion-builder-column-1 fusion_builder_column_1_1 1_1 fusion-one-full fusion-column-first fusion-column-last fusion-column-no-min-height\" style=\"--awb-bg-size:cover;--awb-margin-bottom:0px;\"><div class=\"fusion-column-wrapper fusion-flex-column-wrapper-legacy\"><div class=\"fusion-reading-box-container reading-box-container-1\" style=\"--awb-title-color:#000000;--awb-margin-top:0px;--awb-margin-bottom:84px;\"><div class=\"reading-box\" style=\"background-color:#f6f6f6;border-width:0px;border-color:#f6f6f6;border-left-width:3px;border-left-color:var(--primary_color);border-style:solid;\"><a class=\"button fusion-button button-default fusion-button-default-size button-default-size button-flat fusion-desktop-button fusion-tagline-button continue fusion-desktop-button-margin continue-right\" style=\"-webkit-box-shadow:none;-moz-box-shadow:none;box-shadow:none;border-radius:2px 2px 2px 2px\" href=\"http:\/\/blackcatseo.ca\/contact-blackcatseo\/\" target=\"_self\"><span>Contactez-nous !<\/span><\/a><h2>Want results?<\/h2><div class=\"reading-box-description fusion-reading-box-additional\">N'attendez plus. Nous vous fournissons un \u00e9tat des lieux imm\u00e9diat !<\/div><div class=\"fusion-clearfix\"><\/div><a class=\"button fusion-button button-default fusion-button-default-size button-default-size button-flat fusion-mobile-button continue-right\" style=\"-webkit-box-shadow:none;-moz-box-shadow:none;box-shadow:none;border-radius:2px 2px 2px 2px\" href=\"http:\/\/blackcatseo.ca\/contact-blackcatseo\/\" target=\"_self\"><span>Contactez-nous !<\/span><\/a><\/div><\/div><div class=\"fusion-clearfix\"><\/div><\/div><\/div><\/div><\/div>\n","protected":false},"excerpt":{"rendered":"<p>The reference for Webmarketing in Montreal &nbsp; Putting your website online is not  [&#8230;]<\/p>\n","protected":false},"author":1,"featured_media":0,"parent":0,"menu_order":0,"comment_status":"open","ping_status":"closed","template":"100-width.php","meta":{"yasr_overall_rating":0,"yasr_post_is_review":"","yasr_auto_insert_disabled":"","yasr_review_type":"Place","footnotes":""},"class_list":["post-14667","page","type-page","status-publish","hentry"],"yoast_head":"<!-- This site is optimized with the Yoast SEO Premium plugin v27.3 (Yoast SEO v27.3) - https:\/\/yoast.com\/product\/yoast-seo-premium-wordpress\/ -->\n<title>Natural Web SEO experts in Montreal - BlackCatSEO Agency<\/title>\n<meta name=\"description\" content=\"The reference for Webmarketing in Montreal &nbsp; Putting your website online is not enough to ensure its online visibility. You created it on your own or\" \/>\n<meta name=\"robots\" content=\"index, follow, max-snippet:-1, max-image-preview:large, max-video-preview:-1\" \/>\n<link rel=\"canonical\" href=\"https:\/\/blackcatseo.ca\/en\/webmarketing-seo\/\" \/>\n<meta property=\"og:locale\" content=\"en_US\" \/>\n<meta property=\"og:type\" content=\"article\" \/>\n<meta property=\"og:title\" content=\"Webmarketing and SEO\" \/>\n<meta property=\"og:description\" content=\"The reference for Webmarketing in Montreal &nbsp; Putting your website online is not enough to ensure its online visibility. You created it on your own or\" \/>\n<meta property=\"og:url\" content=\"https:\/\/blackcatseo.ca\/en\/webmarketing-seo\/\" \/>\n<meta property=\"og:site_name\" content=\"BlackCatSEO Montreal Agency\" \/>\n<meta property=\"article:publisher\" content=\"https:\/\/www.facebook.com\/blackcatSE0\" \/>\n<meta property=\"article:modified_time\" content=\"2023-08-23T18:09:06+00:00\" \/>\n<meta property=\"og:image\" content=\"https:\/\/blackcatseo.ca\/wp-content\/uploads\/certifs-seo-agence.png\" \/>\n<meta name=\"twitter:card\" content=\"summary_large_image\" \/>\n<meta name=\"twitter:site\" content=\"@blackcatSE0\" \/>\n<meta name=\"twitter:label1\" content=\"Est. reading time\" \/>\n\t<meta name=\"twitter:data1\" content=\"6 minutes\" \/>\n<script type=\"application\/ld+json\" class=\"yoast-schema-graph\">{\"@context\":\"https:\\\/\\\/schema.org\",\"@graph\":[{\"@type\":[\"WebPage\",\"ItemPage\"],\"@id\":\"https:\\\/\\\/blackcatseo.ca\\\/en\\\/webmarketing-seo\\\/\",\"url\":\"https:\\\/\\\/blackcatseo.ca\\\/en\\\/webmarketing-seo\\\/\",\"name\":\"Natural Web SEO experts in Montreal - BlackCatSEO Agency\",\"isPartOf\":{\"@id\":\"https:\\\/\\\/blackcatseo.ca\\\/en\\\/#website\"},\"primaryImageOfPage\":{\"@id\":\"https:\\\/\\\/blackcatseo.ca\\\/en\\\/webmarketing-seo\\\/#primaryimage\"},\"image\":{\"@id\":\"https:\\\/\\\/blackcatseo.ca\\\/en\\\/webmarketing-seo\\\/#primaryimage\"},\"thumbnailUrl\":\"https:\\\/\\\/blackcatseo.ca\\\/wp-content\\\/uploads\\\/certifs-seo-agence.png\",\"datePublished\":\"2019-09-30T20:43:12+00:00\",\"dateModified\":\"2023-08-23T18:09:06+00:00\",\"description\":\"The reference for Webmarketing in Montreal &nbsp; Putting your website online is not enough to ensure its online visibility. You created it on your own or\",\"breadcrumb\":{\"@id\":\"https:\\\/\\\/blackcatseo.ca\\\/en\\\/webmarketing-seo\\\/#breadcrumb\"},\"inLanguage\":\"en-CA\",\"potentialAction\":[{\"@type\":\"ReadAction\",\"target\":[\"https:\\\/\\\/blackcatseo.ca\\\/en\\\/webmarketing-seo\\\/\"]}]},{\"@type\":\"ImageObject\",\"inLanguage\":\"en-CA\",\"@id\":\"https:\\\/\\\/blackcatseo.ca\\\/en\\\/webmarketing-seo\\\/#primaryimage\",\"url\":\"https:\\\/\\\/blackcatseo.ca\\\/wp-content\\\/uploads\\\/certifs-seo-agence.png\",\"contentUrl\":\"https:\\\/\\\/blackcatseo.ca\\\/wp-content\\\/uploads\\\/certifs-seo-agence.png\"},{\"@type\":\"BreadcrumbList\",\"@id\":\"https:\\\/\\\/blackcatseo.ca\\\/en\\\/webmarketing-seo\\\/#breadcrumb\",\"itemListElement\":[{\"@type\":\"ListItem\",\"position\":1,\"name\":\"Accueil\",\"item\":\"https:\\\/\\\/blackcatseo.ca\\\/en\\\/\"},{\"@type\":\"ListItem\",\"position\":2,\"name\":\"Webmarketing and SEO\"}]},{\"@type\":\"WebSite\",\"@id\":\"https:\\\/\\\/blackcatseo.ca\\\/en\\\/#website\",\"url\":\"https:\\\/\\\/blackcatseo.ca\\\/en\\\/\",\"name\":\"Agence SEO \u00e0 Montr\u00e9al | R\u00e9f\u00e9rencement Web BlackCat\",\"description\":\"State-of-the-art SEO Agency in Montreal - Trafic Google, AIs &amp; LLMs\",\"publisher\":{\"@id\":\"https:\\\/\\\/blackcatseo.ca\\\/en\\\/#organization\"},\"alternateName\":\"BlackCat SEO Montreal\",\"potentialAction\":[{\"@type\":\"SearchAction\",\"target\":{\"@type\":\"EntryPoint\",\"urlTemplate\":\"https:\\\/\\\/blackcatseo.ca\\\/en\\\/?s={search_term_string}\"},\"query-input\":{\"@type\":\"PropertyValueSpecification\",\"valueRequired\":true,\"valueName\":\"search_term_string\"}}],\"inLanguage\":\"en-CA\"},{\"@type\":\"Organization\",\"@id\":\"https:\\\/\\\/blackcatseo.ca\\\/en\\\/#organization\",\"name\":\"Agence SEO \u00e0 Montr\u00e9al | R\u00e9f\u00e9rencement Web BlackCat\",\"alternateName\":\"Blackcat SEO Montreal\",\"url\":\"https:\\\/\\\/blackcatseo.ca\\\/en\\\/\",\"logo\":{\"@type\":\"ImageObject\",\"inLanguage\":\"en-CA\",\"@id\":\"https:\\\/\\\/blackcatseo.ca\\\/en\\\/#\\\/schema\\\/logo\\\/image\\\/\",\"url\":\"https:\\\/\\\/blackcatseo.ca\\\/wp-content\\\/uploads\\\/Nouveau-logo-site-web-bc.png\",\"contentUrl\":\"https:\\\/\\\/blackcatseo.ca\\\/wp-content\\\/uploads\\\/Nouveau-logo-site-web-bc.png\",\"width\":1245,\"height\":912,\"caption\":\"Agence SEO \u00e0 Montr\u00e9al | R\u00e9f\u00e9rencement Web BlackCat\"},\"image\":{\"@id\":\"https:\\\/\\\/blackcatseo.ca\\\/en\\\/#\\\/schema\\\/logo\\\/image\\\/\"},\"sameAs\":[\"https:\\\/\\\/www.facebook.com\\\/blackcatSE0\",\"https:\\\/\\\/x.com\\\/blackcatSE0\",\"https:\\\/\\\/www.instagram.com\\\/seocat514\\\/?hl=en\",\"https:\\\/\\\/www.linkedin.com\\\/company\\\/r-f-rencement-blackcat-seo\\\/?originalSubdomain=ca\"],\"ownershipFundingInfo\":\"https:\\\/\\\/blackcatseo.ca\\\/team\\\/\",\"ethicsPolicy\":\"https:\\\/\\\/blackcatseo.ca\\\/charte-ethique-blackcat\\\/\"},false]}<\/script>\n<!-- \/ Yoast SEO Premium plugin. -->","yoast_head_json":{"title":"Natural Web SEO experts in Montreal - BlackCatSEO Agency","description":"The reference for Webmarketing in Montreal &nbsp; Putting your website online is not enough to ensure its online visibility. You created it on your own or","robots":{"index":"index","follow":"follow","max-snippet":"max-snippet:-1","max-image-preview":"max-image-preview:large","max-video-preview":"max-video-preview:-1"},"canonical":"https:\/\/blackcatseo.ca\/en\/webmarketing-seo\/","og_locale":"en_US","og_type":"article","og_title":"Webmarketing and SEO","og_description":"The reference for Webmarketing in Montreal &nbsp; Putting your website online is not enough to ensure its online visibility. You created it on your own or","og_url":"https:\/\/blackcatseo.ca\/en\/webmarketing-seo\/","og_site_name":"BlackCatSEO Montreal Agency","article_publisher":"https:\/\/www.facebook.com\/blackcatSE0","article_modified_time":"2023-08-23T18:09:06+00:00","og_image":[{"url":"https:\/\/blackcatseo.ca\/wp-content\/uploads\/certifs-seo-agence.png","type":"","width":"","height":""}],"twitter_card":"summary_large_image","twitter_site":"@blackcatSE0","twitter_misc":{"Est. reading time":"6 minutes"},"schema":{"@context":"https:\/\/schema.org","@graph":[{"@type":["WebPage","ItemPage"],"@id":"https:\/\/blackcatseo.ca\/en\/webmarketing-seo\/","url":"https:\/\/blackcatseo.ca\/en\/webmarketing-seo\/","name":"Natural Web SEO experts in Montreal - BlackCatSEO Agency","isPartOf":{"@id":"https:\/\/blackcatseo.ca\/en\/#website"},"primaryImageOfPage":{"@id":"https:\/\/blackcatseo.ca\/en\/webmarketing-seo\/#primaryimage"},"image":{"@id":"https:\/\/blackcatseo.ca\/en\/webmarketing-seo\/#primaryimage"},"thumbnailUrl":"https:\/\/blackcatseo.ca\/wp-content\/uploads\/certifs-seo-agence.png","datePublished":"2019-09-30T20:43:12+00:00","dateModified":"2023-08-23T18:09:06+00:00","description":"The reference for Webmarketing in Montreal &nbsp; Putting your website online is not enough to ensure its online visibility. You created it on your own or","breadcrumb":{"@id":"https:\/\/blackcatseo.ca\/en\/webmarketing-seo\/#breadcrumb"},"inLanguage":"en-CA","potentialAction":[{"@type":"ReadAction","target":["https:\/\/blackcatseo.ca\/en\/webmarketing-seo\/"]}]},{"@type":"ImageObject","inLanguage":"en-CA","@id":"https:\/\/blackcatseo.ca\/en\/webmarketing-seo\/#primaryimage","url":"https:\/\/blackcatseo.ca\/wp-content\/uploads\/certifs-seo-agence.png","contentUrl":"https:\/\/blackcatseo.ca\/wp-content\/uploads\/certifs-seo-agence.png"},{"@type":"BreadcrumbList","@id":"https:\/\/blackcatseo.ca\/en\/webmarketing-seo\/#breadcrumb","itemListElement":[{"@type":"ListItem","position":1,"name":"Accueil","item":"https:\/\/blackcatseo.ca\/en\/"},{"@type":"ListItem","position":2,"name":"Webmarketing and SEO"}]},{"@type":"WebSite","@id":"https:\/\/blackcatseo.ca\/en\/#website","url":"https:\/\/blackcatseo.ca\/en\/","name":"Agence SEO \u00e0 Montr\u00e9al | R\u00e9f\u00e9rencement Web BlackCat","description":"State-of-the-art SEO Agency in Montreal - Trafic Google, AIs &amp; LLMs","publisher":{"@id":"https:\/\/blackcatseo.ca\/en\/#organization"},"alternateName":"BlackCat SEO Montreal","potentialAction":[{"@type":"SearchAction","target":{"@type":"EntryPoint","urlTemplate":"https:\/\/blackcatseo.ca\/en\/?s={search_term_string}"},"query-input":{"@type":"PropertyValueSpecification","valueRequired":true,"valueName":"search_term_string"}}],"inLanguage":"en-CA"},{"@type":"Organization","@id":"https:\/\/blackcatseo.ca\/en\/#organization","name":"Agence SEO \u00e0 Montr\u00e9al | R\u00e9f\u00e9rencement Web BlackCat","alternateName":"Blackcat SEO Montreal","url":"https:\/\/blackcatseo.ca\/en\/","logo":{"@type":"ImageObject","inLanguage":"en-CA","@id":"https:\/\/blackcatseo.ca\/en\/#\/schema\/logo\/image\/","url":"https:\/\/blackcatseo.ca\/wp-content\/uploads\/Nouveau-logo-site-web-bc.png","contentUrl":"https:\/\/blackcatseo.ca\/wp-content\/uploads\/Nouveau-logo-site-web-bc.png","width":1245,"height":912,"caption":"Agence SEO \u00e0 Montr\u00e9al | R\u00e9f\u00e9rencement Web BlackCat"},"image":{"@id":"https:\/\/blackcatseo.ca\/en\/#\/schema\/logo\/image\/"},"sameAs":["https:\/\/www.facebook.com\/blackcatSE0","https:\/\/x.com\/blackcatSE0","https:\/\/www.instagram.com\/seocat514\/?hl=en","https:\/\/www.linkedin.com\/company\/r-f-rencement-blackcat-seo\/?originalSubdomain=ca"],"ownershipFundingInfo":"https:\/\/blackcatseo.ca\/team\/","ethicsPolicy":"https:\/\/blackcatseo.ca\/charte-ethique-blackcat\/"},false]}},"yasr_visitor_votes":{"stars_attributes":{"read_only":false,"span_bottom":false},"number_of_votes":0,"sum_votes":0},"_links":{"self":[{"href":"https:\/\/blackcatseo.ca\/en\/wp-json\/wp\/v2\/pages\/14667","targetHints":{"allow":["GET"]}}],"collection":[{"href":"https:\/\/blackcatseo.ca\/en\/wp-json\/wp\/v2\/pages"}],"about":[{"href":"https:\/\/blackcatseo.ca\/en\/wp-json\/wp\/v2\/types\/page"}],"author":[{"embeddable":true,"href":"https:\/\/blackcatseo.ca\/en\/wp-json\/wp\/v2\/users\/1"}],"replies":[{"embeddable":true,"href":"https:\/\/blackcatseo.ca\/en\/wp-json\/wp\/v2\/comments?post=14667"}],"version-history":[{"count":3,"href":"https:\/\/blackcatseo.ca\/en\/wp-json\/wp\/v2\/pages\/14667\/revisions"}],"predecessor-version":[{"id":18211,"href":"https:\/\/blackcatseo.ca\/en\/wp-json\/wp\/v2\/pages\/14667\/revisions\/18211"}],"wp:attachment":[{"href":"https:\/\/blackcatseo.ca\/en\/wp-json\/wp\/v2\/media?parent=14667"}],"curies":[{"name":"wp","href":"https:\/\/api.w.org\/{rel}","templated":true}]}}