{"id":14649,"date":"2019-09-26T21:45:36","date_gmt":"2019-09-26T21:45:36","guid":{"rendered":"https:\/\/blackcatseo.ca\/methodology\/seo-social-media\/"},"modified":"2019-10-07T23:56:41","modified_gmt":"2019-10-07T23:56:41","slug":"social-media","status":"publish","type":"page","link":"https:\/\/blackcatseo.ca\/en\/social-media\/","title":{"rendered":"Social Media"},"content":{"rendered":"<div style='text-align:left' class='yasr-auto-insert-overall'><\/div><h1 style=\"text-align: left;\"><img decoding=\"async\" class=\"lazyload wp-image-3971 alignleft\" src=\"https:\/\/blackcatseo.ca\/wp-content\/uploads\/\/socialmedia_marketing1-300x300.jpg\" data-orig-src=\"https:\/\/blackcatseo.ca\/wp-content\/uploads\/\/socialmedia_marketing1-300x300.jpg\" alt=\"socialmedia-marketing\" width=\"210\" height=\"210\" srcset=\"data:image\/svg+xml,%3Csvg%20xmlns%3D%27http%3A%2F%2Fwww.w3.org%2F2000%2Fsvg%27%20width%3D%27210%27%20height%3D%27210%27%20viewBox%3D%270%200%20210%20210%27%3E%3Crect%20width%3D%27210%27%20height%3D%27210%27%20fill-opacity%3D%220%22%2F%3E%3C%2Fsvg%3E\" data-srcset=\"https:\/\/blackcatseo.ca\/wp-content\/uploads\/socialmedia_marketing1-66x66.jpg 66w, https:\/\/blackcatseo.ca\/wp-content\/uploads\/socialmedia_marketing1-150x150.jpg 150w, https:\/\/blackcatseo.ca\/wp-content\/uploads\/socialmedia_marketing1-300x300.jpg 300w, https:\/\/blackcatseo.ca\/wp-content\/uploads\/socialmedia_marketing1-1024x1024.jpg 1024w, https:\/\/blackcatseo.ca\/wp-content\/uploads\/socialmedia_marketing1.jpg 2048w\" data-sizes=\"auto\" data-orig-sizes=\"(max-width: 210px) 100vw, 210px\" \/>Social Media and SEO<\/h1>\n<p style=\"text-align: left;\">A social networking strategy is above all a way to share useful things for the public, making your brand benefit from the natural sharing specific to each medium.<\/p>\n<p>Our method is therefore that of indirect promotion, touching on the solutions you bring to your customers, the different phases of questioning.<\/p>\n<ul>\n<li>What&#8217;s the problem?<\/li>\n<li>What are the solutions?<\/li>\n<li>Who can help me?<\/li>\n<li>Who is best to help me?<\/li>\n<\/ul>\n<p>Thus, our basons with you, a coherent and clear editorial calendar, which can be taken up by someone on your team.<\/p>\n<p>We begin by launching advertising campaigns and &#8216;incentives&#8217; among our own member networks, made up of our own, and several thousand members of partners. The whole promotion of your services on this basis (targeted by country\/interest\/language).<\/p>\n<p>You&#8217;ll see your Fans base grow every day with our detailed and clear Dashboards, explaining the general commitment and through Post, as well as your most viral messages. Valuable information to use to segment your message every week.<\/p>\n<p>&nbsp;<\/p>\n<div class=\"fusion-fullwidth fullwidth-box fusion-builder-row-1 hundred-percent-fullwidth non-hundred-percent-height-scrolling\" style=\"--awb-border-radius-top-left:0px;--awb-border-radius-top-right:0px;--awb-border-radius-bottom-right:0px;--awb-border-radius-bottom-left:0px;--awb-overflow:visible;--awb-flex-wrap:wrap;\" ><div class=\"fusion-builder-row fusion-row\"><div class=\"fusion-layout-column fusion_builder_column fusion-builder-column-0 fusion_builder_column_1_1 1_1 fusion-one-full fusion-column-first fusion-column-last fusion-column-no-min-height\" style=\"--awb-bg-size:cover;--awb-margin-bottom:0px;\"><div class=\"fusion-column-wrapper fusion-flex-column-wrapper-legacy\">\n<div id=\"attachment_4119\" style=\"width: 664px\" class=\"wp-caption aligncenter\"><img decoding=\"async\" aria-describedby=\"caption-attachment-4119\" class=\"lazyload size-full wp-image-4119\" src=\"http:\/\/blackcatseo.ca\/wp-content\/uploads\/social-2.png\" data-orig-src=\"http:\/\/blackcatseo.ca\/wp-content\/uploads\/social-2.png\" alt=\"social-2\" width=\"654\" height=\"410\" srcset=\"data:image\/svg+xml,%3Csvg%20xmlns%3D%27http%3A%2F%2Fwww.w3.org%2F2000%2Fsvg%27%20width%3D%27654%27%20height%3D%27410%27%20viewBox%3D%270%200%20654%20410%27%3E%3Crect%20width%3D%27654%27%20height%3D%27410%27%20fill-opacity%3D%220%22%2F%3E%3C%2Fsvg%3E\" data-srcset=\"https:\/\/blackcatseo.ca\/wp-content\/uploads\/social-2-200x125.png 200w, https:\/\/blackcatseo.ca\/wp-content\/uploads\/social-2-300x188.png 300w, https:\/\/blackcatseo.ca\/wp-content\/uploads\/social-2-320x202.png 320w, https:\/\/blackcatseo.ca\/wp-content\/uploads\/social-2-400x251.png 400w, https:\/\/blackcatseo.ca\/wp-content\/uploads\/social-2-600x376.png 600w, https:\/\/blackcatseo.ca\/wp-content\/uploads\/social-2.png 654w\" data-sizes=\"auto\" data-orig-sizes=\"(max-width: 654px) 100vw, 654px\" \/><p id=\"caption-attachment-4119\" class=\"wp-caption-text\">Have a solid fan base to test their social engagement<\/p><\/div>\n<p>&nbsp;<\/p>\n<p>Finally, we detail an editorial calendar with you, over several weeks, to find out what will be posted, and on which platform, in advance. A precise and winning formula awaits your company. Come and discuss it with one of our representatives! Your members are just waiting to meet you, directly where they are already present.<\/p>\n<div class=\"fusion-clearfix\"><\/div><\/div><\/div><div class=\"fusion-layout-column fusion_builder_column fusion-builder-column-1 fusion_builder_column_1_1 1_1 fusion-one-full fusion-column-first fusion-column-last fusion-column-no-min-height\" style=\"--awb-bg-size:cover;--awb-margin-bottom:0px;\"><div class=\"fusion-column-wrapper fusion-flex-column-wrapper-legacy\"><div class=\"fusion-reading-box-container reading-box-container-1\" style=\"--awb-title-color:#000000;--awb-margin-top:0px;--awb-margin-bottom:84px;\"><div class=\"reading-box\" style=\"background-color:#f6f6f6;border-width:0px;border-color:#f6f6f6;border-left-width:3px;border-left-color:var(--primary_color);border-style:solid;\"><a class=\"button fusion-button button-default fusion-button-default-size button-default-size button-flat fusion-desktop-button fusion-tagline-button continue fusion-desktop-button-margin continue-right\" style=\"-webkit-box-shadow:none;-moz-box-shadow:none;box-shadow:none;border-radius:2px 2px 2px 2px\" href=\"http:\/\/blackcatseo.ca\/contact-blackcatseo\/\" target=\"_self\"><span>Contactez-nous !<\/span><\/a><h2>Want results?<\/h2><div class=\"reading-box-description fusion-reading-box-additional\">N'attendez plus. Nous vous fournissons un \u00e9tat des lieux imm\u00e9diat !<\/div><div class=\"fusion-clearfix\"><\/div><a class=\"button fusion-button button-default fusion-button-default-size button-default-size button-flat fusion-mobile-button continue-right\" style=\"-webkit-box-shadow:none;-moz-box-shadow:none;box-shadow:none;border-radius:2px 2px 2px 2px\" href=\"http:\/\/blackcatseo.ca\/contact-blackcatseo\/\" target=\"_self\"><span>Contactez-nous !<\/span><\/a><\/div><\/div>\n<ul>\n<li style=\"text-align: right;\"><a href=\"http:\/\/blackcatseo.ca\/methodologie\/tracking-seo\/\">SEO Tracking<\/a><\/li>\n<\/ul>\n<div class=\"fusion-clearfix\"><\/div><\/div><\/div><\/div><\/div>\n","protected":false},"excerpt":{"rendered":"<p>Social Media and SEO A social networking strategy is above all a way  [&#8230;]<\/p>\n","protected":false},"author":1,"featured_media":0,"parent":0,"menu_order":0,"comment_status":"closed","ping_status":"closed","template":"","meta":{"yasr_overall_rating":0,"yasr_post_is_review":"","yasr_auto_insert_disabled":"","yasr_review_type":"Place","footnotes":""},"class_list":["post-14649","page","type-page","status-publish","hentry"],"yoast_head":"<!-- This site is optimized with the Yoast SEO Premium plugin v27.3 (Yoast SEO v27.3) - https:\/\/yoast.com\/product\/yoast-seo-premium-wordpress\/ -->\n<title>Social Media - BlackCatSEO Montreal Agency<\/title>\n<meta name=\"description\" content=\"Social Media and SEO A social networking strategy is above all a way to share useful things for the public, making your brand benefit from the natural\" \/>\n<meta name=\"robots\" content=\"index, follow, max-snippet:-1, max-image-preview:large, max-video-preview:-1\" \/>\n<link rel=\"canonical\" href=\"https:\/\/blackcatseo.ca\/en\/social-media\/\" \/>\n<meta property=\"og:locale\" content=\"en_US\" \/>\n<meta property=\"og:type\" content=\"article\" \/>\n<meta property=\"og:title\" content=\"Social Media\" \/>\n<meta property=\"og:description\" content=\"Social Media and SEO A social networking strategy is above all a way to share useful things for the public, making your brand benefit from the natural\" \/>\n<meta property=\"og:url\" content=\"https:\/\/blackcatseo.ca\/en\/social-media\/\" \/>\n<meta property=\"og:site_name\" content=\"BlackCatSEO Montreal Agency\" \/>\n<meta property=\"article:publisher\" content=\"https:\/\/www.facebook.com\/blackcatSE0\" \/>\n<meta property=\"article:modified_time\" content=\"2019-10-07T23:56:41+00:00\" \/>\n<meta property=\"og:image\" content=\"https:\/\/blackcatseo.ca\/wp-content\/uploads\/\/socialmedia_marketing1-300x300.jpg\" \/>\n<meta name=\"twitter:card\" content=\"summary_large_image\" \/>\n<meta name=\"twitter:site\" content=\"@blackcatSE0\" \/>\n<meta name=\"twitter:label1\" content=\"Est. reading time\" \/>\n\t<meta name=\"twitter:data1\" content=\"2 minutes\" \/>\n<script type=\"application\/ld+json\" class=\"yoast-schema-graph\">{\"@context\":\"https:\\\/\\\/schema.org\",\"@graph\":[{\"@type\":[\"WebPage\",\"ItemPage\"],\"@id\":\"https:\\\/\\\/blackcatseo.ca\\\/en\\\/social-media\\\/\",\"url\":\"https:\\\/\\\/blackcatseo.ca\\\/en\\\/social-media\\\/\",\"name\":\"Social Media - BlackCatSEO Montreal Agency\",\"isPartOf\":{\"@id\":\"https:\\\/\\\/blackcatseo.ca\\\/en\\\/#website\"},\"primaryImageOfPage\":{\"@id\":\"https:\\\/\\\/blackcatseo.ca\\\/en\\\/social-media\\\/#primaryimage\"},\"image\":{\"@id\":\"https:\\\/\\\/blackcatseo.ca\\\/en\\\/social-media\\\/#primaryimage\"},\"thumbnailUrl\":\"https:\\\/\\\/blackcatseo.ca\\\/wp-content\\\/uploads\\\/\\\/socialmedia_marketing1-300x300.jpg\",\"datePublished\":\"2019-09-26T21:45:36+00:00\",\"dateModified\":\"2019-10-07T23:56:41+00:00\",\"description\":\"Social Media and SEO A social networking strategy is above all a way to share useful things for the public, making your brand benefit from the natural\",\"breadcrumb\":{\"@id\":\"https:\\\/\\\/blackcatseo.ca\\\/en\\\/social-media\\\/#breadcrumb\"},\"inLanguage\":\"en-CA\",\"potentialAction\":[{\"@type\":\"ReadAction\",\"target\":[\"https:\\\/\\\/blackcatseo.ca\\\/en\\\/social-media\\\/\"]}]},{\"@type\":\"ImageObject\",\"inLanguage\":\"en-CA\",\"@id\":\"https:\\\/\\\/blackcatseo.ca\\\/en\\\/social-media\\\/#primaryimage\",\"url\":\"https:\\\/\\\/blackcatseo.ca\\\/wp-content\\\/uploads\\\/\\\/socialmedia_marketing1-300x300.jpg\",\"contentUrl\":\"https:\\\/\\\/blackcatseo.ca\\\/wp-content\\\/uploads\\\/\\\/socialmedia_marketing1-300x300.jpg\"},{\"@type\":\"BreadcrumbList\",\"@id\":\"https:\\\/\\\/blackcatseo.ca\\\/en\\\/social-media\\\/#breadcrumb\",\"itemListElement\":[{\"@type\":\"ListItem\",\"position\":1,\"name\":\"Accueil\",\"item\":\"https:\\\/\\\/blackcatseo.ca\\\/en\\\/\"},{\"@type\":\"ListItem\",\"position\":2,\"name\":\"Social Media\"}]},{\"@type\":\"WebSite\",\"@id\":\"https:\\\/\\\/blackcatseo.ca\\\/en\\\/#website\",\"url\":\"https:\\\/\\\/blackcatseo.ca\\\/en\\\/\",\"name\":\"Agence SEO \u00e0 Montr\u00e9al | R\u00e9f\u00e9rencement Web BlackCat\",\"description\":\"State-of-the-art SEO Agency in Montreal - Trafic Google, AIs &amp; LLMs\",\"publisher\":{\"@id\":\"https:\\\/\\\/blackcatseo.ca\\\/en\\\/#organization\"},\"alternateName\":\"BlackCat SEO Montreal\",\"potentialAction\":[{\"@type\":\"SearchAction\",\"target\":{\"@type\":\"EntryPoint\",\"urlTemplate\":\"https:\\\/\\\/blackcatseo.ca\\\/en\\\/?s={search_term_string}\"},\"query-input\":{\"@type\":\"PropertyValueSpecification\",\"valueRequired\":true,\"valueName\":\"search_term_string\"}}],\"inLanguage\":\"en-CA\"},{\"@type\":\"Organization\",\"@id\":\"https:\\\/\\\/blackcatseo.ca\\\/en\\\/#organization\",\"name\":\"Agence SEO \u00e0 Montr\u00e9al | R\u00e9f\u00e9rencement Web BlackCat\",\"alternateName\":\"Blackcat SEO Montreal\",\"url\":\"https:\\\/\\\/blackcatseo.ca\\\/en\\\/\",\"logo\":{\"@type\":\"ImageObject\",\"inLanguage\":\"en-CA\",\"@id\":\"https:\\\/\\\/blackcatseo.ca\\\/en\\\/#\\\/schema\\\/logo\\\/image\\\/\",\"url\":\"https:\\\/\\\/blackcatseo.ca\\\/wp-content\\\/uploads\\\/Nouveau-logo-site-web-bc.png\",\"contentUrl\":\"https:\\\/\\\/blackcatseo.ca\\\/wp-content\\\/uploads\\\/Nouveau-logo-site-web-bc.png\",\"width\":1245,\"height\":912,\"caption\":\"Agence SEO \u00e0 Montr\u00e9al | R\u00e9f\u00e9rencement Web BlackCat\"},\"image\":{\"@id\":\"https:\\\/\\\/blackcatseo.ca\\\/en\\\/#\\\/schema\\\/logo\\\/image\\\/\"},\"sameAs\":[\"https:\\\/\\\/www.facebook.com\\\/blackcatSE0\",\"https:\\\/\\\/x.com\\\/blackcatSE0\",\"https:\\\/\\\/www.instagram.com\\\/seocat514\\\/?hl=en\",\"https:\\\/\\\/www.linkedin.com\\\/company\\\/r-f-rencement-blackcat-seo\\\/?originalSubdomain=ca\"],\"ownershipFundingInfo\":\"https:\\\/\\\/blackcatseo.ca\\\/team\\\/\",\"ethicsPolicy\":\"https:\\\/\\\/blackcatseo.ca\\\/charte-ethique-blackcat\\\/\"},false]}<\/script>\n<!-- \/ Yoast SEO Premium plugin. -->","yoast_head_json":{"title":"Social Media - BlackCatSEO Montreal Agency","description":"Social Media and SEO A social networking strategy is above all a way to share useful things for the public, making your brand benefit from the natural","robots":{"index":"index","follow":"follow","max-snippet":"max-snippet:-1","max-image-preview":"max-image-preview:large","max-video-preview":"max-video-preview:-1"},"canonical":"https:\/\/blackcatseo.ca\/en\/social-media\/","og_locale":"en_US","og_type":"article","og_title":"Social Media","og_description":"Social Media and SEO A social networking strategy is above all a way to share useful things for the public, making your brand benefit from the natural","og_url":"https:\/\/blackcatseo.ca\/en\/social-media\/","og_site_name":"BlackCatSEO Montreal Agency","article_publisher":"https:\/\/www.facebook.com\/blackcatSE0","article_modified_time":"2019-10-07T23:56:41+00:00","og_image":[{"url":"https:\/\/blackcatseo.ca\/wp-content\/uploads\/\/socialmedia_marketing1-300x300.jpg","type":"","width":"","height":""}],"twitter_card":"summary_large_image","twitter_site":"@blackcatSE0","twitter_misc":{"Est. reading time":"2 minutes"},"schema":{"@context":"https:\/\/schema.org","@graph":[{"@type":["WebPage","ItemPage"],"@id":"https:\/\/blackcatseo.ca\/en\/social-media\/","url":"https:\/\/blackcatseo.ca\/en\/social-media\/","name":"Social Media - BlackCatSEO Montreal Agency","isPartOf":{"@id":"https:\/\/blackcatseo.ca\/en\/#website"},"primaryImageOfPage":{"@id":"https:\/\/blackcatseo.ca\/en\/social-media\/#primaryimage"},"image":{"@id":"https:\/\/blackcatseo.ca\/en\/social-media\/#primaryimage"},"thumbnailUrl":"https:\/\/blackcatseo.ca\/wp-content\/uploads\/\/socialmedia_marketing1-300x300.jpg","datePublished":"2019-09-26T21:45:36+00:00","dateModified":"2019-10-07T23:56:41+00:00","description":"Social Media and SEO A social networking strategy is above all a way to share useful things for the public, making your brand benefit from the natural","breadcrumb":{"@id":"https:\/\/blackcatseo.ca\/en\/social-media\/#breadcrumb"},"inLanguage":"en-CA","potentialAction":[{"@type":"ReadAction","target":["https:\/\/blackcatseo.ca\/en\/social-media\/"]}]},{"@type":"ImageObject","inLanguage":"en-CA","@id":"https:\/\/blackcatseo.ca\/en\/social-media\/#primaryimage","url":"https:\/\/blackcatseo.ca\/wp-content\/uploads\/\/socialmedia_marketing1-300x300.jpg","contentUrl":"https:\/\/blackcatseo.ca\/wp-content\/uploads\/\/socialmedia_marketing1-300x300.jpg"},{"@type":"BreadcrumbList","@id":"https:\/\/blackcatseo.ca\/en\/social-media\/#breadcrumb","itemListElement":[{"@type":"ListItem","position":1,"name":"Accueil","item":"https:\/\/blackcatseo.ca\/en\/"},{"@type":"ListItem","position":2,"name":"Social Media"}]},{"@type":"WebSite","@id":"https:\/\/blackcatseo.ca\/en\/#website","url":"https:\/\/blackcatseo.ca\/en\/","name":"Agence SEO \u00e0 Montr\u00e9al | R\u00e9f\u00e9rencement Web BlackCat","description":"State-of-the-art SEO Agency in Montreal - Trafic Google, AIs &amp; LLMs","publisher":{"@id":"https:\/\/blackcatseo.ca\/en\/#organization"},"alternateName":"BlackCat SEO Montreal","potentialAction":[{"@type":"SearchAction","target":{"@type":"EntryPoint","urlTemplate":"https:\/\/blackcatseo.ca\/en\/?s={search_term_string}"},"query-input":{"@type":"PropertyValueSpecification","valueRequired":true,"valueName":"search_term_string"}}],"inLanguage":"en-CA"},{"@type":"Organization","@id":"https:\/\/blackcatseo.ca\/en\/#organization","name":"Agence SEO \u00e0 Montr\u00e9al | R\u00e9f\u00e9rencement Web BlackCat","alternateName":"Blackcat SEO Montreal","url":"https:\/\/blackcatseo.ca\/en\/","logo":{"@type":"ImageObject","inLanguage":"en-CA","@id":"https:\/\/blackcatseo.ca\/en\/#\/schema\/logo\/image\/","url":"https:\/\/blackcatseo.ca\/wp-content\/uploads\/Nouveau-logo-site-web-bc.png","contentUrl":"https:\/\/blackcatseo.ca\/wp-content\/uploads\/Nouveau-logo-site-web-bc.png","width":1245,"height":912,"caption":"Agence SEO \u00e0 Montr\u00e9al | R\u00e9f\u00e9rencement Web BlackCat"},"image":{"@id":"https:\/\/blackcatseo.ca\/en\/#\/schema\/logo\/image\/"},"sameAs":["https:\/\/www.facebook.com\/blackcatSE0","https:\/\/x.com\/blackcatSE0","https:\/\/www.instagram.com\/seocat514\/?hl=en","https:\/\/www.linkedin.com\/company\/r-f-rencement-blackcat-seo\/?originalSubdomain=ca"],"ownershipFundingInfo":"https:\/\/blackcatseo.ca\/team\/","ethicsPolicy":"https:\/\/blackcatseo.ca\/charte-ethique-blackcat\/"},false]}},"yasr_visitor_votes":{"stars_attributes":{"read_only":false,"span_bottom":false},"number_of_votes":0,"sum_votes":0},"_links":{"self":[{"href":"https:\/\/blackcatseo.ca\/en\/wp-json\/wp\/v2\/pages\/14649","targetHints":{"allow":["GET"]}}],"collection":[{"href":"https:\/\/blackcatseo.ca\/en\/wp-json\/wp\/v2\/pages"}],"about":[{"href":"https:\/\/blackcatseo.ca\/en\/wp-json\/wp\/v2\/types\/page"}],"author":[{"embeddable":true,"href":"https:\/\/blackcatseo.ca\/en\/wp-json\/wp\/v2\/users\/1"}],"replies":[{"embeddable":true,"href":"https:\/\/blackcatseo.ca\/en\/wp-json\/wp\/v2\/comments?post=14649"}],"version-history":[{"count":3,"href":"https:\/\/blackcatseo.ca\/en\/wp-json\/wp\/v2\/pages\/14649\/revisions"}],"predecessor-version":[{"id":15648,"href":"https:\/\/blackcatseo.ca\/en\/wp-json\/wp\/v2\/pages\/14649\/revisions\/15648"}],"wp:attachment":[{"href":"https:\/\/blackcatseo.ca\/en\/wp-json\/wp\/v2\/media?parent=14649"}],"curies":[{"name":"wp","href":"https:\/\/api.w.org\/{rel}","templated":true}]}}