{"id":14639,"date":"2019-09-26T21:41:38","date_gmt":"2019-09-26T21:41:38","guid":{"rendered":"https:\/\/blackcatseo.ca\/legal\/"},"modified":"2023-08-23T18:09:05","modified_gmt":"2023-08-23T18:09:05","slug":"legal","status":"publish","type":"page","link":"https:\/\/blackcatseo.ca\/en\/legal\/","title":{"rendered":"Legal"},"content":{"rendered":"<div style='text-align:left' class='yasr-auto-insert-overall'><\/div><p><strong>I\/ Property<\/strong><\/p>\n<p>owner:<\/p>\n<p>A. Pasquereau<br \/>\nAve. Papinau<br \/>\nMontreal, Que.<br \/>\ncontact@blackcatseo.ca<br \/>\nHost:<\/p>\n<p>HOST DYNAMIX<br \/>\n53 Rue de la Maire<br \/>\nZ.I. of the Paluds<br \/>\n13400 AUBAGNE<br \/>\nFrance<\/p>\n<p>Tel: (33) 04 84 25 00 04<br \/>\nFax: (33) 04 84 25 00 09<\/p>\n<p><strong>II\/ Terms of use<\/strong><\/p>\n<p>The provision of the BlackcatSEO.ca service is completely free, excluding connection fees that may be charged by the user&#8217;s Internet service provider for the use of its own service.<\/p>\n<p>The purpose of this website is to best advise the user of the site in the search for an Internet referencing provider. However, its responsibility and that of its author cannot, however, be incurred, criminally or morally, as a result of the misapplication of this advice.<\/p>\n<p>All the information contained on the website BlackcatSEO.ca was written by professionals aware of the practices and abuses of the referencing community. However, this advice, which is given in good faith, is given as an indication and does not represent injunctions or legal recommendations.<\/p>\n<p><strong>III\/ Data privacy<\/strong><\/p>\n<p>The Pharmapause.com website has decided not to store any data on its users or the material they use on its own.<\/p>\n<p>On the other hand, the third-party service Google Analytics is installed on the site to provide owners with statistical data anonymously. Google Analytics is owned by Google, Inc. and uses the cookie system to store your own data.<\/p>\n<p>If you don&#8217;t want to share this information with Google, you can install Google Analytics&#8217; navigation alp add-on. More information can be found on this page.<\/p>\n<p><strong>IV\/ Copyright<\/strong><\/p>\n<p>All articles published on the site Pharmapause.com and on the blog associated with it, and more generally all the textual content present on this site, is the exclusive property of the legal owner of that website.<\/p>\n<p>As a result, and under Articles L.112-1 and following of the Intellectual Property Code, any full or partial reproduction of such content is strictly prohibited, as well as its use or modification without written consent of its person responsible.<\/p>\n<p>Pharmapause.com reserves the right to criminally liability for violators of these legal obligations.<\/p>\n","protected":false},"excerpt":{"rendered":"<p>I\/ Property owner: A. Pasquereau Ave. Papinau Montreal, Que. contact@blackcatseo.ca Host: HOST DYNAMIX  [&#8230;]<\/p>\n","protected":false},"author":1,"featured_media":0,"parent":0,"menu_order":0,"comment_status":"closed","ping_status":"closed","template":"","meta":{"yasr_overall_rating":0,"yasr_post_is_review":"","yasr_auto_insert_disabled":"","yasr_review_type":"","footnotes":""},"class_list":["post-14639","page","type-page","status-publish","hentry"],"yoast_head":"<!-- This site is optimized with the Yoast SEO Premium plugin v27.3 (Yoast SEO v27.3) - https:\/\/yoast.com\/product\/yoast-seo-premium-wordpress\/ -->\n<title>Legal - BlackCatSEO Montreal Agency<\/title>\n<meta name=\"description\" content=\"I\/ Property owner: A. Pasquereau Ave. Papinau Montreal, Que. contact@blackcatseo.ca Host: HOST DYNAMIX 53 Rue de la Maire Z.I. of the Paluds 13400 AUBAGNE\" \/>\n<meta name=\"robots\" content=\"index, follow, max-snippet:-1, max-image-preview:large, max-video-preview:-1\" \/>\n<link rel=\"canonical\" href=\"https:\/\/blackcatseo.ca\/en\/legal\/\" \/>\n<meta property=\"og:locale\" content=\"en_US\" \/>\n<meta property=\"og:type\" content=\"article\" \/>\n<meta property=\"og:title\" content=\"Legal\" \/>\n<meta property=\"og:description\" content=\"I\/ Property owner: A. Pasquereau Ave. Papinau Montreal, Que. contact@blackcatseo.ca Host: HOST DYNAMIX 53 Rue de la Maire Z.I. of the Paluds 13400 AUBAGNE\" \/>\n<meta property=\"og:url\" content=\"https:\/\/blackcatseo.ca\/en\/legal\/\" \/>\n<meta property=\"og:site_name\" content=\"BlackCatSEO Montreal Agency\" \/>\n<meta property=\"article:publisher\" content=\"https:\/\/www.facebook.com\/blackcatSE0\" \/>\n<meta property=\"article:modified_time\" content=\"2023-08-23T18:09:05+00:00\" \/>\n<meta property=\"og:image\" content=\"https:\/\/blackcatseo.ca\/wp-content\/uploads\/Nouveau-logo-site-web-bc.png\" \/>\n\t<meta property=\"og:image:width\" content=\"1245\" \/>\n\t<meta property=\"og:image:height\" content=\"912\" \/>\n\t<meta property=\"og:image:type\" content=\"image\/png\" \/>\n<meta name=\"twitter:card\" content=\"summary_large_image\" \/>\n<meta name=\"twitter:site\" content=\"@blackcatSE0\" \/>\n<meta name=\"twitter:label1\" content=\"Est. reading time\" \/>\n\t<meta name=\"twitter:data1\" content=\"2 minutes\" \/>\n<script type=\"application\/ld+json\" class=\"yoast-schema-graph\">{\"@context\":\"https:\\\/\\\/schema.org\",\"@graph\":[{\"@type\":[\"WebPage\",\"ItemPage\"],\"@id\":\"https:\\\/\\\/blackcatseo.ca\\\/en\\\/legal\\\/\",\"url\":\"https:\\\/\\\/blackcatseo.ca\\\/en\\\/legal\\\/\",\"name\":\"Legal - BlackCatSEO Montreal Agency\",\"isPartOf\":{\"@id\":\"https:\\\/\\\/blackcatseo.ca\\\/en\\\/#website\"},\"datePublished\":\"2019-09-26T21:41:38+00:00\",\"dateModified\":\"2023-08-23T18:09:05+00:00\",\"description\":\"I\\\/ Property owner: A. Pasquereau Ave. Papinau Montreal, Que. contact@blackcatseo.ca Host: HOST DYNAMIX 53 Rue de la Maire Z.I. of the Paluds 13400 AUBAGNE\",\"breadcrumb\":{\"@id\":\"https:\\\/\\\/blackcatseo.ca\\\/en\\\/legal\\\/#breadcrumb\"},\"inLanguage\":\"en-CA\",\"potentialAction\":[{\"@type\":\"ReadAction\",\"target\":[\"https:\\\/\\\/blackcatseo.ca\\\/en\\\/legal\\\/\"]}]},{\"@type\":\"BreadcrumbList\",\"@id\":\"https:\\\/\\\/blackcatseo.ca\\\/en\\\/legal\\\/#breadcrumb\",\"itemListElement\":[{\"@type\":\"ListItem\",\"position\":1,\"name\":\"Accueil\",\"item\":\"https:\\\/\\\/blackcatseo.ca\\\/en\\\/\"},{\"@type\":\"ListItem\",\"position\":2,\"name\":\"Legal\"}]},{\"@type\":\"WebSite\",\"@id\":\"https:\\\/\\\/blackcatseo.ca\\\/en\\\/#website\",\"url\":\"https:\\\/\\\/blackcatseo.ca\\\/en\\\/\",\"name\":\"Agence SEO \u00e0 Montr\u00e9al | R\u00e9f\u00e9rencement Web BlackCat\",\"description\":\"State-of-the-art SEO Agency in Montreal - Trafic Google, AIs &amp; LLMs\",\"publisher\":{\"@id\":\"https:\\\/\\\/blackcatseo.ca\\\/en\\\/#organization\"},\"alternateName\":\"BlackCat SEO Montreal\",\"potentialAction\":[{\"@type\":\"SearchAction\",\"target\":{\"@type\":\"EntryPoint\",\"urlTemplate\":\"https:\\\/\\\/blackcatseo.ca\\\/en\\\/?s={search_term_string}\"},\"query-input\":{\"@type\":\"PropertyValueSpecification\",\"valueRequired\":true,\"valueName\":\"search_term_string\"}}],\"inLanguage\":\"en-CA\"},{\"@type\":\"Organization\",\"@id\":\"https:\\\/\\\/blackcatseo.ca\\\/en\\\/#organization\",\"name\":\"Agence SEO \u00e0 Montr\u00e9al | R\u00e9f\u00e9rencement Web BlackCat\",\"alternateName\":\"Blackcat SEO Montreal\",\"url\":\"https:\\\/\\\/blackcatseo.ca\\\/en\\\/\",\"logo\":{\"@type\":\"ImageObject\",\"inLanguage\":\"en-CA\",\"@id\":\"https:\\\/\\\/blackcatseo.ca\\\/en\\\/#\\\/schema\\\/logo\\\/image\\\/\",\"url\":\"https:\\\/\\\/blackcatseo.ca\\\/wp-content\\\/uploads\\\/Nouveau-logo-site-web-bc.png\",\"contentUrl\":\"https:\\\/\\\/blackcatseo.ca\\\/wp-content\\\/uploads\\\/Nouveau-logo-site-web-bc.png\",\"width\":1245,\"height\":912,\"caption\":\"Agence SEO \u00e0 Montr\u00e9al | R\u00e9f\u00e9rencement Web BlackCat\"},\"image\":{\"@id\":\"https:\\\/\\\/blackcatseo.ca\\\/en\\\/#\\\/schema\\\/logo\\\/image\\\/\"},\"sameAs\":[\"https:\\\/\\\/www.facebook.com\\\/blackcatSE0\",\"https:\\\/\\\/x.com\\\/blackcatSE0\",\"https:\\\/\\\/www.instagram.com\\\/seocat514\\\/?hl=en\",\"https:\\\/\\\/www.linkedin.com\\\/company\\\/r-f-rencement-blackcat-seo\\\/?originalSubdomain=ca\"],\"ownershipFundingInfo\":\"https:\\\/\\\/blackcatseo.ca\\\/team\\\/\",\"ethicsPolicy\":\"https:\\\/\\\/blackcatseo.ca\\\/charte-ethique-blackcat\\\/\"},false]}<\/script>\n<!-- \/ Yoast SEO Premium plugin. -->","yoast_head_json":{"title":"Legal - BlackCatSEO Montreal Agency","description":"I\/ Property owner: A. Pasquereau Ave. Papinau Montreal, Que. contact@blackcatseo.ca Host: HOST DYNAMIX 53 Rue de la Maire Z.I. of the Paluds 13400 AUBAGNE","robots":{"index":"index","follow":"follow","max-snippet":"max-snippet:-1","max-image-preview":"max-image-preview:large","max-video-preview":"max-video-preview:-1"},"canonical":"https:\/\/blackcatseo.ca\/en\/legal\/","og_locale":"en_US","og_type":"article","og_title":"Legal","og_description":"I\/ Property owner: A. Pasquereau Ave. Papinau Montreal, Que. contact@blackcatseo.ca Host: HOST DYNAMIX 53 Rue de la Maire Z.I. of the Paluds 13400 AUBAGNE","og_url":"https:\/\/blackcatseo.ca\/en\/legal\/","og_site_name":"BlackCatSEO Montreal Agency","article_publisher":"https:\/\/www.facebook.com\/blackcatSE0","article_modified_time":"2023-08-23T18:09:05+00:00","og_image":[{"width":1245,"height":912,"url":"https:\/\/blackcatseo.ca\/wp-content\/uploads\/Nouveau-logo-site-web-bc.png","type":"image\/png"}],"twitter_card":"summary_large_image","twitter_site":"@blackcatSE0","twitter_misc":{"Est. reading time":"2 minutes"},"schema":{"@context":"https:\/\/schema.org","@graph":[{"@type":["WebPage","ItemPage"],"@id":"https:\/\/blackcatseo.ca\/en\/legal\/","url":"https:\/\/blackcatseo.ca\/en\/legal\/","name":"Legal - BlackCatSEO Montreal Agency","isPartOf":{"@id":"https:\/\/blackcatseo.ca\/en\/#website"},"datePublished":"2019-09-26T21:41:38+00:00","dateModified":"2023-08-23T18:09:05+00:00","description":"I\/ Property owner: A. Pasquereau Ave. Papinau Montreal, Que. contact@blackcatseo.ca Host: HOST DYNAMIX 53 Rue de la Maire Z.I. of the Paluds 13400 AUBAGNE","breadcrumb":{"@id":"https:\/\/blackcatseo.ca\/en\/legal\/#breadcrumb"},"inLanguage":"en-CA","potentialAction":[{"@type":"ReadAction","target":["https:\/\/blackcatseo.ca\/en\/legal\/"]}]},{"@type":"BreadcrumbList","@id":"https:\/\/blackcatseo.ca\/en\/legal\/#breadcrumb","itemListElement":[{"@type":"ListItem","position":1,"name":"Accueil","item":"https:\/\/blackcatseo.ca\/en\/"},{"@type":"ListItem","position":2,"name":"Legal"}]},{"@type":"WebSite","@id":"https:\/\/blackcatseo.ca\/en\/#website","url":"https:\/\/blackcatseo.ca\/en\/","name":"Agence SEO \u00e0 Montr\u00e9al | R\u00e9f\u00e9rencement Web BlackCat","description":"State-of-the-art SEO Agency in Montreal - Trafic Google, AIs &amp; LLMs","publisher":{"@id":"https:\/\/blackcatseo.ca\/en\/#organization"},"alternateName":"BlackCat SEO Montreal","potentialAction":[{"@type":"SearchAction","target":{"@type":"EntryPoint","urlTemplate":"https:\/\/blackcatseo.ca\/en\/?s={search_term_string}"},"query-input":{"@type":"PropertyValueSpecification","valueRequired":true,"valueName":"search_term_string"}}],"inLanguage":"en-CA"},{"@type":"Organization","@id":"https:\/\/blackcatseo.ca\/en\/#organization","name":"Agence SEO \u00e0 Montr\u00e9al | R\u00e9f\u00e9rencement Web BlackCat","alternateName":"Blackcat SEO Montreal","url":"https:\/\/blackcatseo.ca\/en\/","logo":{"@type":"ImageObject","inLanguage":"en-CA","@id":"https:\/\/blackcatseo.ca\/en\/#\/schema\/logo\/image\/","url":"https:\/\/blackcatseo.ca\/wp-content\/uploads\/Nouveau-logo-site-web-bc.png","contentUrl":"https:\/\/blackcatseo.ca\/wp-content\/uploads\/Nouveau-logo-site-web-bc.png","width":1245,"height":912,"caption":"Agence SEO \u00e0 Montr\u00e9al | R\u00e9f\u00e9rencement Web BlackCat"},"image":{"@id":"https:\/\/blackcatseo.ca\/en\/#\/schema\/logo\/image\/"},"sameAs":["https:\/\/www.facebook.com\/blackcatSE0","https:\/\/x.com\/blackcatSE0","https:\/\/www.instagram.com\/seocat514\/?hl=en","https:\/\/www.linkedin.com\/company\/r-f-rencement-blackcat-seo\/?originalSubdomain=ca"],"ownershipFundingInfo":"https:\/\/blackcatseo.ca\/team\/","ethicsPolicy":"https:\/\/blackcatseo.ca\/charte-ethique-blackcat\/"},false]}},"yasr_visitor_votes":{"stars_attributes":{"read_only":false,"span_bottom":false},"number_of_votes":0,"sum_votes":0},"_links":{"self":[{"href":"https:\/\/blackcatseo.ca\/en\/wp-json\/wp\/v2\/pages\/14639","targetHints":{"allow":["GET"]}}],"collection":[{"href":"https:\/\/blackcatseo.ca\/en\/wp-json\/wp\/v2\/pages"}],"about":[{"href":"https:\/\/blackcatseo.ca\/en\/wp-json\/wp\/v2\/types\/page"}],"author":[{"embeddable":true,"href":"https:\/\/blackcatseo.ca\/en\/wp-json\/wp\/v2\/users\/1"}],"replies":[{"embeddable":true,"href":"https:\/\/blackcatseo.ca\/en\/wp-json\/wp\/v2\/comments?post=14639"}],"version-history":[{"count":2,"href":"https:\/\/blackcatseo.ca\/en\/wp-json\/wp\/v2\/pages\/14639\/revisions"}],"predecessor-version":[{"id":18209,"href":"https:\/\/blackcatseo.ca\/en\/wp-json\/wp\/v2\/pages\/14639\/revisions\/18209"}],"wp:attachment":[{"href":"https:\/\/blackcatseo.ca\/en\/wp-json\/wp\/v2\/media?parent=14639"}],"curies":[{"name":"wp","href":"https:\/\/api.w.org\/{rel}","templated":true}]}}