{"id":14632,"date":"2019-09-26T21:35:33","date_gmt":"2019-09-26T21:35:33","guid":{"rendered":"https:\/\/blackcatseo.ca\/influencers-twitter-and-instagram\/"},"modified":"2023-05-18T22:16:11","modified_gmt":"2023-05-18T22:16:11","slug":"twitter-instagram-influencers","status":"publish","type":"page","link":"https:\/\/blackcatseo.ca\/en\/twitter-instagram-influencers\/","title":{"rendered":"Influencers twitter and instagram"},"content":{"rendered":"<div style='text-align:left' class='yasr-auto-insert-overall'><\/div><div class=\"fusion-fullwidth fullwidth-box fusion-builder-row-1 nonhundred-percent-fullwidth non-hundred-percent-height-scrolling\" style=\"--awb-border-radius-top-left:0px;--awb-border-radius-top-right:0px;--awb-border-radius-bottom-right:0px;--awb-border-radius-bottom-left:0px;--awb-flex-wrap:wrap;\" ><div class=\"fusion-builder-row fusion-row\"><div class=\"fusion-layout-column fusion_builder_column fusion-builder-column-0 fusion_builder_column_1_1 1_1 fusion-one-full fusion-column-first fusion-column-last\" style=\"--awb-bg-size:cover;--awb-margin-bottom:0px;\"><div class=\"fusion-column-wrapper fusion-flex-column-wrapper-legacy\"><div class=\"fusion-text fusion-text-1\"><h1>Instagram and twitter Influencers<\/h1>\n<p>Web influence is a marketing phenomenon that is growing in scale. And unsurprisingly, social networks have been stormed by these new generation marketers. Today, we have chosen to focus on influencers working on instagram and twitter. Is the market of influence really buoyant on these two social networks? What interests do advertisers find in using these influencers? Can you really make a dejust living by becoming an instagram influencer or a twitter influencer?<\/p>\n<h2>How would a marketing influence on instagram help?<\/h2>\n<p>At the origin of this epic is the success that this social network has had with users around the world. Indeed, the success of Instagram has been illustrated by a huge influx.<\/p>\n<h3>At the root of the instagram influence<\/h3>\n<p>Currently, there are several hundred million users worldwide. These staggering figures immediately tickled the companies who quickly understood the interest in advertising to a target as numerous as varied. And that&#8217;s when the instagram influencers started to get the wind in their sails.<\/p>\n<h3>The highlight of instagram influencers<\/h3>\n<p>Classic advertising is certainly effective, but there is still a rate of loss of the message that often exceeds 10 , while with instagram influencers, the message passes more easily. This is because the targets naturally identify with influencers. So we have a better chance of selling a &#8220;fitness watch&#8221; model by making Cristiano Ronaldo appear on instagram with this model of watch.<\/p>\n<p><img decoding=\"async\" class=\"lazyload size-full wp-image-14215 aligncenter\" src=\"https:\/\/blackcatseo.ca\/wp-content\/uploads\/influenceurs-instagram-outreach.jpg\" data-orig-src=\"https:\/\/blackcatseo.ca\/wp-content\/uploads\/influenceurs-instagram-outreach.jpg\" alt=\"\" width=\"783\" height=\"966\" srcset=\"data:image\/svg+xml,%3Csvg%20xmlns%3D%27http%3A%2F%2Fwww.w3.org%2F2000%2Fsvg%27%20width%3D%27783%27%20height%3D%27966%27%20viewBox%3D%270%200%20783%20966%27%3E%3Crect%20width%3D%27783%27%20height%3D%27966%27%20fill-opacity%3D%220%22%2F%3E%3C%2Fsvg%3E\" data-srcset=\"https:\/\/blackcatseo.ca\/wp-content\/uploads\/influenceurs-instagram-outreach-200x247.jpg 200w, https:\/\/blackcatseo.ca\/wp-content\/uploads\/influenceurs-instagram-outreach-243x300.jpg 243w, https:\/\/blackcatseo.ca\/wp-content\/uploads\/influenceurs-instagram-outreach-400x493.jpg 400w, https:\/\/blackcatseo.ca\/wp-content\/uploads\/influenceurs-instagram-outreach-600x740.jpg 600w, https:\/\/blackcatseo.ca\/wp-content\/uploads\/influenceurs-instagram-outreach-768x947.jpg 768w, https:\/\/blackcatseo.ca\/wp-content\/uploads\/influenceurs-instagram-outreach.jpg 783w\" data-sizes=\"auto\" data-orig-sizes=\"(max-width: 783px) 100vw, 783px\" \/><\/p>\n<h2>The remuneration of instagram influencers<\/h2>\n<p>It varies according to several criteria.<\/p>\n<h3>What do companies rely on to pay influencers?<\/h3>\n<p>The main criterion is the number of subscribers held by the influencer instagram. When the influencer has 10,000 subscribers, the standard rate is to pay $100 for a publication. But other criteria can intervene and thus increase the bill:<\/p>\n<ul>\n<li>The brand (for example: not all brands are willing to pay $75,000 for a single Publication of Cristiano Ronaldo).<\/li>\n<li>The duration of the advertising campaign and therefore the number of posts to be posted.<\/li>\n<li>The level of engagement of the instagram influencer.<\/li>\n<li>The level of responsiveness of the target.<\/li>\n<li>The type of publication. An intagram influencer will not receive the same amount for a video and for a simple instagram message. A video posted in the instagram story will also have its price.<\/li>\n<\/ul>\n<h3>What about small instagram influencers?<\/h3>\n<p>Also known as &#8220;micro influencers,&#8221; these people have a number of subscribers not exceeding the 100,000 followers mark. Although this number between 10,000 and 100,000 subscribers does not look huge, the influencer stakes can still pocket up to $300 for a single post. And depending on the brand employing the influencer, this price may be significantly lower or higher.<\/p>\n<h2>The strategies of twitter influencers<\/h2>\n<p>On twitter, as on instagram or facebook, many influencers have made a name for themselves and a journey. But of course, it didn&#8217;t happen overnight. Some strategies had to be adopted.<\/p>\n<p>The first tool of twitter influencers is quality content. Messages posted on twitter are short so words should be well chosen by influencers. Then comes the interaction with the subscribers, an interaction where the influencer places himself as someone mastering the subject. This is important as it allows subscribers to retweet. And retweets can lead to further retweets. It is with this in mind that the &#8220;haschtag&#8221; has become an effective tool for twitter influencers as part of their activities. Moreover, when we take the example of those who seek content in relation to a theme, they will do their research on a haschtag. A good twitter influencer will know: first, create a quality haschtag denoting the product he defs, then in a second, use the keywords that will be present in his publications.<\/p>\n<h2>How do brands choose twitter influencers?<\/h2>\n<p>This choice can be made according to different criteria.<\/p>\n<h3>The case of twitter influencers<\/h3>\n<p>When brands search for twitter influencers, several benchmarks can be used:<\/p>\n<ul>\n<li>influencer&#8217;s notoriety (for example: is he a famous blogger or a rookie star?);<\/li>\n<li>the number of followers (usually the more the influencer has and the better);<\/li>\n<li>The field of activity of its influence (fashion, sport, high-tech, etc.);<\/li>\n<li>The quality of the content it publishes and the frequency of &#8220;likes&#8221; and\/or &#8220;retweets&#8221;;<\/li>\n<li>the fact that he has a certified profile.<\/li>\n<\/ul>\n<p>The blue badge (which is the symbol on certified twitter profiles) reassures subscribers about the credibility of the influencer in his area of expertise.<\/p>\n<h2>The most valuable influencers twitter and instagram<\/h2>\n<p>While twitter and instagram influencers appear to be only there to share photos or videos about marketed products, some brands are asking for deeper involvement in the promotional campaign. In this case, the influencer will then be asked to give marketing ideas that can help give a boost to the campaign. For example: draw lots from subscribers who will be filmed testing the product.<\/p>\n<\/div><div class=\"fusion-clearfix\"><\/div><\/div><\/div><\/div><\/div>\n","protected":false},"excerpt":{"rendered":"","protected":false},"author":1,"featured_media":0,"parent":0,"menu_order":0,"comment_status":"closed","ping_status":"closed","template":"","meta":{"yasr_overall_rating":0,"yasr_post_is_review":"","yasr_auto_insert_disabled":"","yasr_review_type":"","footnotes":""},"class_list":["post-14632","page","type-page","status-publish","hentry"],"yoast_head":"<!-- This site is optimized with the Yoast SEO Premium plugin v27.3 (Yoast SEO v27.3) - https:\/\/yoast.com\/product\/yoast-seo-premium-wordpress\/ -->\n<title>Influencers twitter and instagram - BlackCatSEO Montreal Agency<\/title>\n<meta name=\"robots\" content=\"index, follow, max-snippet:-1, max-image-preview:large, max-video-preview:-1\" \/>\n<link rel=\"canonical\" href=\"https:\/\/blackcatseo.ca\/en\/twitter-instagram-influencers\/\" \/>\n<meta property=\"og:locale\" content=\"en_US\" \/>\n<meta property=\"og:type\" content=\"article\" \/>\n<meta property=\"og:title\" content=\"Influencers twitter and instagram\" \/>\n<meta property=\"og:url\" content=\"https:\/\/blackcatseo.ca\/en\/twitter-instagram-influencers\/\" \/>\n<meta property=\"og:site_name\" content=\"BlackCatSEO Montreal Agency\" \/>\n<meta property=\"article:publisher\" content=\"https:\/\/www.facebook.com\/blackcatSE0\" \/>\n<meta property=\"article:modified_time\" content=\"2023-05-18T22:16:11+00:00\" \/>\n<meta property=\"og:image\" content=\"https:\/\/blackcatseo.ca\/wp-content\/uploads\/influenceurs-instagram-outreach.jpg\" \/>\n<meta name=\"twitter:card\" content=\"summary_large_image\" \/>\n<meta name=\"twitter:site\" content=\"@blackcatSE0\" \/>\n<meta name=\"twitter:label1\" content=\"Est. reading time\" \/>\n\t<meta name=\"twitter:data1\" content=\"5 minutes\" \/>\n<script type=\"application\/ld+json\" class=\"yoast-schema-graph\">{\"@context\":\"https:\\\/\\\/schema.org\",\"@graph\":[{\"@type\":[\"WebPage\",\"ItemPage\"],\"@id\":\"https:\\\/\\\/blackcatseo.ca\\\/en\\\/twitter-instagram-influencers\\\/\",\"url\":\"https:\\\/\\\/blackcatseo.ca\\\/en\\\/twitter-instagram-influencers\\\/\",\"name\":\"Influencers twitter and instagram - BlackCatSEO Montreal Agency\",\"isPartOf\":{\"@id\":\"https:\\\/\\\/blackcatseo.ca\\\/en\\\/#website\"},\"primaryImageOfPage\":{\"@id\":\"https:\\\/\\\/blackcatseo.ca\\\/en\\\/twitter-instagram-influencers\\\/#primaryimage\"},\"image\":{\"@id\":\"https:\\\/\\\/blackcatseo.ca\\\/en\\\/twitter-instagram-influencers\\\/#primaryimage\"},\"thumbnailUrl\":\"https:\\\/\\\/blackcatseo.ca\\\/wp-content\\\/uploads\\\/influenceurs-instagram-outreach.jpg\",\"datePublished\":\"2019-09-26T21:35:33+00:00\",\"dateModified\":\"2023-05-18T22:16:11+00:00\",\"breadcrumb\":{\"@id\":\"https:\\\/\\\/blackcatseo.ca\\\/en\\\/twitter-instagram-influencers\\\/#breadcrumb\"},\"inLanguage\":\"en-CA\",\"potentialAction\":[{\"@type\":\"ReadAction\",\"target\":[\"https:\\\/\\\/blackcatseo.ca\\\/en\\\/twitter-instagram-influencers\\\/\"]}]},{\"@type\":\"ImageObject\",\"inLanguage\":\"en-CA\",\"@id\":\"https:\\\/\\\/blackcatseo.ca\\\/en\\\/twitter-instagram-influencers\\\/#primaryimage\",\"url\":\"https:\\\/\\\/blackcatseo.ca\\\/wp-content\\\/uploads\\\/influenceurs-instagram-outreach.jpg\",\"contentUrl\":\"https:\\\/\\\/blackcatseo.ca\\\/wp-content\\\/uploads\\\/influenceurs-instagram-outreach.jpg\"},{\"@type\":\"BreadcrumbList\",\"@id\":\"https:\\\/\\\/blackcatseo.ca\\\/en\\\/twitter-instagram-influencers\\\/#breadcrumb\",\"itemListElement\":[{\"@type\":\"ListItem\",\"position\":1,\"name\":\"Accueil\",\"item\":\"https:\\\/\\\/blackcatseo.ca\\\/en\\\/\"},{\"@type\":\"ListItem\",\"position\":2,\"name\":\"Influencers twitter and instagram\"}]},{\"@type\":\"WebSite\",\"@id\":\"https:\\\/\\\/blackcatseo.ca\\\/en\\\/#website\",\"url\":\"https:\\\/\\\/blackcatseo.ca\\\/en\\\/\",\"name\":\"Agence SEO \u00e0 Montr\u00e9al | R\u00e9f\u00e9rencement Web BlackCat\",\"description\":\"State-of-the-art SEO Agency in Montreal - Trafic Google, AIs &amp; LLMs\",\"publisher\":{\"@id\":\"https:\\\/\\\/blackcatseo.ca\\\/en\\\/#organization\"},\"alternateName\":\"BlackCat SEO Montreal\",\"potentialAction\":[{\"@type\":\"SearchAction\",\"target\":{\"@type\":\"EntryPoint\",\"urlTemplate\":\"https:\\\/\\\/blackcatseo.ca\\\/en\\\/?s={search_term_string}\"},\"query-input\":{\"@type\":\"PropertyValueSpecification\",\"valueRequired\":true,\"valueName\":\"search_term_string\"}}],\"inLanguage\":\"en-CA\"},{\"@type\":\"Organization\",\"@id\":\"https:\\\/\\\/blackcatseo.ca\\\/en\\\/#organization\",\"name\":\"Agence SEO \u00e0 Montr\u00e9al | R\u00e9f\u00e9rencement Web BlackCat\",\"alternateName\":\"Blackcat SEO Montreal\",\"url\":\"https:\\\/\\\/blackcatseo.ca\\\/en\\\/\",\"logo\":{\"@type\":\"ImageObject\",\"inLanguage\":\"en-CA\",\"@id\":\"https:\\\/\\\/blackcatseo.ca\\\/en\\\/#\\\/schema\\\/logo\\\/image\\\/\",\"url\":\"https:\\\/\\\/blackcatseo.ca\\\/wp-content\\\/uploads\\\/Nouveau-logo-site-web-bc.png\",\"contentUrl\":\"https:\\\/\\\/blackcatseo.ca\\\/wp-content\\\/uploads\\\/Nouveau-logo-site-web-bc.png\",\"width\":1245,\"height\":912,\"caption\":\"Agence SEO \u00e0 Montr\u00e9al | R\u00e9f\u00e9rencement Web BlackCat\"},\"image\":{\"@id\":\"https:\\\/\\\/blackcatseo.ca\\\/en\\\/#\\\/schema\\\/logo\\\/image\\\/\"},\"sameAs\":[\"https:\\\/\\\/www.facebook.com\\\/blackcatSE0\",\"https:\\\/\\\/x.com\\\/blackcatSE0\",\"https:\\\/\\\/www.instagram.com\\\/seocat514\\\/?hl=en\",\"https:\\\/\\\/www.linkedin.com\\\/company\\\/r-f-rencement-blackcat-seo\\\/?originalSubdomain=ca\"],\"ownershipFundingInfo\":\"https:\\\/\\\/blackcatseo.ca\\\/team\\\/\",\"ethicsPolicy\":\"https:\\\/\\\/blackcatseo.ca\\\/charte-ethique-blackcat\\\/\"},false]}<\/script>\n<!-- \/ Yoast SEO Premium plugin. -->","yoast_head_json":{"title":"Influencers twitter and instagram - BlackCatSEO Montreal Agency","robots":{"index":"index","follow":"follow","max-snippet":"max-snippet:-1","max-image-preview":"max-image-preview:large","max-video-preview":"max-video-preview:-1"},"canonical":"https:\/\/blackcatseo.ca\/en\/twitter-instagram-influencers\/","og_locale":"en_US","og_type":"article","og_title":"Influencers twitter and instagram","og_url":"https:\/\/blackcatseo.ca\/en\/twitter-instagram-influencers\/","og_site_name":"BlackCatSEO Montreal Agency","article_publisher":"https:\/\/www.facebook.com\/blackcatSE0","article_modified_time":"2023-05-18T22:16:11+00:00","og_image":[{"url":"https:\/\/blackcatseo.ca\/wp-content\/uploads\/influenceurs-instagram-outreach.jpg","type":"","width":"","height":""}],"twitter_card":"summary_large_image","twitter_site":"@blackcatSE0","twitter_misc":{"Est. reading time":"5 minutes"},"schema":{"@context":"https:\/\/schema.org","@graph":[{"@type":["WebPage","ItemPage"],"@id":"https:\/\/blackcatseo.ca\/en\/twitter-instagram-influencers\/","url":"https:\/\/blackcatseo.ca\/en\/twitter-instagram-influencers\/","name":"Influencers twitter and instagram - BlackCatSEO Montreal Agency","isPartOf":{"@id":"https:\/\/blackcatseo.ca\/en\/#website"},"primaryImageOfPage":{"@id":"https:\/\/blackcatseo.ca\/en\/twitter-instagram-influencers\/#primaryimage"},"image":{"@id":"https:\/\/blackcatseo.ca\/en\/twitter-instagram-influencers\/#primaryimage"},"thumbnailUrl":"https:\/\/blackcatseo.ca\/wp-content\/uploads\/influenceurs-instagram-outreach.jpg","datePublished":"2019-09-26T21:35:33+00:00","dateModified":"2023-05-18T22:16:11+00:00","breadcrumb":{"@id":"https:\/\/blackcatseo.ca\/en\/twitter-instagram-influencers\/#breadcrumb"},"inLanguage":"en-CA","potentialAction":[{"@type":"ReadAction","target":["https:\/\/blackcatseo.ca\/en\/twitter-instagram-influencers\/"]}]},{"@type":"ImageObject","inLanguage":"en-CA","@id":"https:\/\/blackcatseo.ca\/en\/twitter-instagram-influencers\/#primaryimage","url":"https:\/\/blackcatseo.ca\/wp-content\/uploads\/influenceurs-instagram-outreach.jpg","contentUrl":"https:\/\/blackcatseo.ca\/wp-content\/uploads\/influenceurs-instagram-outreach.jpg"},{"@type":"BreadcrumbList","@id":"https:\/\/blackcatseo.ca\/en\/twitter-instagram-influencers\/#breadcrumb","itemListElement":[{"@type":"ListItem","position":1,"name":"Accueil","item":"https:\/\/blackcatseo.ca\/en\/"},{"@type":"ListItem","position":2,"name":"Influencers twitter and instagram"}]},{"@type":"WebSite","@id":"https:\/\/blackcatseo.ca\/en\/#website","url":"https:\/\/blackcatseo.ca\/en\/","name":"Agence SEO \u00e0 Montr\u00e9al | R\u00e9f\u00e9rencement Web BlackCat","description":"State-of-the-art SEO Agency in Montreal - Trafic Google, AIs &amp; LLMs","publisher":{"@id":"https:\/\/blackcatseo.ca\/en\/#organization"},"alternateName":"BlackCat SEO Montreal","potentialAction":[{"@type":"SearchAction","target":{"@type":"EntryPoint","urlTemplate":"https:\/\/blackcatseo.ca\/en\/?s={search_term_string}"},"query-input":{"@type":"PropertyValueSpecification","valueRequired":true,"valueName":"search_term_string"}}],"inLanguage":"en-CA"},{"@type":"Organization","@id":"https:\/\/blackcatseo.ca\/en\/#organization","name":"Agence SEO \u00e0 Montr\u00e9al | R\u00e9f\u00e9rencement Web BlackCat","alternateName":"Blackcat SEO Montreal","url":"https:\/\/blackcatseo.ca\/en\/","logo":{"@type":"ImageObject","inLanguage":"en-CA","@id":"https:\/\/blackcatseo.ca\/en\/#\/schema\/logo\/image\/","url":"https:\/\/blackcatseo.ca\/wp-content\/uploads\/Nouveau-logo-site-web-bc.png","contentUrl":"https:\/\/blackcatseo.ca\/wp-content\/uploads\/Nouveau-logo-site-web-bc.png","width":1245,"height":912,"caption":"Agence SEO \u00e0 Montr\u00e9al | R\u00e9f\u00e9rencement Web BlackCat"},"image":{"@id":"https:\/\/blackcatseo.ca\/en\/#\/schema\/logo\/image\/"},"sameAs":["https:\/\/www.facebook.com\/blackcatSE0","https:\/\/x.com\/blackcatSE0","https:\/\/www.instagram.com\/seocat514\/?hl=en","https:\/\/www.linkedin.com\/company\/r-f-rencement-blackcat-seo\/?originalSubdomain=ca"],"ownershipFundingInfo":"https:\/\/blackcatseo.ca\/team\/","ethicsPolicy":"https:\/\/blackcatseo.ca\/charte-ethique-blackcat\/"},false]}},"yasr_visitor_votes":{"stars_attributes":{"read_only":false,"span_bottom":false},"number_of_votes":1,"sum_votes":5},"_links":{"self":[{"href":"https:\/\/blackcatseo.ca\/en\/wp-json\/wp\/v2\/pages\/14632","targetHints":{"allow":["GET"]}}],"collection":[{"href":"https:\/\/blackcatseo.ca\/en\/wp-json\/wp\/v2\/pages"}],"about":[{"href":"https:\/\/blackcatseo.ca\/en\/wp-json\/wp\/v2\/types\/page"}],"author":[{"embeddable":true,"href":"https:\/\/blackcatseo.ca\/en\/wp-json\/wp\/v2\/users\/1"}],"replies":[{"embeddable":true,"href":"https:\/\/blackcatseo.ca\/en\/wp-json\/wp\/v2\/comments?post=14632"}],"version-history":[{"count":5,"href":"https:\/\/blackcatseo.ca\/en\/wp-json\/wp\/v2\/pages\/14632\/revisions"}],"predecessor-version":[{"id":17843,"href":"https:\/\/blackcatseo.ca\/en\/wp-json\/wp\/v2\/pages\/14632\/revisions\/17843"}],"wp:attachment":[{"href":"https:\/\/blackcatseo.ca\/en\/wp-json\/wp\/v2\/media?parent=14632"}],"curies":[{"name":"wp","href":"https:\/\/api.w.org\/{rel}","templated":true}]}}