{"id":14630,"date":"2019-09-26T21:34:56","date_gmt":"2019-09-26T21:34:56","guid":{"rendered":"https:\/\/blackcatseo.ca\/seo-referencing-training\/"},"modified":"2020-07-13T16:21:50","modified_gmt":"2020-07-13T16:21:50","slug":"seo-training","status":"publish","type":"page","link":"https:\/\/blackcatseo.ca\/en\/seo-training\/","title":{"rendered":"SEO Referencing Training"},"content":{"rendered":"<div style='text-align:left' class='yasr-auto-insert-overall'><\/div><h1> Natural Reference and SEO Training<\/h1>\n<h1><img decoding=\"async\" class=\"lazyload aligncenter\" src=\"data:image\/svg+xml,%3Csvg%20xmlns%3D%27http%3A%2F%2Fwww.w3.org%2F2000%2Fsvg%27%20width%3D%27658%27%20height%3D%27245%27%20viewBox%3D%270%200%20658%20245%27%3E%3Crect%20width%3D%27658%27%20height%3D%27245%27%20fill-opacity%3D%220%22%2F%3E%3C%2Fsvg%3E\" data-orig-src=\"http:\/\/blackcatseo.ca\/wp-content\/uploads\/formation-referencement-webmarketing.jpg\" alt=\"training-referencement-webmarketing\" width=\"658\" height=\"245\"><\/h1>\n<p><em>Putting your website online is not enough to ensure its online visibility.<\/em> You created it on your own or by calling on a developer, or a team, and its design and the experience you provide seduce you. But you also need to implement the methods for it to be found and seen on search engines such as Google, Yahoo, Bing<\/p>\n<p>Natural SEO (Search Engine Optimization) is a mixture of techniques that, when worked in symbiosis, help you increase the visibility of your website.<\/p>\n<p>&nbsp;<\/p>\n<h1>Why SEO training?<\/h1>\n<p>Every website has the reason for the hope of being seen. BlackCat SEO offers SEO training on every aspect of optimizing your site, for search engines. We train entrepreneurs, managers of marketing departments, and business leaders in and around Montreal, in all useful techniques, and reproducible, at any website, in order to discern the fundamental points allowing your website to be a reference in your market<\/p>\n<p>&nbsp;<\/p>\n<div class=\"fusion-fullwidth fullwidth-box fusion-builder-row-1 hundred-percent-fullwidth non-hundred-percent-height-scrolling\" style=\"--awb-border-radius-top-left:0px;--awb-border-radius-top-right:0px;--awb-border-radius-bottom-right:0px;--awb-border-radius-bottom-left:0px;--awb-overflow:visible;--awb-flex-wrap:wrap;\" ><div class=\"fusion-builder-row fusion-row\"><div class=\"fusion-layout-column fusion_builder_column fusion-builder-column-0 fusion_builder_column_1_1 1_1 fusion-one-full fusion-column-first fusion-column-last fusion-column-no-min-height\" style=\"--awb-bg-size:cover;--awb-margin-bottom:0px;\"><div class=\"fusion-column-wrapper fusion-flex-column-wrapper-legacy\"><ul style=\"--awb-line-height:23.8px;--awb-icon-width:23.8px;--awb-icon-height:23.8px;--awb-icon-margin:9.8px;--awb-content-margin:33.6px;\" class=\"fusion-checklist fusion-checklist-1 fusion-checklist-default type-icons\">\n<h1><\/h1>\n<ul>\n<li style=\"text-align: center;\"><a href=\"http:\/\/blackcatseo.ca\/seo-interne\/definition-du-contenu\/\">Content Definition Training <\/a><\/li>\n<li style=\"text-align: center;\"><a href=\"http:\/\/blackcatseo.ca\/seo-interne\/\"> Crawl Errors Workshop <\/a><\/li>\n<li style=\"text-align: center;\"><a href=\"http:\/\/blackcatseo.ca\/seo-interne\/performance-site\/\">Code Clean course <\/a><\/li>\n<li style=\"text-align: center;\"><a href=\"http:\/\/blackcatseo.ca\/seo-interne\/performance-site\/\">Backlinks training <\/a><\/li>\n<li style=\"text-align: center;\"><a href=\"http:\/\/blackcatseo.ca\/social\/strategie-sociale\/\"> Social Sharing Training <\/a><\/li>\n<\/ul>\n<p style=\"text-align: center;\"><\/ul>\n<p>&nbsp;<\/p>\n<p>This training has proven to be an essential asset for all entrepreneurs, or entrepreneurs, with the desire to naturally increase its visibility in the long term, without paying in the long term! We offer our natural referencing training in the form of workshops with up to 6 people, or private courses. We adapt to your needs.<\/p>\n<h1>Points discussed<\/h1>\n<p>During this natural referencing training, you discover the principles that will allow you to appear in a good position on search engines. We review:<br \/>\n<em>The search engines work<\/em><br \/>\n<em> What natural referencing is, why it needs to be looked after<\/em><br \/>\n<em> Good practices in natural referencing: titles, tags, content, mesh, update, keywords, domain name, hosting &#8230;<\/em><br \/>\n<em> How to develop your off-site visibility strategy: blogs, social networks, netlinking<\/em><\/p>\n<p><img decoding=\"async\" class=\"lazyload aligncenter size-medium wp-image-4309\" src=\"http:\/\/blackcatseo.ca\/wp-content\/uploads\/imac-dollars-300x300.jpg\" data-orig-src=\"http:\/\/blackcatseo.ca\/wp-content\/uploads\/imac-dollars-300x300.jpg\" alt=\"imac-dollars\" width=\"300\" height=\"300\" srcset=\"data:image\/svg+xml,%3Csvg%20xmlns%3D%27http%3A%2F%2Fwww.w3.org%2F2000%2Fsvg%27%20width%3D%27300%27%20height%3D%27300%27%20viewBox%3D%270%200%20300%20300%27%3E%3Crect%20width%3D%27300%27%20height%3D%27300%27%20fill-opacity%3D%220%22%2F%3E%3C%2Fsvg%3E\" data-srcset=\"https:\/\/blackcatseo.ca\/wp-content\/uploads\/imac-dollars-66x66.jpg 66w, https:\/\/blackcatseo.ca\/wp-content\/uploads\/imac-dollars-120x120.jpg 120w, https:\/\/blackcatseo.ca\/wp-content\/uploads\/imac-dollars-150x150.jpg 150w, https:\/\/blackcatseo.ca\/wp-content\/uploads\/imac-dollars-300x300.jpg 300w, https:\/\/blackcatseo.ca\/wp-content\/uploads\/imac-dollars.jpg 500w\" data-sizes=\"auto\" data-orig-sizes=\"(max-width: 300px) 100vw, 300px\" \/><\/p>\n<h1>What&#8217;s next?<\/h1>\n<p>All that remains is to put in place all the points discussed during your SEO training, and to pass on to your team in-house, the important elements to watch. Don&#8217;t panic! We adapt the technical jargon to all our interlocutors, so that you emerge from this training in web referencing, with a methodology adapted to your market, customized to your site and your organic growth goals.<\/p>\n<h1>A 4-hour block is offered<\/h1>\n<p>up to 6 people, for contracts of $1,000 or more (CAD)&#8230;<\/p>\n<div class=\"fusion-clearfix\"><\/div><\/div><\/div><div class=\"fusion-layout-column fusion_builder_column fusion-builder-column-1 fusion_builder_column_1_1 1_1 fusion-one-full fusion-column-first fusion-column-last fusion-column-no-min-height\" style=\"--awb-bg-size:cover;--awb-margin-bottom:0px;\"><div class=\"fusion-column-wrapper fusion-flex-column-wrapper-legacy\"><div class=\"fusion-reading-box-container reading-box-container-1\" style=\"--awb-title-color:#000000;--awb-margin-top:0px;--awb-margin-bottom:84px;\"><div class=\"reading-box\" style=\"background-color:#f6f6f6;border-width:0px;border-color:#f6f6f6;border-left-width:3px;border-left-color:var(--primary_color);border-style:solid;\"><a class=\"button fusion-button button-default fusion-button-default-size button-default-size button-flat fusion-desktop-button fusion-tagline-button continue fusion-desktop-button-margin continue-right\" style=\"-webkit-box-shadow:none;-moz-box-shadow:none;box-shadow:none;border-radius:2px 2px 2px 2px\" href=\"http:\/\/blackcatseo.ca\/contact-blackcatseo\/\" target=\"_self\"><span>Learn!<\/span><\/a><h2>Want results?<\/h2><div class=\"reading-box-description fusion-reading-box-additional\">N'attendez plus. Nous vous fournissons un \u00e9tat des lieux imm\u00e9diat !<\/div><div class=\"fusion-clearfix\"><\/div><a class=\"button fusion-button button-default fusion-button-default-size button-default-size button-flat fusion-mobile-button continue-right\" style=\"-webkit-box-shadow:none;-moz-box-shadow:none;box-shadow:none;border-radius:2px 2px 2px 2px\" href=\"http:\/\/blackcatseo.ca\/contact-blackcatseo\/\" target=\"_self\"><span>Learn!<\/span><\/a><\/div><\/div>\n<div class=\"fusion-clearfix\"><\/div><\/div><\/div><\/div><\/div>\n","protected":false},"excerpt":{"rendered":"<p>Natural Reference and SEO Training Putting your website online is not enough to  [&#8230;]<\/p>\n","protected":false},"author":1,"featured_media":0,"parent":0,"menu_order":0,"comment_status":"closed","ping_status":"closed","template":"","meta":{"yasr_overall_rating":0,"yasr_post_is_review":"","yasr_auto_insert_disabled":"","yasr_review_type":"Place","footnotes":""},"class_list":["post-14630","page","type-page","status-publish","hentry"],"yoast_head":"<!-- This site is optimized with the Yoast SEO Premium plugin v27.3 (Yoast SEO v27.3) - https:\/\/yoast.com\/product\/yoast-seo-premium-wordpress\/ -->\n<title>SEO Referencing Training - BlackCatSEO Montreal Agency<\/title>\n<meta name=\"description\" content=\"Web training in natural referencing, organic traffic growth and creating strong contextual feedback links\" \/>\n<meta name=\"robots\" content=\"index, follow, max-snippet:-1, max-image-preview:large, max-video-preview:-1\" \/>\n<link rel=\"canonical\" href=\"https:\/\/blackcatseo.ca\/en\/seo-training\/\" \/>\n<meta property=\"og:locale\" content=\"en_US\" \/>\n<meta property=\"og:type\" content=\"article\" \/>\n<meta property=\"og:title\" content=\"SEO Referencing Training\" \/>\n<meta property=\"og:description\" content=\"Web training in natural referencing, organic traffic growth and creating strong contextual feedback links\" \/>\n<meta property=\"og:url\" content=\"https:\/\/blackcatseo.ca\/en\/seo-training\/\" \/>\n<meta property=\"og:site_name\" content=\"BlackCatSEO Montreal Agency\" \/>\n<meta property=\"article:publisher\" content=\"https:\/\/www.facebook.com\/blackcatSE0\" \/>\n<meta property=\"article:modified_time\" content=\"2020-07-13T16:21:50+00:00\" \/>\n<meta property=\"og:image\" content=\"http:\/\/blackcatseo.ca\/wp-content\/uploads\/formation-referencement-webmarketing.jpg\" \/>\n<meta name=\"twitter:card\" content=\"summary_large_image\" \/>\n<meta name=\"twitter:site\" content=\"@blackcatSE0\" \/>\n<meta name=\"twitter:label1\" content=\"Est. reading time\" \/>\n\t<meta name=\"twitter:data1\" content=\"3 minutes\" \/>\n<script type=\"application\/ld+json\" class=\"yoast-schema-graph\">{\"@context\":\"https:\\\/\\\/schema.org\",\"@graph\":[{\"@type\":[\"WebPage\",\"ItemPage\"],\"@id\":\"https:\\\/\\\/blackcatseo.ca\\\/en\\\/seo-training\\\/\",\"url\":\"https:\\\/\\\/blackcatseo.ca\\\/en\\\/seo-training\\\/\",\"name\":\"SEO Referencing Training - BlackCatSEO Montreal Agency\",\"isPartOf\":{\"@id\":\"https:\\\/\\\/blackcatseo.ca\\\/en\\\/#website\"},\"primaryImageOfPage\":{\"@id\":\"https:\\\/\\\/blackcatseo.ca\\\/en\\\/seo-training\\\/#primaryimage\"},\"image\":{\"@id\":\"https:\\\/\\\/blackcatseo.ca\\\/en\\\/seo-training\\\/#primaryimage\"},\"thumbnailUrl\":\"http:\\\/\\\/blackcatseo.ca\\\/wp-content\\\/uploads\\\/formation-referencement-webmarketing.jpg\",\"datePublished\":\"2019-09-26T21:34:56+00:00\",\"dateModified\":\"2020-07-13T16:21:50+00:00\",\"description\":\"Web training in natural referencing, organic traffic growth and creating strong contextual feedback links\",\"breadcrumb\":{\"@id\":\"https:\\\/\\\/blackcatseo.ca\\\/en\\\/seo-training\\\/#breadcrumb\"},\"inLanguage\":\"en-CA\",\"potentialAction\":[{\"@type\":\"ReadAction\",\"target\":[\"https:\\\/\\\/blackcatseo.ca\\\/en\\\/seo-training\\\/\"]}]},{\"@type\":\"ImageObject\",\"inLanguage\":\"en-CA\",\"@id\":\"https:\\\/\\\/blackcatseo.ca\\\/en\\\/seo-training\\\/#primaryimage\",\"url\":\"http:\\\/\\\/blackcatseo.ca\\\/wp-content\\\/uploads\\\/formation-referencement-webmarketing.jpg\",\"contentUrl\":\"http:\\\/\\\/blackcatseo.ca\\\/wp-content\\\/uploads\\\/formation-referencement-webmarketing.jpg\"},{\"@type\":\"BreadcrumbList\",\"@id\":\"https:\\\/\\\/blackcatseo.ca\\\/en\\\/seo-training\\\/#breadcrumb\",\"itemListElement\":[{\"@type\":\"ListItem\",\"position\":1,\"name\":\"Accueil\",\"item\":\"https:\\\/\\\/blackcatseo.ca\\\/en\\\/\"},{\"@type\":\"ListItem\",\"position\":2,\"name\":\"SEO Referencing Training\"}]},{\"@type\":\"WebSite\",\"@id\":\"https:\\\/\\\/blackcatseo.ca\\\/en\\\/#website\",\"url\":\"https:\\\/\\\/blackcatseo.ca\\\/en\\\/\",\"name\":\"Agence SEO \u00e0 Montr\u00e9al | R\u00e9f\u00e9rencement Web BlackCat\",\"description\":\"State-of-the-art SEO Agency in Montreal - Trafic Google, AIs &amp; LLMs\",\"publisher\":{\"@id\":\"https:\\\/\\\/blackcatseo.ca\\\/en\\\/#organization\"},\"alternateName\":\"BlackCat SEO Montreal\",\"potentialAction\":[{\"@type\":\"SearchAction\",\"target\":{\"@type\":\"EntryPoint\",\"urlTemplate\":\"https:\\\/\\\/blackcatseo.ca\\\/en\\\/?s={search_term_string}\"},\"query-input\":{\"@type\":\"PropertyValueSpecification\",\"valueRequired\":true,\"valueName\":\"search_term_string\"}}],\"inLanguage\":\"en-CA\"},{\"@type\":\"Organization\",\"@id\":\"https:\\\/\\\/blackcatseo.ca\\\/en\\\/#organization\",\"name\":\"Agence SEO \u00e0 Montr\u00e9al | R\u00e9f\u00e9rencement Web BlackCat\",\"alternateName\":\"Blackcat SEO Montreal\",\"url\":\"https:\\\/\\\/blackcatseo.ca\\\/en\\\/\",\"logo\":{\"@type\":\"ImageObject\",\"inLanguage\":\"en-CA\",\"@id\":\"https:\\\/\\\/blackcatseo.ca\\\/en\\\/#\\\/schema\\\/logo\\\/image\\\/\",\"url\":\"https:\\\/\\\/blackcatseo.ca\\\/wp-content\\\/uploads\\\/Nouveau-logo-site-web-bc.png\",\"contentUrl\":\"https:\\\/\\\/blackcatseo.ca\\\/wp-content\\\/uploads\\\/Nouveau-logo-site-web-bc.png\",\"width\":1245,\"height\":912,\"caption\":\"Agence SEO \u00e0 Montr\u00e9al | R\u00e9f\u00e9rencement Web BlackCat\"},\"image\":{\"@id\":\"https:\\\/\\\/blackcatseo.ca\\\/en\\\/#\\\/schema\\\/logo\\\/image\\\/\"},\"sameAs\":[\"https:\\\/\\\/www.facebook.com\\\/blackcatSE0\",\"https:\\\/\\\/x.com\\\/blackcatSE0\",\"https:\\\/\\\/www.instagram.com\\\/seocat514\\\/?hl=en\",\"https:\\\/\\\/www.linkedin.com\\\/company\\\/r-f-rencement-blackcat-seo\\\/?originalSubdomain=ca\"],\"ownershipFundingInfo\":\"https:\\\/\\\/blackcatseo.ca\\\/team\\\/\",\"ethicsPolicy\":\"https:\\\/\\\/blackcatseo.ca\\\/charte-ethique-blackcat\\\/\"},false]}<\/script>\n<!-- \/ Yoast SEO Premium plugin. -->","yoast_head_json":{"title":"SEO Referencing Training - BlackCatSEO Montreal Agency","description":"Web training in natural referencing, organic traffic growth and creating strong contextual feedback links","robots":{"index":"index","follow":"follow","max-snippet":"max-snippet:-1","max-image-preview":"max-image-preview:large","max-video-preview":"max-video-preview:-1"},"canonical":"https:\/\/blackcatseo.ca\/en\/seo-training\/","og_locale":"en_US","og_type":"article","og_title":"SEO Referencing Training","og_description":"Web training in natural referencing, organic traffic growth and creating strong contextual feedback links","og_url":"https:\/\/blackcatseo.ca\/en\/seo-training\/","og_site_name":"BlackCatSEO Montreal Agency","article_publisher":"https:\/\/www.facebook.com\/blackcatSE0","article_modified_time":"2020-07-13T16:21:50+00:00","og_image":[{"url":"http:\/\/blackcatseo.ca\/wp-content\/uploads\/formation-referencement-webmarketing.jpg","type":"","width":"","height":""}],"twitter_card":"summary_large_image","twitter_site":"@blackcatSE0","twitter_misc":{"Est. reading time":"3 minutes"},"schema":{"@context":"https:\/\/schema.org","@graph":[{"@type":["WebPage","ItemPage"],"@id":"https:\/\/blackcatseo.ca\/en\/seo-training\/","url":"https:\/\/blackcatseo.ca\/en\/seo-training\/","name":"SEO Referencing Training - BlackCatSEO Montreal Agency","isPartOf":{"@id":"https:\/\/blackcatseo.ca\/en\/#website"},"primaryImageOfPage":{"@id":"https:\/\/blackcatseo.ca\/en\/seo-training\/#primaryimage"},"image":{"@id":"https:\/\/blackcatseo.ca\/en\/seo-training\/#primaryimage"},"thumbnailUrl":"http:\/\/blackcatseo.ca\/wp-content\/uploads\/formation-referencement-webmarketing.jpg","datePublished":"2019-09-26T21:34:56+00:00","dateModified":"2020-07-13T16:21:50+00:00","description":"Web training in natural referencing, organic traffic growth and creating strong contextual feedback links","breadcrumb":{"@id":"https:\/\/blackcatseo.ca\/en\/seo-training\/#breadcrumb"},"inLanguage":"en-CA","potentialAction":[{"@type":"ReadAction","target":["https:\/\/blackcatseo.ca\/en\/seo-training\/"]}]},{"@type":"ImageObject","inLanguage":"en-CA","@id":"https:\/\/blackcatseo.ca\/en\/seo-training\/#primaryimage","url":"http:\/\/blackcatseo.ca\/wp-content\/uploads\/formation-referencement-webmarketing.jpg","contentUrl":"http:\/\/blackcatseo.ca\/wp-content\/uploads\/formation-referencement-webmarketing.jpg"},{"@type":"BreadcrumbList","@id":"https:\/\/blackcatseo.ca\/en\/seo-training\/#breadcrumb","itemListElement":[{"@type":"ListItem","position":1,"name":"Accueil","item":"https:\/\/blackcatseo.ca\/en\/"},{"@type":"ListItem","position":2,"name":"SEO Referencing Training"}]},{"@type":"WebSite","@id":"https:\/\/blackcatseo.ca\/en\/#website","url":"https:\/\/blackcatseo.ca\/en\/","name":"Agence SEO \u00e0 Montr\u00e9al | R\u00e9f\u00e9rencement Web BlackCat","description":"State-of-the-art SEO Agency in Montreal - Trafic Google, AIs &amp; LLMs","publisher":{"@id":"https:\/\/blackcatseo.ca\/en\/#organization"},"alternateName":"BlackCat SEO Montreal","potentialAction":[{"@type":"SearchAction","target":{"@type":"EntryPoint","urlTemplate":"https:\/\/blackcatseo.ca\/en\/?s={search_term_string}"},"query-input":{"@type":"PropertyValueSpecification","valueRequired":true,"valueName":"search_term_string"}}],"inLanguage":"en-CA"},{"@type":"Organization","@id":"https:\/\/blackcatseo.ca\/en\/#organization","name":"Agence SEO \u00e0 Montr\u00e9al | R\u00e9f\u00e9rencement Web BlackCat","alternateName":"Blackcat SEO Montreal","url":"https:\/\/blackcatseo.ca\/en\/","logo":{"@type":"ImageObject","inLanguage":"en-CA","@id":"https:\/\/blackcatseo.ca\/en\/#\/schema\/logo\/image\/","url":"https:\/\/blackcatseo.ca\/wp-content\/uploads\/Nouveau-logo-site-web-bc.png","contentUrl":"https:\/\/blackcatseo.ca\/wp-content\/uploads\/Nouveau-logo-site-web-bc.png","width":1245,"height":912,"caption":"Agence SEO \u00e0 Montr\u00e9al | R\u00e9f\u00e9rencement Web BlackCat"},"image":{"@id":"https:\/\/blackcatseo.ca\/en\/#\/schema\/logo\/image\/"},"sameAs":["https:\/\/www.facebook.com\/blackcatSE0","https:\/\/x.com\/blackcatSE0","https:\/\/www.instagram.com\/seocat514\/?hl=en","https:\/\/www.linkedin.com\/company\/r-f-rencement-blackcat-seo\/?originalSubdomain=ca"],"ownershipFundingInfo":"https:\/\/blackcatseo.ca\/team\/","ethicsPolicy":"https:\/\/blackcatseo.ca\/charte-ethique-blackcat\/"},false]}},"yasr_visitor_votes":{"stars_attributes":{"read_only":false,"span_bottom":false},"number_of_votes":0,"sum_votes":0},"_links":{"self":[{"href":"https:\/\/blackcatseo.ca\/en\/wp-json\/wp\/v2\/pages\/14630","targetHints":{"allow":["GET"]}}],"collection":[{"href":"https:\/\/blackcatseo.ca\/en\/wp-json\/wp\/v2\/pages"}],"about":[{"href":"https:\/\/blackcatseo.ca\/en\/wp-json\/wp\/v2\/types\/page"}],"author":[{"embeddable":true,"href":"https:\/\/blackcatseo.ca\/en\/wp-json\/wp\/v2\/users\/1"}],"replies":[{"embeddable":true,"href":"https:\/\/blackcatseo.ca\/en\/wp-json\/wp\/v2\/comments?post=14630"}],"version-history":[{"count":10,"href":"https:\/\/blackcatseo.ca\/en\/wp-json\/wp\/v2\/pages\/14630\/revisions"}],"predecessor-version":[{"id":16441,"href":"https:\/\/blackcatseo.ca\/en\/wp-json\/wp\/v2\/pages\/14630\/revisions\/16441"}],"wp:attachment":[{"href":"https:\/\/blackcatseo.ca\/en\/wp-json\/wp\/v2\/media?parent=14630"}],"curies":[{"name":"wp","href":"https:\/\/api.w.org\/{rel}","templated":true}]}}