{"id":14496,"date":"2019-09-26T20:24:01","date_gmt":"2019-09-26T20:24:01","guid":{"rendered":"https:\/\/blackcatseo.ca\/social-campaigns\/social-strategy\/"},"modified":"2019-10-08T00:17:22","modified_gmt":"2019-10-08T00:17:22","slug":"social-strategy","status":"publish","type":"page","link":"https:\/\/blackcatseo.ca\/en\/social\/social-strategy\/","title":{"rendered":"Social strategy"},"content":{"rendered":"<div style='text-align:left' class='yasr-auto-insert-overall'><\/div><h1 style=\"text-align: left;\" align=\"left\">Social Media strategies<\/h1>\n<p style=\"text-align: left;\" align=\"left\">Google now considers new social signals in its algorithms, which is why Google has become an important means of visibility and exposure for a corporate brand.<\/p>\n<p style=\"text-align: left;\" align=\"left\">This powerful sharing tool can help you in the upward movement of your keywords, in search engine results. With its sharing features, and interaction of its groups and circles, the user is now able to create a &#8216;buzz&#8217; around a product or service among the members of that circle.<\/p>\n<p>Good use of the Google network is usually associated with other social strategies. The same message, or sharing will be expressed significantly differently depending on the platform. We generally adapt social strategies to multiple effective platforms depending on your market. We have an equivalent fan acquisition system, for the most popular (linkedin, facebook, and twitter)<\/p>\n<p>&nbsp;<\/p>\n<p style=\"text-align: center;\"><img decoding=\"async\" class=\"lazyload aligncenter wp-image-4119\" src=\"https:\/\/blackcatseo.ca\/wp-content\/uploads\/social-2.png\" data-orig-src=\"https:\/\/blackcatseo.ca\/wp-content\/uploads\/social-2.png\" alt=\"social-2\" width=\"589\" height=\"369\" srcset=\"data:image\/svg+xml,%3Csvg%20xmlns%3D%27http%3A%2F%2Fwww.w3.org%2F2000%2Fsvg%27%20width%3D%27589%27%20height%3D%27369%27%20viewBox%3D%270%200%20589%20369%27%3E%3Crect%20width%3D%27589%27%20height%3D%27369%27%20fill-opacity%3D%220%22%2F%3E%3C%2Fsvg%3E\" data-srcset=\"https:\/\/blackcatseo.ca\/wp-content\/uploads\/social-2-200x125.png 200w, https:\/\/blackcatseo.ca\/wp-content\/uploads\/social-2-300x188.png 300w, https:\/\/blackcatseo.ca\/wp-content\/uploads\/social-2-400x251.png 400w, https:\/\/blackcatseo.ca\/wp-content\/uploads\/social-2-600x376.png 600w, https:\/\/blackcatseo.ca\/wp-content\/uploads\/social-2.png 654w\" data-sizes=\"auto\" data-orig-sizes=\"(max-width: 589px) 100vw, 589px\" \/><\/p>\n<p style=\"text-align: left;\">Using several social platforms tailored to your market, and using each of the social networks for what it conveys most easily, we manage to segment your new social activity and provide you with proof of its growth to through our high-performance dashboards.<\/p>\n<p>&nbsp;<\/p>\n<div class=\"fusion-fullwidth fullwidth-box fusion-builder-row-1 hundred-percent-fullwidth non-hundred-percent-height-scrolling\" style=\"--awb-border-radius-top-left:0px;--awb-border-radius-top-right:0px;--awb-border-radius-bottom-right:0px;--awb-border-radius-bottom-left:0px;--awb-overflow:visible;--awb-flex-wrap:wrap;\" ><div class=\"fusion-builder-row fusion-row\"><div class=\"fusion-layout-column fusion_builder_column fusion-builder-column-0 fusion_builder_column_1_1 1_1 fusion-one-full fusion-column-first fusion-column-last fusion-column-no-min-height\" style=\"--awb-bg-size:cover;--awb-margin-bottom:0px;\"><div class=\"fusion-column-wrapper fusion-flex-column-wrapper-legacy\"><div class=\"fusion-reading-box-container reading-box-container-1\" style=\"--awb-title-color:#000000;--awb-margin-top:0px;--awb-margin-bottom:84px;\"><div class=\"reading-box\" style=\"background-color:#f6f6f6;border-width:0px;border-color:#f6f6f6;border-left-width:3px;border-left-color:var(--primary_color);border-style:solid;\"><a class=\"button fusion-button button-default fusion-button-default-size button-default-size button-flat fusion-desktop-button fusion-tagline-button continue fusion-desktop-button-margin continue-right\" style=\"-webkit-box-shadow:none;-moz-box-shadow:none;box-shadow:none;border-radius:2px 2px 2px 2px\" href=\"http:\/\/blackcatseo.ca\/contact-blackcatseo\/\" target=\"_self\"><span>Contactez-nous !<\/span><\/a><h2>Want results?<\/h2><div class=\"reading-box-description fusion-reading-box-additional\">N'attendez plus. Nous vous fournissons un \u00e9tat des lieux imm\u00e9diat !<\/div><div class=\"fusion-clearfix\"><\/div><a class=\"button fusion-button button-default fusion-button-default-size button-default-size button-flat fusion-mobile-button continue-right\" style=\"-webkit-box-shadow:none;-moz-box-shadow:none;box-shadow:none;border-radius:2px 2px 2px 2px\" href=\"http:\/\/blackcatseo.ca\/contact-blackcatseo\/\" target=\"_self\"><span>Contactez-nous !<\/span><\/a><\/div><\/div>\n<ul>\n<li style=\"text-align: right;\"><a href=\"http:\/\/blackcatseo.ca\/social\/acquisition-de-fans\/\">Acquisition of Fans<\/a><\/li>\n<\/ul>\n<div class=\"fusion-clearfix\"><\/div><\/div><\/div><\/div><\/div>\n","protected":false},"excerpt":{"rendered":"<p>Social Media strategies Google now considers new social signals in its algorithms, which  [&#8230;]<\/p>\n","protected":false},"author":1,"featured_media":0,"parent":14491,"menu_order":0,"comment_status":"closed","ping_status":"closed","template":"","meta":{"yasr_overall_rating":0,"yasr_post_is_review":"","yasr_auto_insert_disabled":"","yasr_review_type":"Place","footnotes":""},"class_list":["post-14496","page","type-page","status-publish","hentry"],"yoast_head":"<!-- This site is optimized with the Yoast SEO Premium plugin v27.4 (Yoast SEO v27.4) - https:\/\/yoast.com\/product\/yoast-seo-premium-wordpress\/ -->\n<title>Social strategy - BlackCatSEO Montreal Agency<\/title>\n<meta name=\"description\" content=\"Social Media strategies Google now considers new social signals in its algorithms, which is why Google has become an important means of visibility and\" \/>\n<meta name=\"robots\" content=\"index, follow, max-snippet:-1, max-image-preview:large, max-video-preview:-1\" \/>\n<link rel=\"canonical\" href=\"https:\/\/blackcatseo.ca\/en\/social\/social-strategy\/\" \/>\n<meta property=\"og:locale\" content=\"en_US\" \/>\n<meta property=\"og:type\" content=\"article\" \/>\n<meta property=\"og:title\" content=\"Social strategy\" \/>\n<meta property=\"og:description\" content=\"Social Media strategies Google now considers new social signals in its algorithms, which is why Google has become an important means of visibility and\" \/>\n<meta property=\"og:url\" content=\"https:\/\/blackcatseo.ca\/en\/social\/social-strategy\/\" \/>\n<meta property=\"og:site_name\" content=\"BlackCatSEO Montreal Agency\" \/>\n<meta property=\"article:publisher\" content=\"https:\/\/www.facebook.com\/blackcatSE0\" \/>\n<meta property=\"article:modified_time\" content=\"2019-10-08T00:17:22+00:00\" \/>\n<meta property=\"og:image\" content=\"https:\/\/blackcatseo.ca\/wp-content\/uploads\/social-2.png\" \/>\n<meta name=\"twitter:card\" content=\"summary_large_image\" \/>\n<meta name=\"twitter:site\" content=\"@blackcatSE0\" \/>\n<meta name=\"twitter:label1\" content=\"Est. reading time\" \/>\n\t<meta name=\"twitter:data1\" content=\"1 minute\" \/>\n<script type=\"application\/ld+json\" class=\"yoast-schema-graph\">{\"@context\":\"https:\\\/\\\/schema.org\",\"@graph\":[{\"@type\":[\"WebPage\",\"ItemPage\"],\"@id\":\"https:\\\/\\\/blackcatseo.ca\\\/en\\\/social\\\/social-strategy\\\/\",\"url\":\"https:\\\/\\\/blackcatseo.ca\\\/en\\\/social\\\/social-strategy\\\/\",\"name\":\"Social strategy - BlackCatSEO Montreal Agency\",\"isPartOf\":{\"@id\":\"https:\\\/\\\/blackcatseo.ca\\\/en\\\/#website\"},\"primaryImageOfPage\":{\"@id\":\"https:\\\/\\\/blackcatseo.ca\\\/en\\\/social\\\/social-strategy\\\/#primaryimage\"},\"image\":{\"@id\":\"https:\\\/\\\/blackcatseo.ca\\\/en\\\/social\\\/social-strategy\\\/#primaryimage\"},\"thumbnailUrl\":\"https:\\\/\\\/blackcatseo.ca\\\/wp-content\\\/uploads\\\/social-2.png\",\"datePublished\":\"2019-09-26T20:24:01+00:00\",\"dateModified\":\"2019-10-08T00:17:22+00:00\",\"description\":\"Social Media strategies Google now considers new social signals in its algorithms, which is why Google has become an important means of visibility and\",\"breadcrumb\":{\"@id\":\"https:\\\/\\\/blackcatseo.ca\\\/en\\\/social\\\/social-strategy\\\/#breadcrumb\"},\"inLanguage\":\"en-CA\",\"potentialAction\":[{\"@type\":\"ReadAction\",\"target\":[\"https:\\\/\\\/blackcatseo.ca\\\/en\\\/social\\\/social-strategy\\\/\"]}]},{\"@type\":\"ImageObject\",\"inLanguage\":\"en-CA\",\"@id\":\"https:\\\/\\\/blackcatseo.ca\\\/en\\\/social\\\/social-strategy\\\/#primaryimage\",\"url\":\"https:\\\/\\\/blackcatseo.ca\\\/wp-content\\\/uploads\\\/social-2.png\",\"contentUrl\":\"https:\\\/\\\/blackcatseo.ca\\\/wp-content\\\/uploads\\\/social-2.png\"},{\"@type\":\"BreadcrumbList\",\"@id\":\"https:\\\/\\\/blackcatseo.ca\\\/en\\\/social\\\/social-strategy\\\/#breadcrumb\",\"itemListElement\":[{\"@type\":\"ListItem\",\"position\":1,\"name\":\"Accueil\",\"item\":\"https:\\\/\\\/blackcatseo.ca\\\/en\\\/\"},{\"@type\":\"ListItem\",\"position\":2,\"name\":\"Social campaigns management\",\"item\":\"https:\\\/\\\/blackcatseo.ca\\\/en\\\/social\\\/\"},{\"@type\":\"ListItem\",\"position\":3,\"name\":\"Social strategy\"}]},{\"@type\":\"WebSite\",\"@id\":\"https:\\\/\\\/blackcatseo.ca\\\/en\\\/#website\",\"url\":\"https:\\\/\\\/blackcatseo.ca\\\/en\\\/\",\"name\":\"Agence SEO \u00e0 Montr\u00e9al | R\u00e9f\u00e9rencement Web BlackCat\",\"description\":\"State-of-the-art SEO Agency in Montreal - Trafic Google, AIs &amp; LLMs\",\"publisher\":{\"@id\":\"https:\\\/\\\/blackcatseo.ca\\\/en\\\/#organization\"},\"alternateName\":\"BlackCat SEO Montreal\",\"potentialAction\":[{\"@type\":\"SearchAction\",\"target\":{\"@type\":\"EntryPoint\",\"urlTemplate\":\"https:\\\/\\\/blackcatseo.ca\\\/en\\\/?s={search_term_string}\"},\"query-input\":{\"@type\":\"PropertyValueSpecification\",\"valueRequired\":true,\"valueName\":\"search_term_string\"}}],\"inLanguage\":\"en-CA\"},{\"@type\":\"Organization\",\"@id\":\"https:\\\/\\\/blackcatseo.ca\\\/en\\\/#organization\",\"name\":\"Agence SEO \u00e0 Montr\u00e9al | R\u00e9f\u00e9rencement Web BlackCat\",\"alternateName\":\"Blackcat SEO Montreal\",\"url\":\"https:\\\/\\\/blackcatseo.ca\\\/en\\\/\",\"logo\":{\"@type\":\"ImageObject\",\"inLanguage\":\"en-CA\",\"@id\":\"https:\\\/\\\/blackcatseo.ca\\\/en\\\/#\\\/schema\\\/logo\\\/image\\\/\",\"url\":\"https:\\\/\\\/blackcatseo.ca\\\/wp-content\\\/uploads\\\/Nouveau-logo-site-web-bc.png\",\"contentUrl\":\"https:\\\/\\\/blackcatseo.ca\\\/wp-content\\\/uploads\\\/Nouveau-logo-site-web-bc.png\",\"width\":1245,\"height\":912,\"caption\":\"Agence SEO \u00e0 Montr\u00e9al | R\u00e9f\u00e9rencement Web BlackCat\"},\"image\":{\"@id\":\"https:\\\/\\\/blackcatseo.ca\\\/en\\\/#\\\/schema\\\/logo\\\/image\\\/\"},\"sameAs\":[\"https:\\\/\\\/www.facebook.com\\\/blackcatSE0\",\"https:\\\/\\\/x.com\\\/blackcatSE0\",\"https:\\\/\\\/www.instagram.com\\\/seocat514\\\/?hl=en\",\"https:\\\/\\\/www.linkedin.com\\\/company\\\/r-f-rencement-blackcat-seo\\\/?originalSubdomain=ca\"],\"ownershipFundingInfo\":\"https:\\\/\\\/blackcatseo.ca\\\/team\\\/\",\"ethicsPolicy\":\"https:\\\/\\\/blackcatseo.ca\\\/charte-ethique-blackcat\\\/\"},false]}<\/script>\n<!-- \/ Yoast SEO Premium plugin. -->","yoast_head_json":{"title":"Social strategy - BlackCatSEO Montreal Agency","description":"Social Media strategies Google now considers new social signals in its algorithms, which is why Google has become an important means of visibility and","robots":{"index":"index","follow":"follow","max-snippet":"max-snippet:-1","max-image-preview":"max-image-preview:large","max-video-preview":"max-video-preview:-1"},"canonical":"https:\/\/blackcatseo.ca\/en\/social\/social-strategy\/","og_locale":"en_US","og_type":"article","og_title":"Social strategy","og_description":"Social Media strategies Google now considers new social signals in its algorithms, which is why Google has become an important means of visibility and","og_url":"https:\/\/blackcatseo.ca\/en\/social\/social-strategy\/","og_site_name":"BlackCatSEO Montreal Agency","article_publisher":"https:\/\/www.facebook.com\/blackcatSE0","article_modified_time":"2019-10-08T00:17:22+00:00","og_image":[{"url":"https:\/\/blackcatseo.ca\/wp-content\/uploads\/social-2.png","type":"","width":"","height":""}],"twitter_card":"summary_large_image","twitter_site":"@blackcatSE0","twitter_misc":{"Est. reading time":"1 minute"},"schema":{"@context":"https:\/\/schema.org","@graph":[{"@type":["WebPage","ItemPage"],"@id":"https:\/\/blackcatseo.ca\/en\/social\/social-strategy\/","url":"https:\/\/blackcatseo.ca\/en\/social\/social-strategy\/","name":"Social strategy - BlackCatSEO Montreal Agency","isPartOf":{"@id":"https:\/\/blackcatseo.ca\/en\/#website"},"primaryImageOfPage":{"@id":"https:\/\/blackcatseo.ca\/en\/social\/social-strategy\/#primaryimage"},"image":{"@id":"https:\/\/blackcatseo.ca\/en\/social\/social-strategy\/#primaryimage"},"thumbnailUrl":"https:\/\/blackcatseo.ca\/wp-content\/uploads\/social-2.png","datePublished":"2019-09-26T20:24:01+00:00","dateModified":"2019-10-08T00:17:22+00:00","description":"Social Media strategies Google now considers new social signals in its algorithms, which is why Google has become an important means of visibility and","breadcrumb":{"@id":"https:\/\/blackcatseo.ca\/en\/social\/social-strategy\/#breadcrumb"},"inLanguage":"en-CA","potentialAction":[{"@type":"ReadAction","target":["https:\/\/blackcatseo.ca\/en\/social\/social-strategy\/"]}]},{"@type":"ImageObject","inLanguage":"en-CA","@id":"https:\/\/blackcatseo.ca\/en\/social\/social-strategy\/#primaryimage","url":"https:\/\/blackcatseo.ca\/wp-content\/uploads\/social-2.png","contentUrl":"https:\/\/blackcatseo.ca\/wp-content\/uploads\/social-2.png"},{"@type":"BreadcrumbList","@id":"https:\/\/blackcatseo.ca\/en\/social\/social-strategy\/#breadcrumb","itemListElement":[{"@type":"ListItem","position":1,"name":"Accueil","item":"https:\/\/blackcatseo.ca\/en\/"},{"@type":"ListItem","position":2,"name":"Social campaigns management","item":"https:\/\/blackcatseo.ca\/en\/social\/"},{"@type":"ListItem","position":3,"name":"Social strategy"}]},{"@type":"WebSite","@id":"https:\/\/blackcatseo.ca\/en\/#website","url":"https:\/\/blackcatseo.ca\/en\/","name":"Agence SEO \u00e0 Montr\u00e9al | R\u00e9f\u00e9rencement Web BlackCat","description":"State-of-the-art SEO Agency in Montreal - Trafic Google, AIs &amp; LLMs","publisher":{"@id":"https:\/\/blackcatseo.ca\/en\/#organization"},"alternateName":"BlackCat SEO Montreal","potentialAction":[{"@type":"SearchAction","target":{"@type":"EntryPoint","urlTemplate":"https:\/\/blackcatseo.ca\/en\/?s={search_term_string}"},"query-input":{"@type":"PropertyValueSpecification","valueRequired":true,"valueName":"search_term_string"}}],"inLanguage":"en-CA"},{"@type":"Organization","@id":"https:\/\/blackcatseo.ca\/en\/#organization","name":"Agence SEO \u00e0 Montr\u00e9al | R\u00e9f\u00e9rencement Web BlackCat","alternateName":"Blackcat SEO Montreal","url":"https:\/\/blackcatseo.ca\/en\/","logo":{"@type":"ImageObject","inLanguage":"en-CA","@id":"https:\/\/blackcatseo.ca\/en\/#\/schema\/logo\/image\/","url":"https:\/\/blackcatseo.ca\/wp-content\/uploads\/Nouveau-logo-site-web-bc.png","contentUrl":"https:\/\/blackcatseo.ca\/wp-content\/uploads\/Nouveau-logo-site-web-bc.png","width":1245,"height":912,"caption":"Agence SEO \u00e0 Montr\u00e9al | R\u00e9f\u00e9rencement Web BlackCat"},"image":{"@id":"https:\/\/blackcatseo.ca\/en\/#\/schema\/logo\/image\/"},"sameAs":["https:\/\/www.facebook.com\/blackcatSE0","https:\/\/x.com\/blackcatSE0","https:\/\/www.instagram.com\/seocat514\/?hl=en","https:\/\/www.linkedin.com\/company\/r-f-rencement-blackcat-seo\/?originalSubdomain=ca"],"ownershipFundingInfo":"https:\/\/blackcatseo.ca\/team\/","ethicsPolicy":"https:\/\/blackcatseo.ca\/charte-ethique-blackcat\/"},false]}},"yasr_visitor_votes":{"stars_attributes":{"read_only":false,"span_bottom":false},"number_of_votes":0,"sum_votes":0},"_links":{"self":[{"href":"https:\/\/blackcatseo.ca\/en\/wp-json\/wp\/v2\/pages\/14496","targetHints":{"allow":["GET"]}}],"collection":[{"href":"https:\/\/blackcatseo.ca\/en\/wp-json\/wp\/v2\/pages"}],"about":[{"href":"https:\/\/blackcatseo.ca\/en\/wp-json\/wp\/v2\/types\/page"}],"author":[{"embeddable":true,"href":"https:\/\/blackcatseo.ca\/en\/wp-json\/wp\/v2\/users\/1"}],"replies":[{"embeddable":true,"href":"https:\/\/blackcatseo.ca\/en\/wp-json\/wp\/v2\/comments?post=14496"}],"version-history":[{"count":4,"href":"https:\/\/blackcatseo.ca\/en\/wp-json\/wp\/v2\/pages\/14496\/revisions"}],"predecessor-version":[{"id":15672,"href":"https:\/\/blackcatseo.ca\/en\/wp-json\/wp\/v2\/pages\/14496\/revisions\/15672"}],"up":[{"embeddable":true,"href":"https:\/\/blackcatseo.ca\/en\/wp-json\/wp\/v2\/pages\/14491"}],"wp:attachment":[{"href":"https:\/\/blackcatseo.ca\/en\/wp-json\/wp\/v2\/media?parent=14496"}],"curies":[{"name":"wp","href":"https:\/\/api.w.org\/{rel}","templated":true}]}}