{"id":14494,"date":"2019-09-26T20:23:20","date_gmt":"2019-09-26T20:23:20","guid":{"rendered":"https:\/\/blackcatseo.ca\/social-campaigns\/creating-social-profiles\/"},"modified":"2019-10-08T00:17:11","modified_gmt":"2019-10-08T00:17:11","slug":"social-profile-creation","status":"publish","type":"page","link":"https:\/\/blackcatseo.ca\/en\/social\/social-profile-creation\/","title":{"rendered":"Creating social profiles"},"content":{"rendered":"<div style='text-align:left' class='yasr-auto-insert-overall'><\/div><h1 align=\"left\">Social profile creation<\/h1>\n<p>&nbsp;<\/p>\n<p align=\"left\">Creating social profiles for companies is a methodical process is thoughtful, so as not to distort the brand image. Consistency of information is vital, as is the formulation of your social incentives, and what <em>are the benefits of reaching your community?<\/em><\/p>\n<p align=\"left\">We define with you social performance indicators and targets for increased traffic and conversion. We establish an optimal &#8216;funnel&#8217; between your online social activity pool, and sales, with innovative and thoughtful call-to-action. Finally, we chart <strong>an optimal path<\/strong> from the topics of discussion to the response to a specific problem.<\/p>\n<p align=\"left\">In each social segment, we create profiles together that systematically reflect:<\/p>\n<ul>\n<li>The company&#8217;s positive strengthening values<\/li>\n<li>The community of happy customers<\/li>\n<li>The team<\/li>\n<li>Inspiration vectors<\/li>\n<li>Humor<\/li>\n<li>Responses to common issues<\/li>\n<\/ul>\n<p style=\"text-align: center;\" align=\"left\"><img decoding=\"async\" class=\"lazyload wp-image-4138 alignleft\" src=\"https:\/\/blackcatseo.ca\/wp-content\/uploads\/imac-profiles1.jpg\" data-orig-src=\"https:\/\/blackcatseo.ca\/wp-content\/uploads\/imac-profiles1.jpg\" alt=\"imac-profiles\" width=\"490\" height=\"350\" srcset=\"data:image\/svg+xml,%3Csvg%20xmlns%3D%27http%3A%2F%2Fwww.w3.org%2F2000%2Fsvg%27%20width%3D%27490%27%20height%3D%27350%27%20viewBox%3D%270%200%20490%20350%27%3E%3Crect%20width%3D%27490%27%20height%3D%27350%27%20fill-opacity%3D%220%22%2F%3E%3C%2Fsvg%3E\" data-srcset=\"https:\/\/blackcatseo.ca\/wp-content\/uploads\/imac-profiles1-200x143.jpg 200w, https:\/\/blackcatseo.ca\/wp-content\/uploads\/imac-profiles1-300x214.jpg 300w, https:\/\/blackcatseo.ca\/wp-content\/uploads\/imac-profiles1-400x286.jpg 400w, https:\/\/blackcatseo.ca\/wp-content\/uploads\/imac-profiles1-600x429.jpg 600w, https:\/\/blackcatseo.ca\/wp-content\/uploads\/imac-profiles1.jpg 700w\" data-sizes=\"auto\" data-orig-sizes=\"(max-width: 490px) 100vw, 490px\" \/><\/p>\n<p>&nbsp;<\/p>\n<p>&nbsp;<\/p>\n<p>&nbsp;<\/p>\n<p>&nbsp;<\/p>\n<p>&nbsp;<\/p>\n<p>&nbsp;<\/p>\n<p>&nbsp;<\/p>\n<p>&nbsp;<\/p>\n<p>&nbsp;<\/p>\n<p>&nbsp;<\/p>\n<p>&nbsp;<\/p>\n<p>A gradual change in the processing of external signals by search engines is underway from the relatively parallel PANDA and PENGUIN series. The idea of cancelling the effects of SPAMMING techniques or other methods of manipulating search engine results has resulted in higher value being assigned to social profiles, particularly those from Google, including For example, the API prevents automatic posts (as allowed by the twitter API).<\/p>\n<p>Thus, an effective external deployment strategy also involves the natural and consistent creation of social profiles, in order to attract other profiles, corresponding to real people, on the page of your services or your products, contributing to you assign additional authority.<\/p>\n<p>&nbsp;<\/p>\n<div class=\"fusion-fullwidth fullwidth-box fusion-builder-row-1 hundred-percent-fullwidth non-hundred-percent-height-scrolling\" style=\"--awb-border-radius-top-left:0px;--awb-border-radius-top-right:0px;--awb-border-radius-bottom-right:0px;--awb-border-radius-bottom-left:0px;--awb-overflow:visible;--awb-flex-wrap:wrap;\" ><div class=\"fusion-builder-row fusion-row\"><div class=\"fusion-layout-column fusion_builder_column fusion-builder-column-0 fusion_builder_column_1_1 1_1 fusion-one-full fusion-column-first fusion-column-last fusion-column-no-min-height\" style=\"--awb-bg-size:cover;--awb-margin-bottom:0px;\"><div class=\"fusion-column-wrapper fusion-flex-column-wrapper-legacy\"><div class=\"fusion-reading-box-container reading-box-container-1\" style=\"--awb-title-color:#000000;--awb-margin-top:0px;--awb-margin-bottom:84px;\"><div class=\"reading-box\" style=\"background-color:#f6f6f6;border-width:0px;border-color:#f6f6f6;border-left-width:3px;border-left-color:var(--primary_color);border-style:solid;\"><a class=\"button fusion-button button-default fusion-button-default-size button-default-size button-flat fusion-desktop-button fusion-tagline-button continue fusion-desktop-button-margin continue-right\" style=\"-webkit-box-shadow:none;-moz-box-shadow:none;box-shadow:none;border-radius:2px 2px 2px 2px\" href=\"http:\/\/blackcatseo.ca\/contact-blackcatseo\/\" target=\"_self\"><span>Contactez-nous !<\/span><\/a><h2>Want results?<\/h2><div class=\"reading-box-description fusion-reading-box-additional\">N'attendez plus. Nous vous fournissons un \u00e9tat des lieux imm\u00e9diat !<\/div><div class=\"fusion-clearfix\"><\/div><a class=\"button fusion-button button-default fusion-button-default-size button-default-size button-flat fusion-mobile-button continue-right\" style=\"-webkit-box-shadow:none;-moz-box-shadow:none;box-shadow:none;border-radius:2px 2px 2px 2px\" href=\"http:\/\/blackcatseo.ca\/contact-blackcatseo\/\" target=\"_self\"><span>Contactez-nous !<\/span><\/a><\/div><\/div>\n<ul>\n<li style=\"text-align: right;\"><a href=\"http:\/\/blackcatseo.ca\/social\/strategie-sociale\/\">Social strategy<\/a><\/li>\n<\/ul>\n<div class=\"fusion-clearfix\"><\/div><\/div><\/div><\/div><\/div>\n","protected":false},"excerpt":{"rendered":"<p>Social profile creation &nbsp; Creating social profiles for companies is a methodical process  [&#8230;]<\/p>\n","protected":false},"author":1,"featured_media":0,"parent":14491,"menu_order":0,"comment_status":"closed","ping_status":"closed","template":"","meta":{"yasr_overall_rating":0,"yasr_post_is_review":"","yasr_auto_insert_disabled":"","yasr_review_type":"Place","footnotes":""},"class_list":["post-14494","page","type-page","status-publish","hentry"],"yoast_head":"<!-- This site is optimized with the Yoast SEO Premium plugin v27.3 (Yoast SEO v27.3) - https:\/\/yoast.com\/product\/yoast-seo-premium-wordpress\/ -->\n<title>Creating social profiles - BlackCatSEO Montreal Agency<\/title>\n<meta name=\"description\" content=\"Social profile creation &nbsp; Creating social profiles for companies is a methodical process is thoughtful, so as not to distort the brand image.\" \/>\n<meta name=\"robots\" content=\"index, follow, max-snippet:-1, max-image-preview:large, max-video-preview:-1\" \/>\n<link rel=\"canonical\" href=\"https:\/\/blackcatseo.ca\/en\/social\/social-profile-creation\/\" \/>\n<meta property=\"og:locale\" content=\"en_US\" \/>\n<meta property=\"og:type\" content=\"article\" \/>\n<meta property=\"og:title\" content=\"Creating social profiles\" \/>\n<meta property=\"og:description\" content=\"Social profile creation &nbsp; Creating social profiles for companies is a methodical process is thoughtful, so as not to distort the brand image.\" \/>\n<meta property=\"og:url\" content=\"https:\/\/blackcatseo.ca\/en\/social\/social-profile-creation\/\" \/>\n<meta property=\"og:site_name\" content=\"BlackCatSEO Montreal Agency\" \/>\n<meta property=\"article:publisher\" content=\"https:\/\/www.facebook.com\/blackcatSE0\" \/>\n<meta property=\"article:modified_time\" content=\"2019-10-08T00:17:11+00:00\" \/>\n<meta property=\"og:image\" content=\"https:\/\/blackcatseo.ca\/wp-content\/uploads\/imac-profiles1.jpg\" \/>\n<meta name=\"twitter:card\" content=\"summary_large_image\" \/>\n<meta name=\"twitter:site\" content=\"@blackcatSE0\" \/>\n<meta name=\"twitter:label1\" content=\"Est. reading time\" \/>\n\t<meta name=\"twitter:data1\" content=\"2 minutes\" \/>\n<script type=\"application\/ld+json\" class=\"yoast-schema-graph\">{\"@context\":\"https:\\\/\\\/schema.org\",\"@graph\":[{\"@type\":[\"WebPage\",\"ItemPage\"],\"@id\":\"https:\\\/\\\/blackcatseo.ca\\\/en\\\/social\\\/social-profile-creation\\\/\",\"url\":\"https:\\\/\\\/blackcatseo.ca\\\/en\\\/social\\\/social-profile-creation\\\/\",\"name\":\"Creating social profiles - BlackCatSEO Montreal Agency\",\"isPartOf\":{\"@id\":\"https:\\\/\\\/blackcatseo.ca\\\/en\\\/#website\"},\"primaryImageOfPage\":{\"@id\":\"https:\\\/\\\/blackcatseo.ca\\\/en\\\/social\\\/social-profile-creation\\\/#primaryimage\"},\"image\":{\"@id\":\"https:\\\/\\\/blackcatseo.ca\\\/en\\\/social\\\/social-profile-creation\\\/#primaryimage\"},\"thumbnailUrl\":\"https:\\\/\\\/blackcatseo.ca\\\/wp-content\\\/uploads\\\/imac-profiles1.jpg\",\"datePublished\":\"2019-09-26T20:23:20+00:00\",\"dateModified\":\"2019-10-08T00:17:11+00:00\",\"description\":\"Social profile creation &nbsp; Creating social profiles for companies is a methodical process is thoughtful, so as not to distort the brand image.\",\"breadcrumb\":{\"@id\":\"https:\\\/\\\/blackcatseo.ca\\\/en\\\/social\\\/social-profile-creation\\\/#breadcrumb\"},\"inLanguage\":\"en-CA\",\"potentialAction\":[{\"@type\":\"ReadAction\",\"target\":[\"https:\\\/\\\/blackcatseo.ca\\\/en\\\/social\\\/social-profile-creation\\\/\"]}]},{\"@type\":\"ImageObject\",\"inLanguage\":\"en-CA\",\"@id\":\"https:\\\/\\\/blackcatseo.ca\\\/en\\\/social\\\/social-profile-creation\\\/#primaryimage\",\"url\":\"https:\\\/\\\/blackcatseo.ca\\\/wp-content\\\/uploads\\\/imac-profiles1.jpg\",\"contentUrl\":\"https:\\\/\\\/blackcatseo.ca\\\/wp-content\\\/uploads\\\/imac-profiles1.jpg\"},{\"@type\":\"BreadcrumbList\",\"@id\":\"https:\\\/\\\/blackcatseo.ca\\\/en\\\/social\\\/social-profile-creation\\\/#breadcrumb\",\"itemListElement\":[{\"@type\":\"ListItem\",\"position\":1,\"name\":\"Accueil\",\"item\":\"https:\\\/\\\/blackcatseo.ca\\\/en\\\/\"},{\"@type\":\"ListItem\",\"position\":2,\"name\":\"Social campaigns management\",\"item\":\"https:\\\/\\\/blackcatseo.ca\\\/en\\\/social\\\/\"},{\"@type\":\"ListItem\",\"position\":3,\"name\":\"Creating social profiles\"}]},{\"@type\":\"WebSite\",\"@id\":\"https:\\\/\\\/blackcatseo.ca\\\/en\\\/#website\",\"url\":\"https:\\\/\\\/blackcatseo.ca\\\/en\\\/\",\"name\":\"Agence SEO \u00e0 Montr\u00e9al | R\u00e9f\u00e9rencement Web BlackCat\",\"description\":\"State-of-the-art SEO Agency in Montreal - Trafic Google, AIs &amp; LLMs\",\"publisher\":{\"@id\":\"https:\\\/\\\/blackcatseo.ca\\\/en\\\/#organization\"},\"alternateName\":\"BlackCat SEO Montreal\",\"potentialAction\":[{\"@type\":\"SearchAction\",\"target\":{\"@type\":\"EntryPoint\",\"urlTemplate\":\"https:\\\/\\\/blackcatseo.ca\\\/en\\\/?s={search_term_string}\"},\"query-input\":{\"@type\":\"PropertyValueSpecification\",\"valueRequired\":true,\"valueName\":\"search_term_string\"}}],\"inLanguage\":\"en-CA\"},{\"@type\":\"Organization\",\"@id\":\"https:\\\/\\\/blackcatseo.ca\\\/en\\\/#organization\",\"name\":\"Agence SEO \u00e0 Montr\u00e9al | R\u00e9f\u00e9rencement Web BlackCat\",\"alternateName\":\"Blackcat SEO Montreal\",\"url\":\"https:\\\/\\\/blackcatseo.ca\\\/en\\\/\",\"logo\":{\"@type\":\"ImageObject\",\"inLanguage\":\"en-CA\",\"@id\":\"https:\\\/\\\/blackcatseo.ca\\\/en\\\/#\\\/schema\\\/logo\\\/image\\\/\",\"url\":\"https:\\\/\\\/blackcatseo.ca\\\/wp-content\\\/uploads\\\/Nouveau-logo-site-web-bc.png\",\"contentUrl\":\"https:\\\/\\\/blackcatseo.ca\\\/wp-content\\\/uploads\\\/Nouveau-logo-site-web-bc.png\",\"width\":1245,\"height\":912,\"caption\":\"Agence SEO \u00e0 Montr\u00e9al | R\u00e9f\u00e9rencement Web BlackCat\"},\"image\":{\"@id\":\"https:\\\/\\\/blackcatseo.ca\\\/en\\\/#\\\/schema\\\/logo\\\/image\\\/\"},\"sameAs\":[\"https:\\\/\\\/www.facebook.com\\\/blackcatSE0\",\"https:\\\/\\\/x.com\\\/blackcatSE0\",\"https:\\\/\\\/www.instagram.com\\\/seocat514\\\/?hl=en\",\"https:\\\/\\\/www.linkedin.com\\\/company\\\/r-f-rencement-blackcat-seo\\\/?originalSubdomain=ca\"],\"ownershipFundingInfo\":\"https:\\\/\\\/blackcatseo.ca\\\/team\\\/\",\"ethicsPolicy\":\"https:\\\/\\\/blackcatseo.ca\\\/charte-ethique-blackcat\\\/\"},false]}<\/script>\n<!-- \/ Yoast SEO Premium plugin. -->","yoast_head_json":{"title":"Creating social profiles - BlackCatSEO Montreal Agency","description":"Social profile creation &nbsp; Creating social profiles for companies is a methodical process is thoughtful, so as not to distort the brand image.","robots":{"index":"index","follow":"follow","max-snippet":"max-snippet:-1","max-image-preview":"max-image-preview:large","max-video-preview":"max-video-preview:-1"},"canonical":"https:\/\/blackcatseo.ca\/en\/social\/social-profile-creation\/","og_locale":"en_US","og_type":"article","og_title":"Creating social profiles","og_description":"Social profile creation &nbsp; Creating social profiles for companies is a methodical process is thoughtful, so as not to distort the brand image.","og_url":"https:\/\/blackcatseo.ca\/en\/social\/social-profile-creation\/","og_site_name":"BlackCatSEO Montreal Agency","article_publisher":"https:\/\/www.facebook.com\/blackcatSE0","article_modified_time":"2019-10-08T00:17:11+00:00","og_image":[{"url":"https:\/\/blackcatseo.ca\/wp-content\/uploads\/imac-profiles1.jpg","type":"","width":"","height":""}],"twitter_card":"summary_large_image","twitter_site":"@blackcatSE0","twitter_misc":{"Est. reading time":"2 minutes"},"schema":{"@context":"https:\/\/schema.org","@graph":[{"@type":["WebPage","ItemPage"],"@id":"https:\/\/blackcatseo.ca\/en\/social\/social-profile-creation\/","url":"https:\/\/blackcatseo.ca\/en\/social\/social-profile-creation\/","name":"Creating social profiles - BlackCatSEO Montreal Agency","isPartOf":{"@id":"https:\/\/blackcatseo.ca\/en\/#website"},"primaryImageOfPage":{"@id":"https:\/\/blackcatseo.ca\/en\/social\/social-profile-creation\/#primaryimage"},"image":{"@id":"https:\/\/blackcatseo.ca\/en\/social\/social-profile-creation\/#primaryimage"},"thumbnailUrl":"https:\/\/blackcatseo.ca\/wp-content\/uploads\/imac-profiles1.jpg","datePublished":"2019-09-26T20:23:20+00:00","dateModified":"2019-10-08T00:17:11+00:00","description":"Social profile creation &nbsp; Creating social profiles for companies is a methodical process is thoughtful, so as not to distort the brand image.","breadcrumb":{"@id":"https:\/\/blackcatseo.ca\/en\/social\/social-profile-creation\/#breadcrumb"},"inLanguage":"en-CA","potentialAction":[{"@type":"ReadAction","target":["https:\/\/blackcatseo.ca\/en\/social\/social-profile-creation\/"]}]},{"@type":"ImageObject","inLanguage":"en-CA","@id":"https:\/\/blackcatseo.ca\/en\/social\/social-profile-creation\/#primaryimage","url":"https:\/\/blackcatseo.ca\/wp-content\/uploads\/imac-profiles1.jpg","contentUrl":"https:\/\/blackcatseo.ca\/wp-content\/uploads\/imac-profiles1.jpg"},{"@type":"BreadcrumbList","@id":"https:\/\/blackcatseo.ca\/en\/social\/social-profile-creation\/#breadcrumb","itemListElement":[{"@type":"ListItem","position":1,"name":"Accueil","item":"https:\/\/blackcatseo.ca\/en\/"},{"@type":"ListItem","position":2,"name":"Social campaigns management","item":"https:\/\/blackcatseo.ca\/en\/social\/"},{"@type":"ListItem","position":3,"name":"Creating social profiles"}]},{"@type":"WebSite","@id":"https:\/\/blackcatseo.ca\/en\/#website","url":"https:\/\/blackcatseo.ca\/en\/","name":"Agence SEO \u00e0 Montr\u00e9al | R\u00e9f\u00e9rencement Web BlackCat","description":"State-of-the-art SEO Agency in Montreal - Trafic Google, AIs &amp; LLMs","publisher":{"@id":"https:\/\/blackcatseo.ca\/en\/#organization"},"alternateName":"BlackCat SEO Montreal","potentialAction":[{"@type":"SearchAction","target":{"@type":"EntryPoint","urlTemplate":"https:\/\/blackcatseo.ca\/en\/?s={search_term_string}"},"query-input":{"@type":"PropertyValueSpecification","valueRequired":true,"valueName":"search_term_string"}}],"inLanguage":"en-CA"},{"@type":"Organization","@id":"https:\/\/blackcatseo.ca\/en\/#organization","name":"Agence SEO \u00e0 Montr\u00e9al | R\u00e9f\u00e9rencement Web BlackCat","alternateName":"Blackcat SEO Montreal","url":"https:\/\/blackcatseo.ca\/en\/","logo":{"@type":"ImageObject","inLanguage":"en-CA","@id":"https:\/\/blackcatseo.ca\/en\/#\/schema\/logo\/image\/","url":"https:\/\/blackcatseo.ca\/wp-content\/uploads\/Nouveau-logo-site-web-bc.png","contentUrl":"https:\/\/blackcatseo.ca\/wp-content\/uploads\/Nouveau-logo-site-web-bc.png","width":1245,"height":912,"caption":"Agence SEO \u00e0 Montr\u00e9al | R\u00e9f\u00e9rencement Web BlackCat"},"image":{"@id":"https:\/\/blackcatseo.ca\/en\/#\/schema\/logo\/image\/"},"sameAs":["https:\/\/www.facebook.com\/blackcatSE0","https:\/\/x.com\/blackcatSE0","https:\/\/www.instagram.com\/seocat514\/?hl=en","https:\/\/www.linkedin.com\/company\/r-f-rencement-blackcat-seo\/?originalSubdomain=ca"],"ownershipFundingInfo":"https:\/\/blackcatseo.ca\/team\/","ethicsPolicy":"https:\/\/blackcatseo.ca\/charte-ethique-blackcat\/"},false]}},"yasr_visitor_votes":{"stars_attributes":{"read_only":false,"span_bottom":false},"number_of_votes":0,"sum_votes":0},"_links":{"self":[{"href":"https:\/\/blackcatseo.ca\/en\/wp-json\/wp\/v2\/pages\/14494","targetHints":{"allow":["GET"]}}],"collection":[{"href":"https:\/\/blackcatseo.ca\/en\/wp-json\/wp\/v2\/pages"}],"about":[{"href":"https:\/\/blackcatseo.ca\/en\/wp-json\/wp\/v2\/types\/page"}],"author":[{"embeddable":true,"href":"https:\/\/blackcatseo.ca\/en\/wp-json\/wp\/v2\/users\/1"}],"replies":[{"embeddable":true,"href":"https:\/\/blackcatseo.ca\/en\/wp-json\/wp\/v2\/comments?post=14494"}],"version-history":[{"count":3,"href":"https:\/\/blackcatseo.ca\/en\/wp-json\/wp\/v2\/pages\/14494\/revisions"}],"predecessor-version":[{"id":15671,"href":"https:\/\/blackcatseo.ca\/en\/wp-json\/wp\/v2\/pages\/14494\/revisions\/15671"}],"up":[{"embeddable":true,"href":"https:\/\/blackcatseo.ca\/en\/wp-json\/wp\/v2\/pages\/14491"}],"wp:attachment":[{"href":"https:\/\/blackcatseo.ca\/en\/wp-json\/wp\/v2\/media?parent=14494"}],"curies":[{"name":"wp","href":"https:\/\/api.w.org\/{rel}","templated":true}]}}