{"id":14483,"date":"2019-09-26T19:55:41","date_gmt":"2019-09-26T19:55:41","guid":{"rendered":"https:\/\/blackcatseo.ca\/free-seo-analysis\/"},"modified":"2024-02-19T14:30:06","modified_gmt":"2024-02-19T14:30:06","slug":"free-seo-audit","status":"publish","type":"page","link":"https:\/\/blackcatseo.ca\/en\/free-seo-audit\/","title":{"rendered":"Free SEO analysis"},"content":{"rendered":"<div style='text-align:left' class='yasr-auto-insert-overall'><\/div><p>&nbsp;<\/p>\n<h1>SEO 100 Free Analysis<\/h1>\n<p>&nbsp;<\/p>\n<p>We offer <strong>a free<\/strong> review of your site&#8217;s referencing, in all of these aspects. As a &#8216;launch&#8217; offer, we want to provide you with a unique, personalized state of affairs, in order to give you several effective ways of optimizing for your site, your blog, or your page. Why not take advantage of our expertise without paying anything?<\/p>\n<p>&nbsp;<\/p>\n<h1>What are the benefits?<\/h1>\n<p>We believe that our expertise, unique methodology and organic internet referencing experience will provide you with the best results in the shortest possible time. Our analysis consists of a diagnosis for the various aspects:<\/p>\n<p>&nbsp;<\/p>\n<p><img decoding=\"async\" class=\"lazyload  wp-image-14314 aligncenter\" src=\"https:\/\/blackcatseo.ca\/wp-content\/uploads\/crawler-screaming-frog-1200x727.jpg\" data-orig-src=\"https:\/\/blackcatseo.ca\/wp-content\/uploads\/crawler-screaming-frog-1200x727.jpg\" alt=\"\" width=\"853\" height=\"549\" srcset=\"data:image\/svg+xml,%3Csvg%20xmlns%3D%27http%3A%2F%2Fwww.w3.org%2F2000%2Fsvg%27%20width%3D%27853%27%20height%3D%27549%27%20viewBox%3D%270%200%20853%20549%27%3E%3Crect%20width%3D%27853%27%20height%3D%27549%27%20fill-opacity%3D%220%22%2F%3E%3C%2Fsvg%3E\" data-srcset=\"https:\/\/blackcatseo.ca\/wp-content\/uploads\/crawler-screaming-frog-460x295.jpg 460w, https:\/\/blackcatseo.ca\/wp-content\/uploads\/crawler-screaming-frog.jpg 1392w\" data-sizes=\"auto\" data-orig-sizes=\"(max-width: 853px) 100vw, 853px\" \/><\/p>\n<p>&nbsp;<\/p>\n<p>&nbsp;<\/p>\n<div class=\"fusion-fullwidth fullwidth-box fusion-builder-row-1 hundred-percent-fullwidth non-hundred-percent-height-scrolling\" style=\"--awb-border-radius-top-left:0px;--awb-border-radius-top-right:0px;--awb-border-radius-bottom-right:0px;--awb-border-radius-bottom-left:0px;--awb-overflow:visible;--awb-flex-wrap:wrap;\" ><div class=\"fusion-builder-row fusion-row\"><div class=\"fusion-layout-column fusion_builder_column fusion-builder-column-0 fusion_builder_column_1_1 1_1 fusion-one-full fusion-column-first fusion-column-last fusion-column-no-min-height\" style=\"--awb-bg-size:cover;--awb-margin-bottom:0px;\"><div class=\"fusion-column-wrapper fusion-flex-column-wrapper-legacy\"><ul style=\"--awb-line-height:23.8px;--awb-icon-width:23.8px;--awb-icon-height:23.8px;--awb-icon-margin:9.8px;--awb-content-margin:33.6px;\" class=\"fusion-checklist fusion-checklist-1 fusion-checklist-default type-icons\">\n<ul>\n<li style=\"text-align: center;\"><a href=\"http:\/\/blackcatseo.ca\/seo-interne\/definition-du-contenu\/\">Defining content <\/a><\/li>\n<li style=\"text-align: center;\"><a href=\"http:\/\/blackcatseo.ca\/seo-interne\/\"> Crawl Errors <\/a><\/li>\n<li style=\"text-align: center;\"><a href=\"http:\/\/blackcatseo.ca\/seo-interne\/performance-site\/\">Clean code <\/a><\/li>\n<li style=\"text-align: center;\"><a href=\"http:\/\/blackcatseo.ca\/seo-interne\/performance-site\/\">Backlinks <\/a><\/li>\n<li style=\"text-align: center;\"><a href=\"http:\/\/blackcatseo.ca\/social\/strategie-sociale\/\"> Social sharing <\/a><\/li>\n<\/ul>\n<p style=\"text-align: center;\"><\/ul>\n<p>&nbsp;<\/p>\n<p>&nbsp;<\/p>\n<p>&nbsp;<\/p>\n<p>&nbsp;<\/p>\n<p>We provide you with a clear, accurate, and comprehensive report that you will receive in a word format by Email. This review of search engine optimization pathways will give you a global view of what to optimize urgently to improve the position of the keywords you&#8217;ve chosen.<\/p>\n<h1>General considerations<\/h1>\n<p>The analysis we provide is comprehensive but free, and based on our experience and tools. No copy and paste! You benefit from a personal and professional analysis. We recommend that the fixes be put in place on all of these recommendations in order to benefit from the full dependencies of our methodology. <em>What does that mean?<\/em><\/p>\n<p>That we guarantee results if all of these recommendations are fully implemented. We cannot guarantee the results<\/p>\n<p>&nbsp;<\/p>\n<p>if only a fraction of the recommendations are put in place, or if the technicalities are not carried out by our teams.<\/p>\n<h1>What&#8217;s next?<\/h1>\n<p><img decoding=\"async\" class=\"lazyload size-medium wp-image-4070 aligncenter\" src=\"http:\/\/blackcatseo.ca\/wp-content\/uploads\/php-code-imac1-300x272.png\" data-orig-src=\"http:\/\/blackcatseo.ca\/wp-content\/uploads\/php-code-imac1-300x272.png\" alt=\"php-code-imac\" width=\"300\" height=\"272\" srcset=\"data:image\/svg+xml,%3Csvg%20xmlns%3D%27http%3A%2F%2Fwww.w3.org%2F2000%2Fsvg%27%20width%3D%27300%27%20height%3D%27272%27%20viewBox%3D%270%200%20300%20272%27%3E%3Crect%20width%3D%27300%27%20height%3D%27272%27%20fill-opacity%3D%220%22%2F%3E%3C%2Fsvg%3E\" data-srcset=\"https:\/\/blackcatseo.ca\/wp-content\/uploads\/php-code-imac1-300x272.png 300w, https:\/\/blackcatseo.ca\/wp-content\/uploads\/php-code-imac1.png 470w\" data-sizes=\"auto\" data-orig-sizes=\"(max-width: 300px) 100vw, 300px\" \/><\/p>\n<p>There is not much left between the current state of your traffic, and a significant increase in your leads and sales from your customers&#8217; organic searches. Contact us now to make your analysis free<\/p>\n<div class=\"fusion-clearfix\"><\/div><\/div><\/div><div class=\"fusion-layout-column fusion_builder_column fusion-builder-column-1 fusion_builder_column_1_1 1_1 fusion-one-full fusion-column-first fusion-column-last fusion-column-no-min-height\" style=\"--awb-bg-size:cover;--awb-margin-bottom:0px;\"><div class=\"fusion-column-wrapper fusion-flex-column-wrapper-legacy\"><div class=\"fusion-reading-box-container reading-box-container-1\" style=\"--awb-title-color:#000000;--awb-margin-top:0px;--awb-margin-bottom:84px;\"><div class=\"reading-box\" style=\"background-color:#f6f6f6;border-width:0px;border-color:#f6f6f6;border-left-width:3px;border-left-color:var(--primary_color);border-style:solid;\"><a class=\"button fusion-button button-default fusion-button-default-size button-default-size button-flat fusion-desktop-button fusion-tagline-button continue fusion-desktop-button-margin continue-right\" style=\"-webkit-box-shadow:none;-moz-box-shadow:none;box-shadow:none;border-radius:2px 2px 2px 2px\" href=\"http:\/\/blackcatseo.ca\/contact-blackcatseo\/\" target=\"_self\"><span>Contact us!<\/span><\/a><h2>Envie de r\u00e9sultats ?<\/h2><div class=\"reading-box-description fusion-reading-box-additional\">N'attendez plus. Nous vous fournissons un \u00e9tat des lieux imm\u00e9diat !<\/div><div class=\"fusion-clearfix\"><\/div><a class=\"button fusion-button button-default fusion-button-default-size button-default-size button-flat fusion-mobile-button continue-right\" style=\"-webkit-box-shadow:none;-moz-box-shadow:none;box-shadow:none;border-radius:2px 2px 2px 2px\" href=\"http:\/\/blackcatseo.ca\/contact-blackcatseo\/\" target=\"_self\"><span>Contact us!<\/span><\/a><\/div><\/div><div class=\"fusion-clearfix\"><\/div><\/div><\/div><\/div><\/div>\n","protected":false},"excerpt":{"rendered":"<p>&nbsp; SEO 100 Free Analysis &nbsp; We offer a free review of your  [&#8230;]<\/p>\n","protected":false},"author":1,"featured_media":0,"parent":0,"menu_order":0,"comment_status":"closed","ping_status":"closed","template":"100-width.php","meta":{"yasr_overall_rating":0,"yasr_post_is_review":"","yasr_auto_insert_disabled":"","yasr_review_type":"","footnotes":""},"class_list":["post-14483","page","type-page","status-publish","hentry"],"yoast_head":"<!-- This site is optimized with the Yoast SEO Premium plugin v27.4 (Yoast SEO v27.4) - https:\/\/yoast.com\/product\/yoast-seo-premium-wordpress\/ -->\n<title>Free SEO analysis - BlackCatSEO Montreal Agency<\/title>\n<meta name=\"description\" content=\"We offer a free analysis of your website, since transparency and sharing are at the very foundation of the web!\" \/>\n<meta name=\"robots\" content=\"index, follow, max-snippet:-1, max-image-preview:large, max-video-preview:-1\" \/>\n<link rel=\"canonical\" href=\"https:\/\/blackcatseo.ca\/en\/free-seo-audit\/\" \/>\n<meta property=\"og:locale\" content=\"en_US\" \/>\n<meta property=\"og:type\" content=\"article\" \/>\n<meta property=\"og:title\" content=\"Free SEO analysis\" \/>\n<meta property=\"og:description\" content=\"We offer a free analysis of your website, since transparency and sharing are at the very foundation of the web!\" \/>\n<meta property=\"og:url\" content=\"https:\/\/blackcatseo.ca\/en\/free-seo-audit\/\" \/>\n<meta property=\"og:site_name\" content=\"BlackCatSEO Montreal Agency\" \/>\n<meta property=\"article:publisher\" content=\"https:\/\/www.facebook.com\/blackcatSE0\" \/>\n<meta property=\"article:modified_time\" content=\"2024-02-19T14:30:06+00:00\" \/>\n<meta property=\"og:image\" content=\"https:\/\/blackcatseo.ca\/wp-content\/uploads\/crawler-screaming-frog-1200x727.jpg\" \/>\n<meta name=\"twitter:card\" content=\"summary_large_image\" \/>\n<meta name=\"twitter:site\" content=\"@blackcatSE0\" \/>\n<meta name=\"twitter:label1\" content=\"Est. reading time\" \/>\n\t<meta name=\"twitter:data1\" content=\"2 minutes\" \/>\n<script type=\"application\/ld+json\" class=\"yoast-schema-graph\">{\"@context\":\"https:\\\/\\\/schema.org\",\"@graph\":[{\"@type\":[\"WebPage\",\"ItemPage\"],\"@id\":\"https:\\\/\\\/blackcatseo.ca\\\/en\\\/free-seo-audit\\\/\",\"url\":\"https:\\\/\\\/blackcatseo.ca\\\/en\\\/free-seo-audit\\\/\",\"name\":\"Free SEO analysis - BlackCatSEO Montreal Agency\",\"isPartOf\":{\"@id\":\"https:\\\/\\\/blackcatseo.ca\\\/en\\\/#website\"},\"primaryImageOfPage\":{\"@id\":\"https:\\\/\\\/blackcatseo.ca\\\/en\\\/free-seo-audit\\\/#primaryimage\"},\"image\":{\"@id\":\"https:\\\/\\\/blackcatseo.ca\\\/en\\\/free-seo-audit\\\/#primaryimage\"},\"thumbnailUrl\":\"https:\\\/\\\/blackcatseo.ca\\\/wp-content\\\/uploads\\\/crawler-screaming-frog-1200x727.jpg\",\"datePublished\":\"2019-09-26T19:55:41+00:00\",\"dateModified\":\"2024-02-19T14:30:06+00:00\",\"description\":\"We offer a free analysis of your website, since transparency and sharing are at the very foundation of the web!\",\"breadcrumb\":{\"@id\":\"https:\\\/\\\/blackcatseo.ca\\\/en\\\/free-seo-audit\\\/#breadcrumb\"},\"inLanguage\":\"en-CA\",\"potentialAction\":[{\"@type\":\"ReadAction\",\"target\":[\"https:\\\/\\\/blackcatseo.ca\\\/en\\\/free-seo-audit\\\/\"]}]},{\"@type\":\"ImageObject\",\"inLanguage\":\"en-CA\",\"@id\":\"https:\\\/\\\/blackcatseo.ca\\\/en\\\/free-seo-audit\\\/#primaryimage\",\"url\":\"https:\\\/\\\/blackcatseo.ca\\\/wp-content\\\/uploads\\\/crawler-screaming-frog-1200x727.jpg\",\"contentUrl\":\"https:\\\/\\\/blackcatseo.ca\\\/wp-content\\\/uploads\\\/crawler-screaming-frog-1200x727.jpg\"},{\"@type\":\"BreadcrumbList\",\"@id\":\"https:\\\/\\\/blackcatseo.ca\\\/en\\\/free-seo-audit\\\/#breadcrumb\",\"itemListElement\":[{\"@type\":\"ListItem\",\"position\":1,\"name\":\"Accueil\",\"item\":\"https:\\\/\\\/blackcatseo.ca\\\/en\\\/\"},{\"@type\":\"ListItem\",\"position\":2,\"name\":\"Free SEO analysis\"}]},{\"@type\":\"WebSite\",\"@id\":\"https:\\\/\\\/blackcatseo.ca\\\/en\\\/#website\",\"url\":\"https:\\\/\\\/blackcatseo.ca\\\/en\\\/\",\"name\":\"Agence SEO \u00e0 Montr\u00e9al | R\u00e9f\u00e9rencement Web BlackCat\",\"description\":\"State-of-the-art SEO Agency in Montreal - Trafic Google, AIs &amp; LLMs\",\"publisher\":{\"@id\":\"https:\\\/\\\/blackcatseo.ca\\\/en\\\/#organization\"},\"alternateName\":\"BlackCat SEO Montreal\",\"potentialAction\":[{\"@type\":\"SearchAction\",\"target\":{\"@type\":\"EntryPoint\",\"urlTemplate\":\"https:\\\/\\\/blackcatseo.ca\\\/en\\\/?s={search_term_string}\"},\"query-input\":{\"@type\":\"PropertyValueSpecification\",\"valueRequired\":true,\"valueName\":\"search_term_string\"}}],\"inLanguage\":\"en-CA\"},{\"@type\":\"Organization\",\"@id\":\"https:\\\/\\\/blackcatseo.ca\\\/en\\\/#organization\",\"name\":\"Agence SEO \u00e0 Montr\u00e9al | R\u00e9f\u00e9rencement Web BlackCat\",\"alternateName\":\"Blackcat SEO Montreal\",\"url\":\"https:\\\/\\\/blackcatseo.ca\\\/en\\\/\",\"logo\":{\"@type\":\"ImageObject\",\"inLanguage\":\"en-CA\",\"@id\":\"https:\\\/\\\/blackcatseo.ca\\\/en\\\/#\\\/schema\\\/logo\\\/image\\\/\",\"url\":\"https:\\\/\\\/blackcatseo.ca\\\/wp-content\\\/uploads\\\/Nouveau-logo-site-web-bc.png\",\"contentUrl\":\"https:\\\/\\\/blackcatseo.ca\\\/wp-content\\\/uploads\\\/Nouveau-logo-site-web-bc.png\",\"width\":1245,\"height\":912,\"caption\":\"Agence SEO \u00e0 Montr\u00e9al | R\u00e9f\u00e9rencement Web BlackCat\"},\"image\":{\"@id\":\"https:\\\/\\\/blackcatseo.ca\\\/en\\\/#\\\/schema\\\/logo\\\/image\\\/\"},\"sameAs\":[\"https:\\\/\\\/www.facebook.com\\\/blackcatSE0\",\"https:\\\/\\\/x.com\\\/blackcatSE0\",\"https:\\\/\\\/www.instagram.com\\\/seocat514\\\/?hl=en\",\"https:\\\/\\\/www.linkedin.com\\\/company\\\/r-f-rencement-blackcat-seo\\\/?originalSubdomain=ca\"],\"ownershipFundingInfo\":\"https:\\\/\\\/blackcatseo.ca\\\/team\\\/\",\"ethicsPolicy\":\"https:\\\/\\\/blackcatseo.ca\\\/charte-ethique-blackcat\\\/\"},false]}<\/script>\n<!-- \/ Yoast SEO Premium plugin. -->","yoast_head_json":{"title":"Free SEO analysis - BlackCatSEO Montreal Agency","description":"We offer a free analysis of your website, since transparency and sharing are at the very foundation of the web!","robots":{"index":"index","follow":"follow","max-snippet":"max-snippet:-1","max-image-preview":"max-image-preview:large","max-video-preview":"max-video-preview:-1"},"canonical":"https:\/\/blackcatseo.ca\/en\/free-seo-audit\/","og_locale":"en_US","og_type":"article","og_title":"Free SEO analysis","og_description":"We offer a free analysis of your website, since transparency and sharing are at the very foundation of the web!","og_url":"https:\/\/blackcatseo.ca\/en\/free-seo-audit\/","og_site_name":"BlackCatSEO Montreal Agency","article_publisher":"https:\/\/www.facebook.com\/blackcatSE0","article_modified_time":"2024-02-19T14:30:06+00:00","og_image":[{"url":"https:\/\/blackcatseo.ca\/wp-content\/uploads\/crawler-screaming-frog-1200x727.jpg","type":"","width":"","height":""}],"twitter_card":"summary_large_image","twitter_site":"@blackcatSE0","twitter_misc":{"Est. reading time":"2 minutes"},"schema":{"@context":"https:\/\/schema.org","@graph":[{"@type":["WebPage","ItemPage"],"@id":"https:\/\/blackcatseo.ca\/en\/free-seo-audit\/","url":"https:\/\/blackcatseo.ca\/en\/free-seo-audit\/","name":"Free SEO analysis - BlackCatSEO Montreal Agency","isPartOf":{"@id":"https:\/\/blackcatseo.ca\/en\/#website"},"primaryImageOfPage":{"@id":"https:\/\/blackcatseo.ca\/en\/free-seo-audit\/#primaryimage"},"image":{"@id":"https:\/\/blackcatseo.ca\/en\/free-seo-audit\/#primaryimage"},"thumbnailUrl":"https:\/\/blackcatseo.ca\/wp-content\/uploads\/crawler-screaming-frog-1200x727.jpg","datePublished":"2019-09-26T19:55:41+00:00","dateModified":"2024-02-19T14:30:06+00:00","description":"We offer a free analysis of your website, since transparency and sharing are at the very foundation of the web!","breadcrumb":{"@id":"https:\/\/blackcatseo.ca\/en\/free-seo-audit\/#breadcrumb"},"inLanguage":"en-CA","potentialAction":[{"@type":"ReadAction","target":["https:\/\/blackcatseo.ca\/en\/free-seo-audit\/"]}]},{"@type":"ImageObject","inLanguage":"en-CA","@id":"https:\/\/blackcatseo.ca\/en\/free-seo-audit\/#primaryimage","url":"https:\/\/blackcatseo.ca\/wp-content\/uploads\/crawler-screaming-frog-1200x727.jpg","contentUrl":"https:\/\/blackcatseo.ca\/wp-content\/uploads\/crawler-screaming-frog-1200x727.jpg"},{"@type":"BreadcrumbList","@id":"https:\/\/blackcatseo.ca\/en\/free-seo-audit\/#breadcrumb","itemListElement":[{"@type":"ListItem","position":1,"name":"Accueil","item":"https:\/\/blackcatseo.ca\/en\/"},{"@type":"ListItem","position":2,"name":"Free SEO analysis"}]},{"@type":"WebSite","@id":"https:\/\/blackcatseo.ca\/en\/#website","url":"https:\/\/blackcatseo.ca\/en\/","name":"Agence SEO \u00e0 Montr\u00e9al | R\u00e9f\u00e9rencement Web BlackCat","description":"State-of-the-art SEO Agency in Montreal - Trafic Google, AIs &amp; LLMs","publisher":{"@id":"https:\/\/blackcatseo.ca\/en\/#organization"},"alternateName":"BlackCat SEO Montreal","potentialAction":[{"@type":"SearchAction","target":{"@type":"EntryPoint","urlTemplate":"https:\/\/blackcatseo.ca\/en\/?s={search_term_string}"},"query-input":{"@type":"PropertyValueSpecification","valueRequired":true,"valueName":"search_term_string"}}],"inLanguage":"en-CA"},{"@type":"Organization","@id":"https:\/\/blackcatseo.ca\/en\/#organization","name":"Agence SEO \u00e0 Montr\u00e9al | R\u00e9f\u00e9rencement Web BlackCat","alternateName":"Blackcat SEO Montreal","url":"https:\/\/blackcatseo.ca\/en\/","logo":{"@type":"ImageObject","inLanguage":"en-CA","@id":"https:\/\/blackcatseo.ca\/en\/#\/schema\/logo\/image\/","url":"https:\/\/blackcatseo.ca\/wp-content\/uploads\/Nouveau-logo-site-web-bc.png","contentUrl":"https:\/\/blackcatseo.ca\/wp-content\/uploads\/Nouveau-logo-site-web-bc.png","width":1245,"height":912,"caption":"Agence SEO \u00e0 Montr\u00e9al | R\u00e9f\u00e9rencement Web BlackCat"},"image":{"@id":"https:\/\/blackcatseo.ca\/en\/#\/schema\/logo\/image\/"},"sameAs":["https:\/\/www.facebook.com\/blackcatSE0","https:\/\/x.com\/blackcatSE0","https:\/\/www.instagram.com\/seocat514\/?hl=en","https:\/\/www.linkedin.com\/company\/r-f-rencement-blackcat-seo\/?originalSubdomain=ca"],"ownershipFundingInfo":"https:\/\/blackcatseo.ca\/team\/","ethicsPolicy":"https:\/\/blackcatseo.ca\/charte-ethique-blackcat\/"},false]}},"yasr_visitor_votes":{"stars_attributes":{"read_only":false,"span_bottom":false},"number_of_votes":0,"sum_votes":0},"_links":{"self":[{"href":"https:\/\/blackcatseo.ca\/en\/wp-json\/wp\/v2\/pages\/14483","targetHints":{"allow":["GET"]}}],"collection":[{"href":"https:\/\/blackcatseo.ca\/en\/wp-json\/wp\/v2\/pages"}],"about":[{"href":"https:\/\/blackcatseo.ca\/en\/wp-json\/wp\/v2\/types\/page"}],"author":[{"embeddable":true,"href":"https:\/\/blackcatseo.ca\/en\/wp-json\/wp\/v2\/users\/1"}],"replies":[{"embeddable":true,"href":"https:\/\/blackcatseo.ca\/en\/wp-json\/wp\/v2\/comments?post=14483"}],"version-history":[{"count":4,"href":"https:\/\/blackcatseo.ca\/en\/wp-json\/wp\/v2\/pages\/14483\/revisions"}],"predecessor-version":[{"id":18674,"href":"https:\/\/blackcatseo.ca\/en\/wp-json\/wp\/v2\/pages\/14483\/revisions\/18674"}],"wp:attachment":[{"href":"https:\/\/blackcatseo.ca\/en\/wp-json\/wp\/v2\/media?parent=14483"}],"curies":[{"name":"wp","href":"https:\/\/api.w.org\/{rel}","templated":true}]}}